{"id":10052,"date":"2025-06-12T05:13:20","date_gmt":"2025-06-12T08:13:20","guid":{"rendered":"https:\/\/rms-enlinea.com.ar\/tienda\/producto\/teclado-gamer-aureox-arxp-gk200-endurance-membrana\/"},"modified":"2026-04-21T04:09:53","modified_gmt":"2026-04-21T07:09:53","slug":"teclado-gamer-aureox-arxp-gk200-endurance-membrana","status":"publish","type":"product","link":"https:\/\/rms-enlinea.com.ar\/tienda\/producto\/teclado-gamer-aureox-arxp-gk200-endurance-membrana\/","title":{"rendered":"Teclado Gamer Aureox Arxp-gk200 Endurance Membrana"},"content":{"rendered":"<p>ILUMINACI\u00d3N RGB CON EFECTO RESPIRACI\u00d3N<br \/>ANTI-GHOSTING HASTA EN 19 TECLAS<br \/>PIES DE APOYO REBATIBLES<br \/>CONTROL DE TEMPERATURA<br \/>TECLAS CON FRENTE GRABADO EN L\u00c1SER<br \/>DESACTIVACI\u00d3N DE TECLA WINDOWS<br \/>11 TECLAS PARA FUNCIONES MULTIMEDIA<br \/>TECLAS WASD Y FLECHAS INTERCAMBIABLES<br \/>CUBIERTA SUPERIOR DE METAL DE CALIDAD<\/p>\n","protected":false},"excerpt":{"rendered":"<p>ILUMINACI\u00d3N RGB CON EFECTO RESPIRACI\u00d3NANTI-GHOSTING HASTA EN 19 TECLASPIES DE APOYO REBATIBLESCONTROL DE TEMPERATURATECLAS CON FRENTE GRABADO EN L\u00c1SERDESACTIVACI\u00d3N DE TECLA WINDOWS11 TECLAS PARA FUNCIONES MULTIMEDIATECLAS WASD Y FLECHAS INTERCAMBIABLESCUBIERTA SUPERIOR DE METAL DE CALIDAD<\/p>\n","protected":false},"featured_media":10053,"comment_status":"open","ping_status":"closed","template":"","meta":{"_uag_custom_page_level_css":""},"product_brand":[564],"product_cat":[125],"product_tag":[],"class_list":{"0":"post-10052","1":"product","2":"type-product","3":"status-publish","4":"has-post-thumbnail","6":"product_brand-aureox","7":"product_cat-teclados-y-mouses","9":"first","10":"outofstock","11":"sale","12":"taxable","13":"shipping-taxable","14":"purchasable","15":"product-type-simple"},"uagb_featured_image_src":{"full":["https:\/\/rms-enlinea.com.ar\/wp-content\/uploads\/2025\/06\/D_911644-MLA75994646474_052024-F.jpg",1200,491,false],"thumbnail":["https:\/\/rms-enlinea.com.ar\/wp-content\/uploads\/2025\/06\/D_911644-MLA75994646474_052024-F-150x150.jpg",150,150,true],"medium":["https:\/\/rms-enlinea.com.ar\/wp-content\/uploads\/2025\/06\/D_911644-MLA75994646474_052024-F-300x123.jpg",300,123,true],"medium_large":["https:\/\/rms-enlinea.com.ar\/wp-content\/uploads\/2025\/06\/D_911644-MLA75994646474_052024-F-768x314.jpg",768,314,true],"large":["https:\/\/rms-enlinea.com.ar\/wp-content\/uploads\/2025\/06\/D_911644-MLA75994646474_052024-F-1024x419.jpg",1024,419,true],"1536x1536":["https:\/\/rms-enlinea.com.ar\/wp-content\/uploads\/2025\/06\/D_911644-MLA75994646474_052024-F.jpg",1200,491,false],"2048x2048":["https:\/\/rms-enlinea.com.ar\/wp-content\/uploads\/2025\/06\/D_911644-MLA75994646474_052024-F.jpg",1200,491,false],"woocommerce_thumbnail":["https:\/\/rms-enlinea.com.ar\/wp-content\/uploads\/2025\/06\/D_911644-MLA75994646474_052024-F-450x450.jpg",450,450,true],"woocommerce_single":["https:\/\/rms-enlinea.com.ar\/wp-content\/uploads\/2025\/06\/D_911644-MLA75994646474_052024-F-600x246.jpg",600,246,true],"woocommerce_gallery_thumbnail":["https:\/\/rms-enlinea.com.ar\/wp-content\/uploads\/2025\/06\/D_911644-MLA75994646474_052024-F-100x100.jpg",100,100,true]},"uagb_author_info":{"display_name":"l0071054","author_link":"https:\/\/rms-enlinea.com.ar\/tienda\/author\/"},"uagb_comment_info":0,"uagb_excerpt":"ILUMINACI\u00d3N RGB CON EFECTO RESPIRACI\u00d3NANTI-GHOSTING HASTA EN 19 TECLASPIES DE APOYO REBATIBLESCONTROL DE TEMPERATURATECLAS CON FRENTE GRABADO EN L\u00c1SERDESACTIVACI\u00d3N DE TECLA WINDOWS11 TECLAS PARA FUNCIONES MULTIMEDIATECLAS WASD Y FLECHAS INTERCAMBIABLESCUBIERTA SUPERIOR DE METAL DE CALIDAD","_links":{"self":[{"href":"https:\/\/rms-enlinea.com.ar\/tienda\/wp-json\/wp\/v2\/product\/10052","targetHints":{"allow":["GET"]}}],"collection":[{"href":"https:\/\/rms-enlinea.com.ar\/tienda\/wp-json\/wp\/v2\/product"}],"about":[{"href":"https:\/\/rms-enlinea.com.ar\/tienda\/wp-json\/wp\/v2\/types\/product"}],"replies":[{"embeddable":true,"href":"https:\/\/rms-enlinea.com.ar\/tienda\/wp-json\/wp\/v2\/comments?post=10052"}],"wp:featuredmedia":[{"embeddable":true,"href":"https:\/\/rms-enlinea.com.ar\/tienda\/wp-json\/wp\/v2\/media\/10053"}],"wp:attachment":[{"href":"https:\/\/rms-enlinea.com.ar\/tienda\/wp-json\/wp\/v2\/media?parent=10052"}],"wp:term":[{"taxonomy":"product_brand","embeddable":true,"href":"https:\/\/rms-enlinea.com.ar\/tienda\/wp-json\/wp\/v2\/product_brand?post=10052"},{"taxonomy":"product_cat","embeddable":true,"href":"https:\/\/rms-enlinea.com.ar\/tienda\/wp-json\/wp\/v2\/product_cat?post=10052"},{"taxonomy":"product_tag","embeddable":true,"href":"https:\/\/rms-enlinea.com.ar\/tienda\/wp-json\/wp\/v2\/product_tag?post=10052"}],"curies":[{"name":"wp","href":"https:\/\/api.w.org\/{rel}","templated":true}]}}