{"id":10069,"date":"2025-06-12T05:13:40","date_gmt":"2025-06-12T08:13:40","guid":{"rendered":"https:\/\/rms-enlinea.com.ar\/tienda\/producto\/razer-keycaps-cable-teclados-mecanicos-ingles-us-blanco\/"},"modified":"2026-03-31T19:44:04","modified_gmt":"2026-03-31T22:44:04","slug":"razer-keycaps-cable-teclados-mecanicos-ingles-us-blanco","status":"publish","type":"product","link":"https:\/\/rms-enlinea.com.ar\/tienda\/producto\/razer-keycaps-cable-teclados-mecanicos-ingles-us-blanco\/","title":{"rendered":"Razer Keycaps + Cable Teclados Mec\u00e1nicos Ingles Us Blanco"},"content":{"rendered":"<p>Marca<\/p>\n<p>Razer<br \/>Es ergon\u00f3mica<\/p>\n<p>S\u00ed<br \/>Es gamer<\/p>\n<p>S\u00ed<br \/>Es resistente a salpicaduras<\/p>\n<p>S\u00ed<br \/>Layout<\/p>\n<p>QWERTY<br \/>Arquitectura<\/p>\n<p>Mec\u00e1nico<br \/>Con pantalla<\/p>\n<p>No<br \/>Con recepci\u00f3n inal\u00e1mbrica<\/p>\n<p>No<\/p>\n","protected":false},"excerpt":{"rendered":"<p>Marca RazerEs ergon\u00f3mica S\u00edEs gamer S\u00edEs resistente a salpicaduras S\u00edLayout QWERTYArquitectura Mec\u00e1nicoCon pantalla NoCon recepci\u00f3n inal\u00e1mbrica No<\/p>\n","protected":false},"featured_media":10066,"comment_status":"open","ping_status":"closed","template":"","meta":{"_uag_custom_page_level_css":""},"product_brand":[559],"product_cat":[125],"product_tag":[],"class_list":{"0":"post-10069","1":"product","2":"type-product","3":"status-publish","4":"has-post-thumbnail","6":"product_brand-razer","7":"product_cat-teclados-y-mouses","9":"first","10":"outofstock","11":"sale","12":"taxable","13":"shipping-taxable","14":"purchasable","15":"product-type-simple"},"uagb_featured_image_src":{"full":["https:\/\/rms-enlinea.com.ar\/wp-content\/uploads\/2025\/06\/D_655783-MLA49654760031_042022-F.jpg",985,1200,false],"thumbnail":["https:\/\/rms-enlinea.com.ar\/wp-content\/uploads\/2025\/06\/D_655783-MLA49654760031_042022-F-150x150.jpg",150,150,true],"medium":["https:\/\/rms-enlinea.com.ar\/wp-content\/uploads\/2025\/06\/D_655783-MLA49654760031_042022-F-246x300.jpg",246,300,true],"medium_large":["https:\/\/rms-enlinea.com.ar\/wp-content\/uploads\/2025\/06\/D_655783-MLA49654760031_042022-F-768x936.jpg",768,936,true],"large":["https:\/\/rms-enlinea.com.ar\/wp-content\/uploads\/2025\/06\/D_655783-MLA49654760031_042022-F-841x1024.jpg",841,1024,true],"1536x1536":["https:\/\/rms-enlinea.com.ar\/wp-content\/uploads\/2025\/06\/D_655783-MLA49654760031_042022-F.jpg",985,1200,false],"2048x2048":["https:\/\/rms-enlinea.com.ar\/wp-content\/uploads\/2025\/06\/D_655783-MLA49654760031_042022-F.jpg",985,1200,false],"woocommerce_thumbnail":["https:\/\/rms-enlinea.com.ar\/wp-content\/uploads\/2025\/06\/D_655783-MLA49654760031_042022-F-450x450.jpg",450,450,true],"woocommerce_single":["https:\/\/rms-enlinea.com.ar\/wp-content\/uploads\/2025\/06\/D_655783-MLA49654760031_042022-F-600x731.jpg",600,731,true],"woocommerce_gallery_thumbnail":["https:\/\/rms-enlinea.com.ar\/wp-content\/uploads\/2025\/06\/D_655783-MLA49654760031_042022-F-100x100.jpg",100,100,true]},"uagb_author_info":{"display_name":"l0071054","author_link":"https:\/\/rms-enlinea.com.ar\/tienda\/author\/"},"uagb_comment_info":0,"uagb_excerpt":"Marca RazerEs ergon\u00f3mica S\u00edEs gamer S\u00edEs resistente a salpicaduras S\u00edLayout QWERTYArquitectura Mec\u00e1nicoCon pantalla NoCon recepci\u00f3n inal\u00e1mbrica No","_links":{"self":[{"href":"https:\/\/rms-enlinea.com.ar\/tienda\/wp-json\/wp\/v2\/product\/10069","targetHints":{"allow":["GET"]}}],"collection":[{"href":"https:\/\/rms-enlinea.com.ar\/tienda\/wp-json\/wp\/v2\/product"}],"about":[{"href":"https:\/\/rms-enlinea.com.ar\/tienda\/wp-json\/wp\/v2\/types\/product"}],"replies":[{"embeddable":true,"href":"https:\/\/rms-enlinea.com.ar\/tienda\/wp-json\/wp\/v2\/comments?post=10069"}],"wp:featuredmedia":[{"embeddable":true,"href":"https:\/\/rms-enlinea.com.ar\/tienda\/wp-json\/wp\/v2\/media\/10066"}],"wp:attachment":[{"href":"https:\/\/rms-enlinea.com.ar\/tienda\/wp-json\/wp\/v2\/media?parent=10069"}],"wp:term":[{"taxonomy":"product_brand","embeddable":true,"href":"https:\/\/rms-enlinea.com.ar\/tienda\/wp-json\/wp\/v2\/product_brand?post=10069"},{"taxonomy":"product_cat","embeddable":true,"href":"https:\/\/rms-enlinea.com.ar\/tienda\/wp-json\/wp\/v2\/product_cat?post=10069"},{"taxonomy":"product_tag","embeddable":true,"href":"https:\/\/rms-enlinea.com.ar\/tienda\/wp-json\/wp\/v2\/product_tag?post=10069"}],"curies":[{"name":"wp","href":"https:\/\/api.w.org\/{rel}","templated":true}]}}