{"id":10081,"date":"2025-06-12T05:13:56","date_gmt":"2025-06-12T08:13:56","guid":{"rendered":"https:\/\/rms-enlinea.com.ar\/tienda\/producto\/repuesto-vincha-para-microfono-armazon-mipro-mu-2fl\/"},"modified":"2026-04-06T11:27:39","modified_gmt":"2026-04-06T14:27:39","slug":"repuesto-vincha-para-microfono-armazon-mipro-mu-2fl","status":"publish","type":"product","link":"https:\/\/rms-enlinea.com.ar\/tienda\/producto\/repuesto-vincha-para-microfono-armazon-mipro-mu-2fl\/","title":{"rendered":"Repuesto Vincha Para Microfono Armazon Mipro Mu-2fl"},"content":{"rendered":"<p>Repuesto para vincha<br \/>Compatible con: MU-2FL y MU-210<br \/>Armaz\u00f3n<br \/>Repuesto para micr\u00f3fono tipo vincha, color beige, talle large, dise\u00f1adados especialmente para ser compatibles con los siguientes micr\u00f3fonos: Mu-2FL y MU-210<\/p>\n","protected":false},"excerpt":{"rendered":"<p>Repuesto para vinchaCompatible con: MU-2FL y MU-210Armaz\u00f3nRepuesto para micr\u00f3fono tipo vincha, color beige, talle large, dise\u00f1adados especialmente para ser compatibles con los siguientes micr\u00f3fonos: Mu-2FL y MU-210<\/p>\n","protected":false},"featured_media":10082,"comment_status":"open","ping_status":"closed","template":"","meta":{"_uag_custom_page_level_css":""},"product_brand":[],"product_cat":[75],"product_tag":[],"class_list":{"0":"post-10081","1":"product","2":"type-product","3":"status-publish","4":"has-post-thumbnail","6":"product_cat-microfonos","8":"first","9":"outofstock","10":"sale","11":"taxable","12":"shipping-taxable","13":"purchasable","14":"product-type-simple"},"uagb_featured_image_src":{"full":["https:\/\/rms-enlinea.com.ar\/wp-content\/uploads\/2025\/06\/D_789688-MLA76118046621_042024-F.jpg",1058,491,false],"thumbnail":["https:\/\/rms-enlinea.com.ar\/wp-content\/uploads\/2025\/06\/D_789688-MLA76118046621_042024-F-150x150.jpg",150,150,true],"medium":["https:\/\/rms-enlinea.com.ar\/wp-content\/uploads\/2025\/06\/D_789688-MLA76118046621_042024-F-300x139.jpg",300,139,true],"medium_large":["https:\/\/rms-enlinea.com.ar\/wp-content\/uploads\/2025\/06\/D_789688-MLA76118046621_042024-F-768x356.jpg",768,356,true],"large":["https:\/\/rms-enlinea.com.ar\/wp-content\/uploads\/2025\/06\/D_789688-MLA76118046621_042024-F-1024x475.jpg",1024,475,true],"1536x1536":["https:\/\/rms-enlinea.com.ar\/wp-content\/uploads\/2025\/06\/D_789688-MLA76118046621_042024-F.jpg",1058,491,false],"2048x2048":["https:\/\/rms-enlinea.com.ar\/wp-content\/uploads\/2025\/06\/D_789688-MLA76118046621_042024-F.jpg",1058,491,false],"woocommerce_thumbnail":["https:\/\/rms-enlinea.com.ar\/wp-content\/uploads\/2025\/06\/D_789688-MLA76118046621_042024-F-450x450.jpg",450,450,true],"woocommerce_single":["https:\/\/rms-enlinea.com.ar\/wp-content\/uploads\/2025\/06\/D_789688-MLA76118046621_042024-F-600x278.jpg",600,278,true],"woocommerce_gallery_thumbnail":["https:\/\/rms-enlinea.com.ar\/wp-content\/uploads\/2025\/06\/D_789688-MLA76118046621_042024-F-100x100.jpg",100,100,true]},"uagb_author_info":{"display_name":"l0071054","author_link":"https:\/\/rms-enlinea.com.ar\/tienda\/author\/"},"uagb_comment_info":0,"uagb_excerpt":"Repuesto para vinchaCompatible con: MU-2FL y MU-210Armaz\u00f3nRepuesto para micr\u00f3fono tipo vincha, color beige, talle large, dise\u00f1adados especialmente para ser compatibles con los siguientes micr\u00f3fonos: Mu-2FL y MU-210","_links":{"self":[{"href":"https:\/\/rms-enlinea.com.ar\/tienda\/wp-json\/wp\/v2\/product\/10081","targetHints":{"allow":["GET"]}}],"collection":[{"href":"https:\/\/rms-enlinea.com.ar\/tienda\/wp-json\/wp\/v2\/product"}],"about":[{"href":"https:\/\/rms-enlinea.com.ar\/tienda\/wp-json\/wp\/v2\/types\/product"}],"replies":[{"embeddable":true,"href":"https:\/\/rms-enlinea.com.ar\/tienda\/wp-json\/wp\/v2\/comments?post=10081"}],"wp:featuredmedia":[{"embeddable":true,"href":"https:\/\/rms-enlinea.com.ar\/tienda\/wp-json\/wp\/v2\/media\/10082"}],"wp:attachment":[{"href":"https:\/\/rms-enlinea.com.ar\/tienda\/wp-json\/wp\/v2\/media?parent=10081"}],"wp:term":[{"taxonomy":"product_brand","embeddable":true,"href":"https:\/\/rms-enlinea.com.ar\/tienda\/wp-json\/wp\/v2\/product_brand?post=10081"},{"taxonomy":"product_cat","embeddable":true,"href":"https:\/\/rms-enlinea.com.ar\/tienda\/wp-json\/wp\/v2\/product_cat?post=10081"},{"taxonomy":"product_tag","embeddable":true,"href":"https:\/\/rms-enlinea.com.ar\/tienda\/wp-json\/wp\/v2\/product_tag?post=10081"}],"curies":[{"name":"wp","href":"https:\/\/api.w.org\/{rel}","templated":true}]}}