{"id":10084,"date":"2025-06-12T05:14:00","date_gmt":"2025-06-12T08:14:00","guid":{"rendered":"https:\/\/rms-enlinea.com.ar\/tienda\/producto\/microfono-vincha-electrecondenser-omnidireccion-mipro-mu-210\/"},"modified":"2026-04-06T11:49:59","modified_gmt":"2026-04-06T14:49:59","slug":"microfono-vincha-electrecondenser-omnidireccion-mipro-mu-210","status":"publish","type":"product","link":"https:\/\/rms-enlinea.com.ar\/tienda\/producto\/microfono-vincha-electrecondenser-omnidireccion-mipro-mu-210\/","title":{"rendered":"Microfono Vincha Electrecondenser Omnidireccion Mipro Mu-210"},"content":{"rendered":"<p>MU-210 cuenta con un dise\u00f1o compacto de sujeci\u00f3n para o\u00eddo los disponibles en tres tama\u00f1os para un ajuste seguro, c\u00f3modo e ideal.<br \/>El boom del micr\u00f3fono se puede usar a la izquierda o a la derecha. Su sistema sellado es resistente a la humedad y transpiraci\u00f3n. MU-210 incorpora un brazo delgado flexible con \u00e1ngulo de giro de 120\u00b0. Incluye soporte giratorio para ajustar la posici\u00f3n del micr\u00f3fono.<\/p>\n","protected":false},"excerpt":{"rendered":"<p>MU-210 cuenta con un dise\u00f1o compacto de sujeci\u00f3n para o\u00eddo los disponibles en tres tama\u00f1os para un ajuste seguro, c\u00f3modo e ideal.El boom del micr\u00f3fono se puede usar a la izquierda o a la derecha. Su sistema sellado es resistente a la humedad y transpiraci\u00f3n. MU-210 incorpora un brazo delgado flexible con \u00e1ngulo de giro [&hellip;]<\/p>\n","protected":false},"featured_media":10082,"comment_status":"open","ping_status":"closed","template":"","meta":{"_uag_custom_page_level_css":""},"product_brand":[],"product_cat":[75],"product_tag":[],"class_list":{"0":"post-10084","1":"product","2":"type-product","3":"status-publish","4":"has-post-thumbnail","6":"product_cat-microfonos","8":"first","9":"instock","10":"sale","11":"taxable","12":"shipping-taxable","13":"purchasable","14":"product-type-simple"},"uagb_featured_image_src":{"full":["https:\/\/rms-enlinea.com.ar\/wp-content\/uploads\/2025\/06\/D_789688-MLA76118046621_042024-F.jpg",1058,491,false],"thumbnail":["https:\/\/rms-enlinea.com.ar\/wp-content\/uploads\/2025\/06\/D_789688-MLA76118046621_042024-F-150x150.jpg",150,150,true],"medium":["https:\/\/rms-enlinea.com.ar\/wp-content\/uploads\/2025\/06\/D_789688-MLA76118046621_042024-F-300x139.jpg",300,139,true],"medium_large":["https:\/\/rms-enlinea.com.ar\/wp-content\/uploads\/2025\/06\/D_789688-MLA76118046621_042024-F-768x356.jpg",768,356,true],"large":["https:\/\/rms-enlinea.com.ar\/wp-content\/uploads\/2025\/06\/D_789688-MLA76118046621_042024-F-1024x475.jpg",1024,475,true],"1536x1536":["https:\/\/rms-enlinea.com.ar\/wp-content\/uploads\/2025\/06\/D_789688-MLA76118046621_042024-F.jpg",1058,491,false],"2048x2048":["https:\/\/rms-enlinea.com.ar\/wp-content\/uploads\/2025\/06\/D_789688-MLA76118046621_042024-F.jpg",1058,491,false],"woocommerce_thumbnail":["https:\/\/rms-enlinea.com.ar\/wp-content\/uploads\/2025\/06\/D_789688-MLA76118046621_042024-F-450x450.jpg",450,450,true],"woocommerce_single":["https:\/\/rms-enlinea.com.ar\/wp-content\/uploads\/2025\/06\/D_789688-MLA76118046621_042024-F-600x278.jpg",600,278,true],"woocommerce_gallery_thumbnail":["https:\/\/rms-enlinea.com.ar\/wp-content\/uploads\/2025\/06\/D_789688-MLA76118046621_042024-F-100x100.jpg",100,100,true]},"uagb_author_info":{"display_name":"l0071054","author_link":"https:\/\/rms-enlinea.com.ar\/tienda\/author\/"},"uagb_comment_info":0,"uagb_excerpt":"MU-210 cuenta con un dise\u00f1o compacto de sujeci\u00f3n para o\u00eddo los disponibles en tres tama\u00f1os para un ajuste seguro, c\u00f3modo e ideal.El boom del micr\u00f3fono se puede usar a la izquierda o a la derecha. Su sistema sellado es resistente a la humedad y transpiraci\u00f3n. MU-210 incorpora un brazo delgado flexible con \u00e1ngulo de giro&hellip;","_links":{"self":[{"href":"https:\/\/rms-enlinea.com.ar\/tienda\/wp-json\/wp\/v2\/product\/10084","targetHints":{"allow":["GET"]}}],"collection":[{"href":"https:\/\/rms-enlinea.com.ar\/tienda\/wp-json\/wp\/v2\/product"}],"about":[{"href":"https:\/\/rms-enlinea.com.ar\/tienda\/wp-json\/wp\/v2\/types\/product"}],"replies":[{"embeddable":true,"href":"https:\/\/rms-enlinea.com.ar\/tienda\/wp-json\/wp\/v2\/comments?post=10084"}],"wp:featuredmedia":[{"embeddable":true,"href":"https:\/\/rms-enlinea.com.ar\/tienda\/wp-json\/wp\/v2\/media\/10082"}],"wp:attachment":[{"href":"https:\/\/rms-enlinea.com.ar\/tienda\/wp-json\/wp\/v2\/media?parent=10084"}],"wp:term":[{"taxonomy":"product_brand","embeddable":true,"href":"https:\/\/rms-enlinea.com.ar\/tienda\/wp-json\/wp\/v2\/product_brand?post=10084"},{"taxonomy":"product_cat","embeddable":true,"href":"https:\/\/rms-enlinea.com.ar\/tienda\/wp-json\/wp\/v2\/product_cat?post=10084"},{"taxonomy":"product_tag","embeddable":true,"href":"https:\/\/rms-enlinea.com.ar\/tienda\/wp-json\/wp\/v2\/product_tag?post=10084"}],"curies":[{"name":"wp","href":"https:\/\/api.w.org\/{rel}","templated":true}]}}