{"id":10135,"date":"2025-06-12T05:15:06","date_gmt":"2025-06-12T08:15:06","guid":{"rendered":"https:\/\/rms-enlinea.com.ar\/tienda\/producto\/mouse-inalambrico-genius-nx-9000bt-gold-bluetooth-5-0\/"},"modified":"2026-04-20T17:10:16","modified_gmt":"2026-04-20T20:10:16","slug":"mouse-inalambrico-genius-nx-9000bt-gold-bluetooth-5-0","status":"publish","type":"product","link":"https:\/\/rms-enlinea.com.ar\/tienda\/producto\/mouse-inalambrico-genius-nx-9000bt-gold-bluetooth-5-0\/","title":{"rendered":"Mouse Inal\u00e1mbrico Genius Nx-9000bt Gold Bluetooth 5.0"},"content":{"rendered":"<p>Color principal<\/p>\n<p>Gold<br \/>Es gamer<\/p>\n<p>No<br \/>Modelo alfanum\u00e9rico<\/p>\n<p>Nx-9000<br \/>Marca<\/p>\n<p>Genius<br \/>Tipo de mouse<\/p>\n<p>Convencional<br \/>Conexi\u00f3n<\/p>\n<p>Inal\u00e1mbrico<br \/>Incluye mousepad<\/p>\n<p>No<br \/>Interfaz<\/p>\n<p>USB<br \/>Es recargable<\/p>\n<p>S\u00ed<br \/>Es inal\u00e1mbrico USB<\/p>\n<p>S\u00ed<br \/>L\u00ednea<\/p>\n<p>Nx-9000<br \/>Alcance m\u00e1ximo<\/p>\n<p>10 m<br \/>Modelo<\/p>\n<p>Nx-9000<br \/>Cantidad de botones<\/p>\n<p>2<br \/>Resoluci\u00f3n del sensor<\/p>\n<p>1200 dpi<br \/>Tecnolog\u00eda del sensor<\/p>\n<p>BlueEye<br \/>Tipo de sensor<\/p>\n<p>\u00d3ptico<br \/>Con Bluetooth<\/p>\n<p>No<br \/>Con cable retr\u00e1ctil<\/p>\n<p>No<br \/>Con rueda de desplazamiento<\/p>\n<p>S\u00ed<br \/>Con cable<\/p>\n<p>No<br \/>Es gamer<\/p>\n<p>No<br \/>Marca<\/p>\n<p>Genius<br \/>Tipo de mouse<\/p>\n<p>Convencional<br \/>Incluye mousepad<\/p>\n<p>No<br \/>Interfaz<\/p>\n<p>USB<br \/>Es recargable<\/p>\n<p>S\u00ed<br \/>Es inal\u00e1mbrico USB<\/p>\n<p>S\u00ed<br \/>Alcance m\u00e1ximo<\/p>\n<p>10 m<br \/>Modelo<\/p>\n<p>Nx-9000<br \/>Cantidad de botones<\/p>\n<p>2<br \/>Resoluci\u00f3n del sensor<\/p>\n<p>1200 dpi<br \/>Tecnolog\u00eda del sensor<\/p>\n<p>BlueEye<br \/>Tipo de sensor<\/p>\n<p>L\u00e1ser<br \/>Con Bluetooth<\/p>\n<p>No<br \/>Con cable retr\u00e1ctil<\/p>\n<p>No<br \/>Con rueda de desplazamiento<\/p>\n<p>S\u00ed<br \/>Con cable<\/p>\n<p>No<br \/>Color principal<\/p>\n<p>Dorado<br \/>Con Bluetooth:<\/p>\n<p>Si<\/p>\n","protected":false},"excerpt":{"rendered":"<p>Color principal GoldEs gamer NoModelo alfanum\u00e9rico Nx-9000Marca GeniusTipo de mouse ConvencionalConexi\u00f3n Inal\u00e1mbricoIncluye mousepad NoInterfaz USBEs recargable S\u00edEs inal\u00e1mbrico USB S\u00edL\u00ednea Nx-9000Alcance m\u00e1ximo 10 mModelo Nx-9000Cantidad de botones 2Resoluci\u00f3n del sensor 1200 dpiTecnolog\u00eda del sensor BlueEyeTipo de sensor \u00d3pticoCon Bluetooth NoCon cable retr\u00e1ctil NoCon rueda de desplazamiento S\u00edCon cable NoEs gamer NoMarca GeniusTipo de mouse ConvencionalIncluye [&hellip;]<\/p>\n","protected":false},"featured_media":10136,"comment_status":"open","ping_status":"closed","template":"","meta":{"_uag_custom_page_level_css":""},"product_brand":[550],"product_cat":[125],"product_tag":[],"class_list":{"0":"post-10135","1":"product","2":"type-product","3":"status-publish","4":"has-post-thumbnail","6":"product_brand-genius","7":"product_cat-teclados-y-mouses","9":"first","10":"outofstock","11":"sale","12":"taxable","13":"shipping-taxable","14":"purchasable","15":"product-type-simple"},"uagb_featured_image_src":{"full":["https:\/\/rms-enlinea.com.ar\/wp-content\/uploads\/2025\/06\/D_806010-MLA76208600854_052024-F.jpg",872,902,false],"thumbnail":["https:\/\/rms-enlinea.com.ar\/wp-content\/uploads\/2025\/06\/D_806010-MLA76208600854_052024-F-150x150.jpg",150,150,true],"medium":["https:\/\/rms-enlinea.com.ar\/wp-content\/uploads\/2025\/06\/D_806010-MLA76208600854_052024-F-290x300.jpg",290,300,true],"medium_large":["https:\/\/rms-enlinea.com.ar\/wp-content\/uploads\/2025\/06\/D_806010-MLA76208600854_052024-F-768x794.jpg",768,794,true],"large":["https:\/\/rms-enlinea.com.ar\/wp-content\/uploads\/2025\/06\/D_806010-MLA76208600854_052024-F.jpg",872,902,false],"1536x1536":["https:\/\/rms-enlinea.com.ar\/wp-content\/uploads\/2025\/06\/D_806010-MLA76208600854_052024-F.jpg",872,902,false],"2048x2048":["https:\/\/rms-enlinea.com.ar\/wp-content\/uploads\/2025\/06\/D_806010-MLA76208600854_052024-F.jpg",872,902,false],"woocommerce_thumbnail":["https:\/\/rms-enlinea.com.ar\/wp-content\/uploads\/2025\/06\/D_806010-MLA76208600854_052024-F-450x450.jpg",450,450,true],"woocommerce_single":["https:\/\/rms-enlinea.com.ar\/wp-content\/uploads\/2025\/06\/D_806010-MLA76208600854_052024-F-600x621.jpg",600,621,true],"woocommerce_gallery_thumbnail":["https:\/\/rms-enlinea.com.ar\/wp-content\/uploads\/2025\/06\/D_806010-MLA76208600854_052024-F-100x100.jpg",100,100,true]},"uagb_author_info":{"display_name":"l0071054","author_link":"https:\/\/rms-enlinea.com.ar\/tienda\/author\/"},"uagb_comment_info":0,"uagb_excerpt":"Color principal GoldEs gamer NoModelo alfanum\u00e9rico Nx-9000Marca GeniusTipo de mouse ConvencionalConexi\u00f3n Inal\u00e1mbricoIncluye mousepad NoInterfaz USBEs recargable S\u00edEs inal\u00e1mbrico USB S\u00edL\u00ednea Nx-9000Alcance m\u00e1ximo 10 mModelo Nx-9000Cantidad de botones 2Resoluci\u00f3n del sensor 1200 dpiTecnolog\u00eda del sensor BlueEyeTipo de sensor \u00d3pticoCon Bluetooth NoCon cable retr\u00e1ctil NoCon rueda de desplazamiento S\u00edCon cable NoEs gamer NoMarca GeniusTipo de mouse ConvencionalIncluye&hellip;","_links":{"self":[{"href":"https:\/\/rms-enlinea.com.ar\/tienda\/wp-json\/wp\/v2\/product\/10135","targetHints":{"allow":["GET"]}}],"collection":[{"href":"https:\/\/rms-enlinea.com.ar\/tienda\/wp-json\/wp\/v2\/product"}],"about":[{"href":"https:\/\/rms-enlinea.com.ar\/tienda\/wp-json\/wp\/v2\/types\/product"}],"replies":[{"embeddable":true,"href":"https:\/\/rms-enlinea.com.ar\/tienda\/wp-json\/wp\/v2\/comments?post=10135"}],"wp:featuredmedia":[{"embeddable":true,"href":"https:\/\/rms-enlinea.com.ar\/tienda\/wp-json\/wp\/v2\/media\/10136"}],"wp:attachment":[{"href":"https:\/\/rms-enlinea.com.ar\/tienda\/wp-json\/wp\/v2\/media?parent=10135"}],"wp:term":[{"taxonomy":"product_brand","embeddable":true,"href":"https:\/\/rms-enlinea.com.ar\/tienda\/wp-json\/wp\/v2\/product_brand?post=10135"},{"taxonomy":"product_cat","embeddable":true,"href":"https:\/\/rms-enlinea.com.ar\/tienda\/wp-json\/wp\/v2\/product_cat?post=10135"},{"taxonomy":"product_tag","embeddable":true,"href":"https:\/\/rms-enlinea.com.ar\/tienda\/wp-json\/wp\/v2\/product_tag?post=10135"}],"curies":[{"name":"wp","href":"https:\/\/api.w.org\/{rel}","templated":true}]}}