{"id":10187,"date":"2025-06-12T05:15:45","date_gmt":"2025-06-12T08:15:45","guid":{"rendered":"https:\/\/rms-enlinea.com.ar\/tienda\/producto\/mouse-gamer-gx-gaming-genius-scorpion-m8-610-blanco\/"},"modified":"2026-04-08T02:50:25","modified_gmt":"2026-04-08T05:50:25","slug":"mouse-gamer-gx-gaming-genius-scorpion-m8-610-blanco","status":"publish","type":"product","link":"https:\/\/rms-enlinea.com.ar\/tienda\/producto\/mouse-gamer-gx-gaming-genius-scorpion-m8-610-blanco\/","title":{"rendered":"Mouse Gamer Gx Gaming Genius Scorpion M8-610 Blanco"},"content":{"rendered":"<p>Es gamer<\/p>\n<p>S\u00ed<br \/>Modelo alfanum\u00e9rico<\/p>\n<p>M8-610<br \/>Marca<\/p>\n<p>Genius<br \/>Tipo de mouse<\/p>\n<p>De juego<br \/>Conexi\u00f3n<\/p>\n<p>Con Cable<br \/>Interfaces<\/p>\n<p>USB<br \/>Es recargable<\/p>\n<p>No<br \/>Es inal\u00e1mbrico USB<\/p>\n<p>No<br \/>L\u00ednea<\/p>\n<p>Scorpion<br \/>Modelo<\/p>\n<p>M8-610<br \/>Cantidad de botones<\/p>\n<p>6<br \/>Resoluci\u00f3n del sensor<\/p>\n<p>8200 dpi<br \/>Tipo de sensor<\/p>\n<p>L\u00e1ser<br \/>Con Bluetooth<\/p>\n<p>No<br \/>Con luces<\/p>\n<p>S\u00ed<br \/>Con cable retr\u00e1ctil<\/p>\n<p>No<br \/>Con rueda de desplazamiento<\/p>\n<p>S\u00ed<br \/>Con cable<\/p>\n<p>S\u00ed<\/p>\n","protected":false},"excerpt":{"rendered":"<p>Es gamer S\u00edModelo alfanum\u00e9rico M8-610Marca GeniusTipo de mouse De juegoConexi\u00f3n Con CableInterfaces USBEs recargable NoEs inal\u00e1mbrico USB NoL\u00ednea ScorpionModelo M8-610Cantidad de botones 6Resoluci\u00f3n del sensor 8200 dpiTipo de sensor L\u00e1serCon Bluetooth NoCon luces S\u00edCon cable retr\u00e1ctil NoCon rueda de desplazamiento S\u00edCon cable S\u00ed<\/p>\n","protected":false},"featured_media":10188,"comment_status":"open","ping_status":"closed","template":"","meta":{"_uag_custom_page_level_css":""},"product_brand":[550],"product_cat":[125],"product_tag":[],"class_list":{"0":"post-10187","1":"product","2":"type-product","3":"status-publish","4":"has-post-thumbnail","6":"product_brand-genius","7":"product_cat-teclados-y-mouses","9":"first","10":"outofstock","11":"sale","12":"taxable","13":"shipping-taxable","14":"purchasable","15":"product-type-simple"},"uagb_featured_image_src":{"full":["https:\/\/rms-enlinea.com.ar\/wp-content\/uploads\/2025\/06\/D_603178-MLA76393524771_052024-F.jpg",1200,887,false],"thumbnail":["https:\/\/rms-enlinea.com.ar\/wp-content\/uploads\/2025\/06\/D_603178-MLA76393524771_052024-F-150x150.jpg",150,150,true],"medium":["https:\/\/rms-enlinea.com.ar\/wp-content\/uploads\/2025\/06\/D_603178-MLA76393524771_052024-F-300x222.jpg",300,222,true],"medium_large":["https:\/\/rms-enlinea.com.ar\/wp-content\/uploads\/2025\/06\/D_603178-MLA76393524771_052024-F-768x568.jpg",768,568,true],"large":["https:\/\/rms-enlinea.com.ar\/wp-content\/uploads\/2025\/06\/D_603178-MLA76393524771_052024-F-1024x757.jpg",1024,757,true],"1536x1536":["https:\/\/rms-enlinea.com.ar\/wp-content\/uploads\/2025\/06\/D_603178-MLA76393524771_052024-F.jpg",1200,887,false],"2048x2048":["https:\/\/rms-enlinea.com.ar\/wp-content\/uploads\/2025\/06\/D_603178-MLA76393524771_052024-F.jpg",1200,887,false],"woocommerce_thumbnail":["https:\/\/rms-enlinea.com.ar\/wp-content\/uploads\/2025\/06\/D_603178-MLA76393524771_052024-F-450x450.jpg",450,450,true],"woocommerce_single":["https:\/\/rms-enlinea.com.ar\/wp-content\/uploads\/2025\/06\/D_603178-MLA76393524771_052024-F-600x444.jpg",600,444,true],"woocommerce_gallery_thumbnail":["https:\/\/rms-enlinea.com.ar\/wp-content\/uploads\/2025\/06\/D_603178-MLA76393524771_052024-F-100x100.jpg",100,100,true]},"uagb_author_info":{"display_name":"l0071054","author_link":"https:\/\/rms-enlinea.com.ar\/tienda\/author\/"},"uagb_comment_info":0,"uagb_excerpt":"Es gamer S\u00edModelo alfanum\u00e9rico M8-610Marca GeniusTipo de mouse De juegoConexi\u00f3n Con CableInterfaces USBEs recargable NoEs inal\u00e1mbrico USB NoL\u00ednea ScorpionModelo M8-610Cantidad de botones 6Resoluci\u00f3n del sensor 8200 dpiTipo de sensor L\u00e1serCon Bluetooth NoCon luces S\u00edCon cable retr\u00e1ctil NoCon rueda de desplazamiento S\u00edCon cable S\u00ed","_links":{"self":[{"href":"https:\/\/rms-enlinea.com.ar\/tienda\/wp-json\/wp\/v2\/product\/10187","targetHints":{"allow":["GET"]}}],"collection":[{"href":"https:\/\/rms-enlinea.com.ar\/tienda\/wp-json\/wp\/v2\/product"}],"about":[{"href":"https:\/\/rms-enlinea.com.ar\/tienda\/wp-json\/wp\/v2\/types\/product"}],"replies":[{"embeddable":true,"href":"https:\/\/rms-enlinea.com.ar\/tienda\/wp-json\/wp\/v2\/comments?post=10187"}],"wp:featuredmedia":[{"embeddable":true,"href":"https:\/\/rms-enlinea.com.ar\/tienda\/wp-json\/wp\/v2\/media\/10188"}],"wp:attachment":[{"href":"https:\/\/rms-enlinea.com.ar\/tienda\/wp-json\/wp\/v2\/media?parent=10187"}],"wp:term":[{"taxonomy":"product_brand","embeddable":true,"href":"https:\/\/rms-enlinea.com.ar\/tienda\/wp-json\/wp\/v2\/product_brand?post=10187"},{"taxonomy":"product_cat","embeddable":true,"href":"https:\/\/rms-enlinea.com.ar\/tienda\/wp-json\/wp\/v2\/product_cat?post=10187"},{"taxonomy":"product_tag","embeddable":true,"href":"https:\/\/rms-enlinea.com.ar\/tienda\/wp-json\/wp\/v2\/product_tag?post=10187"}],"curies":[{"name":"wp","href":"https:\/\/api.w.org\/{rel}","templated":true}]}}