{"id":10198,"date":"2025-06-12T05:16:07","date_gmt":"2025-06-12T08:16:07","guid":{"rendered":"https:\/\/rms-enlinea.com.ar\/tienda\/producto\/mouse-inalambrico-trust-redex-gxt980-10000dpi-6-botones\/"},"modified":"2026-04-21T06:44:22","modified_gmt":"2026-04-21T09:44:22","slug":"mouse-inalambrico-trust-redex-gxt980-10000dpi-6-botones","status":"publish","type":"product","link":"https:\/\/rms-enlinea.com.ar\/tienda\/producto\/mouse-inalambrico-trust-redex-gxt980-10000dpi-6-botones\/","title":{"rendered":"Mouse Inalambrico Trust Redex Gxt980 10000dpi 6 Botones"},"content":{"rendered":"<p>Es gamer<\/p>\n<p>S\u00ed<br \/>Es recargable<\/p>\n<p>S\u00ed<br \/>Es inal\u00e1mbrico<\/p>\n<p>S\u00ed<br \/>C\u00f3digo universal de producto<\/p>\n<p>8713439244809<br \/>Con Bluetooth<\/p>\n<p>No<br \/>Con cable<\/p>\n<p>No<br \/>Marca<\/p>\n<p>Trust<br \/>Cantidad de botones<\/p>\n<p>6<br \/>Tipo de mouse<\/p>\n<p>De juego<br \/>Tipo de sensor<\/p>\n<p>\u00d3ptico<br \/>Condici\u00f3n del \u00edtem<\/p>\n<p>Nuevo<br \/>L\u00ednea<\/p>\n<p>Gamer<br \/>Modelo<\/p>\n<p>Redex<br \/>Resoluci\u00f3n del sensor<\/p>\n<p>10000 dpi<br \/>Tecnolog\u00eda del sensor<\/p>\n<p>\u00d3ptico<\/p>\n","protected":false},"excerpt":{"rendered":"<p>Es gamer S\u00edEs recargable S\u00edEs inal\u00e1mbrico S\u00edC\u00f3digo universal de producto 8713439244809Con Bluetooth NoCon cable NoMarca TrustCantidad de botones 6Tipo de mouse De juegoTipo de sensor \u00d3pticoCondici\u00f3n del \u00edtem NuevoL\u00ednea GamerModelo RedexResoluci\u00f3n del sensor 10000 dpiTecnolog\u00eda del sensor \u00d3ptico<\/p>\n","protected":false},"featured_media":10193,"comment_status":"open","ping_status":"closed","template":"","meta":{"_uag_custom_page_level_css":""},"product_brand":[542],"product_cat":[125],"product_tag":[],"class_list":{"0":"post-10198","1":"product","2":"type-product","3":"status-publish","4":"has-post-thumbnail","6":"product_brand-trustgaming","7":"product_cat-teclados-y-mouses","9":"first","10":"outofstock","11":"sale","12":"taxable","13":"shipping-taxable","14":"purchasable","15":"product-type-simple"},"uagb_featured_image_src":{"full":["https:\/\/rms-enlinea.com.ar\/wp-content\/uploads\/2025\/06\/D_947958-MLU70976177771_082023-F.jpg",265,500,false],"thumbnail":["https:\/\/rms-enlinea.com.ar\/wp-content\/uploads\/2025\/06\/D_947958-MLU70976177771_082023-F-150x150.jpg",150,150,true],"medium":["https:\/\/rms-enlinea.com.ar\/wp-content\/uploads\/2025\/06\/D_947958-MLU70976177771_082023-F-159x300.jpg",159,300,true],"medium_large":["https:\/\/rms-enlinea.com.ar\/wp-content\/uploads\/2025\/06\/D_947958-MLU70976177771_082023-F.jpg",265,500,false],"large":["https:\/\/rms-enlinea.com.ar\/wp-content\/uploads\/2025\/06\/D_947958-MLU70976177771_082023-F.jpg",265,500,false],"1536x1536":["https:\/\/rms-enlinea.com.ar\/wp-content\/uploads\/2025\/06\/D_947958-MLU70976177771_082023-F.jpg",265,500,false],"2048x2048":["https:\/\/rms-enlinea.com.ar\/wp-content\/uploads\/2025\/06\/D_947958-MLU70976177771_082023-F.jpg",265,500,false],"woocommerce_thumbnail":["https:\/\/rms-enlinea.com.ar\/wp-content\/uploads\/2025\/06\/D_947958-MLU70976177771_082023-F-265x450.jpg",265,450,true],"woocommerce_single":["https:\/\/rms-enlinea.com.ar\/wp-content\/uploads\/2025\/06\/D_947958-MLU70976177771_082023-F.jpg",265,500,false],"woocommerce_gallery_thumbnail":["https:\/\/rms-enlinea.com.ar\/wp-content\/uploads\/2025\/06\/D_947958-MLU70976177771_082023-F-100x100.jpg",100,100,true]},"uagb_author_info":{"display_name":"l0071054","author_link":"https:\/\/rms-enlinea.com.ar\/tienda\/author\/"},"uagb_comment_info":0,"uagb_excerpt":"Es gamer S\u00edEs recargable S\u00edEs inal\u00e1mbrico S\u00edC\u00f3digo universal de producto 8713439244809Con Bluetooth NoCon cable NoMarca TrustCantidad de botones 6Tipo de mouse De juegoTipo de sensor \u00d3pticoCondici\u00f3n del \u00edtem NuevoL\u00ednea GamerModelo RedexResoluci\u00f3n del sensor 10000 dpiTecnolog\u00eda del sensor \u00d3ptico","_links":{"self":[{"href":"https:\/\/rms-enlinea.com.ar\/tienda\/wp-json\/wp\/v2\/product\/10198","targetHints":{"allow":["GET"]}}],"collection":[{"href":"https:\/\/rms-enlinea.com.ar\/tienda\/wp-json\/wp\/v2\/product"}],"about":[{"href":"https:\/\/rms-enlinea.com.ar\/tienda\/wp-json\/wp\/v2\/types\/product"}],"replies":[{"embeddable":true,"href":"https:\/\/rms-enlinea.com.ar\/tienda\/wp-json\/wp\/v2\/comments?post=10198"}],"wp:featuredmedia":[{"embeddable":true,"href":"https:\/\/rms-enlinea.com.ar\/tienda\/wp-json\/wp\/v2\/media\/10193"}],"wp:attachment":[{"href":"https:\/\/rms-enlinea.com.ar\/tienda\/wp-json\/wp\/v2\/media?parent=10198"}],"wp:term":[{"taxonomy":"product_brand","embeddable":true,"href":"https:\/\/rms-enlinea.com.ar\/tienda\/wp-json\/wp\/v2\/product_brand?post=10198"},{"taxonomy":"product_cat","embeddable":true,"href":"https:\/\/rms-enlinea.com.ar\/tienda\/wp-json\/wp\/v2\/product_cat?post=10198"},{"taxonomy":"product_tag","embeddable":true,"href":"https:\/\/rms-enlinea.com.ar\/tienda\/wp-json\/wp\/v2\/product_tag?post=10198"}],"curies":[{"name":"wp","href":"https:\/\/api.w.org\/{rel}","templated":true}]}}