{"id":10215,"date":"2025-06-12T05:16:29","date_gmt":"2025-06-12T08:16:29","guid":{"rendered":"https:\/\/rms-enlinea.com.ar\/tienda\/producto\/auricular-earbuds-fenda-fyd-e3-bluetooth-20hrs-usb-c\/"},"modified":"2026-04-06T11:43:57","modified_gmt":"2026-04-06T14:43:57","slug":"auricular-earbuds-fenda-fyd-e3-bluetooth-20hrs-usb-c","status":"publish","type":"product","link":"https:\/\/rms-enlinea.com.ar\/tienda\/producto\/auricular-earbuds-fenda-fyd-e3-bluetooth-20hrs-usb-c\/","title":{"rendered":"Auricular Earbuds Fenda Fyd E3 Bluetooth 20hrs Usb C"},"content":{"rendered":"<p>El auricular FYD Fenda E3 White FYD E3 es un producto de audio de alta calidad que ofrece una experiencia auditiva inmersiva. Estos auriculares cuentan con un dise\u00f1o elegante y moderno, y est\u00e1n dise\u00f1ados para brindar un sonido claro y n\u00edtido.<\/p>\n<p>Entre sus caracter\u00edsticas destacadas se encuentran la cancelaci\u00f3n de ruido activa, conectividad Bluetooth, controles t\u00e1ctiles intuitivos, micr\u00f3fono incorporado para realizar llamadas con manos libres, y una bater\u00eda de larga duraci\u00f3n.<\/p>\n<p>Los auriculares FYD Fenda E3 White FYD E3 son ideales para escuchar m\u00fasica, ver pel\u00edculas, jugar videojuegos o simplemente disfrutar de un sonido de alta calidad en cualquier momento y lugar. \u00a1Son una excelente opci\u00f3n para los amantes de la m\u00fasica y la tecnolog\u00eda!<\/p>\n<p>Playing Time:<\/p>\n<p>up to 4-5 hours per one charge<br \/>Frequency Response<\/p>\n<p>20Hz-20KHz<br \/>Audio Compatibility<\/p>\n<p>Mobile, PC &#038; Laptop<br \/>Color<\/p>\n<p>Blanco<br \/>Case Battery<\/p>\n<p>600mAh<br \/>Bluetooth Version:<\/p>\n<p>V5.1<br \/>Connection Type<\/p>\n<p>Wireless<br \/>Earphone, Headphone<\/p>\n<p>In Ear<br \/>Headphone Connection<\/p>\n<p>Bluetooth<br \/>Gaming Focused<\/p>\n<p>Yes<br \/>Wireless Protocol<\/p>\n<p>A2DP\/HFP\/HSP\/AVRCP<\/p>\n","protected":false},"excerpt":{"rendered":"<p>El auricular FYD Fenda E3 White FYD E3 es un producto de audio de alta calidad que ofrece una experiencia auditiva inmersiva. Estos auriculares cuentan con un dise\u00f1o elegante y moderno, y est\u00e1n dise\u00f1ados para brindar un sonido claro y n\u00edtido. Entre sus caracter\u00edsticas destacadas se encuentran la cancelaci\u00f3n de ruido activa, conectividad Bluetooth, controles [&hellip;]<\/p>\n","protected":false},"featured_media":10216,"comment_status":"open","ping_status":"closed","template":"","meta":{"_uag_custom_page_level_css":""},"product_brand":[578],"product_cat":[99],"product_tag":[],"class_list":{"0":"post-10215","1":"product","2":"type-product","3":"status-publish","4":"has-post-thumbnail","6":"product_brand-fenda","7":"product_cat-auriculares-computacion","9":"first","10":"instock","11":"sale","12":"taxable","13":"shipping-taxable","14":"purchasable","15":"product-type-simple"},"uagb_featured_image_src":{"full":["https:\/\/rms-enlinea.com.ar\/wp-content\/uploads\/2025\/06\/D_930361-MLA75443255160_042024-F.jpg",1200,1063,false],"thumbnail":["https:\/\/rms-enlinea.com.ar\/wp-content\/uploads\/2025\/06\/D_930361-MLA75443255160_042024-F-150x150.jpg",150,150,true],"medium":["https:\/\/rms-enlinea.com.ar\/wp-content\/uploads\/2025\/06\/D_930361-MLA75443255160_042024-F-300x266.jpg",300,266,true],"medium_large":["https:\/\/rms-enlinea.com.ar\/wp-content\/uploads\/2025\/06\/D_930361-MLA75443255160_042024-F-768x680.jpg",768,680,true],"large":["https:\/\/rms-enlinea.com.ar\/wp-content\/uploads\/2025\/06\/D_930361-MLA75443255160_042024-F-1024x907.jpg",1024,907,true],"1536x1536":["https:\/\/rms-enlinea.com.ar\/wp-content\/uploads\/2025\/06\/D_930361-MLA75443255160_042024-F.jpg",1200,1063,false],"2048x2048":["https:\/\/rms-enlinea.com.ar\/wp-content\/uploads\/2025\/06\/D_930361-MLA75443255160_042024-F.jpg",1200,1063,false],"woocommerce_thumbnail":["https:\/\/rms-enlinea.com.ar\/wp-content\/uploads\/2025\/06\/D_930361-MLA75443255160_042024-F-450x450.jpg",450,450,true],"woocommerce_single":["https:\/\/rms-enlinea.com.ar\/wp-content\/uploads\/2025\/06\/D_930361-MLA75443255160_042024-F-600x532.jpg",600,532,true],"woocommerce_gallery_thumbnail":["https:\/\/rms-enlinea.com.ar\/wp-content\/uploads\/2025\/06\/D_930361-MLA75443255160_042024-F-100x100.jpg",100,100,true]},"uagb_author_info":{"display_name":"l0071054","author_link":"https:\/\/rms-enlinea.com.ar\/tienda\/author\/"},"uagb_comment_info":0,"uagb_excerpt":"El auricular FYD Fenda E3 White FYD E3 es un producto de audio de alta calidad que ofrece una experiencia auditiva inmersiva. Estos auriculares cuentan con un dise\u00f1o elegante y moderno, y est\u00e1n dise\u00f1ados para brindar un sonido claro y n\u00edtido. Entre sus caracter\u00edsticas destacadas se encuentran la cancelaci\u00f3n de ruido activa, conectividad Bluetooth, controles&hellip;","_links":{"self":[{"href":"https:\/\/rms-enlinea.com.ar\/tienda\/wp-json\/wp\/v2\/product\/10215","targetHints":{"allow":["GET"]}}],"collection":[{"href":"https:\/\/rms-enlinea.com.ar\/tienda\/wp-json\/wp\/v2\/product"}],"about":[{"href":"https:\/\/rms-enlinea.com.ar\/tienda\/wp-json\/wp\/v2\/types\/product"}],"replies":[{"embeddable":true,"href":"https:\/\/rms-enlinea.com.ar\/tienda\/wp-json\/wp\/v2\/comments?post=10215"}],"wp:featuredmedia":[{"embeddable":true,"href":"https:\/\/rms-enlinea.com.ar\/tienda\/wp-json\/wp\/v2\/media\/10216"}],"wp:attachment":[{"href":"https:\/\/rms-enlinea.com.ar\/tienda\/wp-json\/wp\/v2\/media?parent=10215"}],"wp:term":[{"taxonomy":"product_brand","embeddable":true,"href":"https:\/\/rms-enlinea.com.ar\/tienda\/wp-json\/wp\/v2\/product_brand?post=10215"},{"taxonomy":"product_cat","embeddable":true,"href":"https:\/\/rms-enlinea.com.ar\/tienda\/wp-json\/wp\/v2\/product_cat?post=10215"},{"taxonomy":"product_tag","embeddable":true,"href":"https:\/\/rms-enlinea.com.ar\/tienda\/wp-json\/wp\/v2\/product_tag?post=10215"}],"curies":[{"name":"wp","href":"https:\/\/api.w.org\/{rel}","templated":true}]}}