{"id":10255,"date":"2025-06-12T05:17:15","date_gmt":"2025-06-12T08:17:15","guid":{"rendered":"https:\/\/rms-enlinea.com.ar\/tienda\/producto\/tableta-grafica-genius-easypen-i405x-area-15cm-sens-1024\/"},"modified":"2026-02-20T19:17:19","modified_gmt":"2026-02-20T22:17:19","slug":"tableta-grafica-genius-easypen-i405x-area-15cm-sens-1024","status":"publish","type":"product","link":"https:\/\/rms-enlinea.com.ar\/tienda\/producto\/tableta-grafica-genius-easypen-i405x-area-15cm-sens-1024\/","title":{"rendered":"Tableta Grafica Genius Easypen I405x Area 15cm Sens 1024"},"content":{"rendered":"<p>Dimensiones del \u00e1rea de trabajo<\/p>\n<p>15 cm<br \/>Compatibilidad<\/p>\n<p>Windows<br \/>Marca<\/p>\n<p>Genius<br \/>EAN<\/p>\n<p>4710268234876<br \/>C\u00f3digo universal de producto<\/p>\n<p>4710268234876<br \/>Incluye l\u00e1piz<\/p>\n<p>S\u00ed<br \/>L\u00ednea<\/p>\n<p>EasyPen<br \/>Modelo<\/p>\n<p>I405X<br \/>Niveles de sensibilidad de presi\u00f3n<\/p>\n<p>1024<br \/>Con USB<\/p>\n<p>S\u00ed<br \/>Marca<\/p>\n<p>Genius I405X<br \/>Incluye l\u00e1piz<\/p>\n<p>S\u00ed<br \/>L\u00ednea<\/p>\n<p>EasyPen<br \/>Modelo<\/p>\n<p>NN4504<br \/>Niveles de sensibilidad de presi\u00f3n<\/p>\n<p>1024<br \/>Con USB<\/p>\n<p>S\u00ed<\/p>\n","protected":false},"excerpt":{"rendered":"<p>Dimensiones del \u00e1rea de trabajo 15 cmCompatibilidad WindowsMarca GeniusEAN 4710268234876C\u00f3digo universal de producto 4710268234876Incluye l\u00e1piz S\u00edL\u00ednea EasyPenModelo I405XNiveles de sensibilidad de presi\u00f3n 1024Con USB S\u00edMarca Genius I405XIncluye l\u00e1piz S\u00edL\u00ednea EasyPenModelo NN4504Niveles de sensibilidad de presi\u00f3n 1024Con USB S\u00ed<\/p>\n","protected":false},"featured_media":10248,"comment_status":"open","ping_status":"closed","template":"","meta":{"_uag_custom_page_level_css":""},"product_brand":[550],"product_cat":[116],"product_tag":[],"class_list":{"0":"post-10255","1":"product","2":"type-product","3":"status-publish","4":"has-post-thumbnail","6":"product_brand-genius","7":"product_cat-notebooks-y-tablet","9":"first","10":"instock","11":"sale","12":"taxable","13":"shipping-taxable","14":"purchasable","15":"product-type-simple"},"uagb_featured_image_src":{"full":["https:\/\/rms-enlinea.com.ar\/wp-content\/uploads\/2025\/06\/D_663609-MLU69741885921_052023-F.jpg",500,403,false],"thumbnail":["https:\/\/rms-enlinea.com.ar\/wp-content\/uploads\/2025\/06\/D_663609-MLU69741885921_052023-F-150x150.jpg",150,150,true],"medium":["https:\/\/rms-enlinea.com.ar\/wp-content\/uploads\/2025\/06\/D_663609-MLU69741885921_052023-F-300x242.jpg",300,242,true],"medium_large":["https:\/\/rms-enlinea.com.ar\/wp-content\/uploads\/2025\/06\/D_663609-MLU69741885921_052023-F.jpg",500,403,false],"large":["https:\/\/rms-enlinea.com.ar\/wp-content\/uploads\/2025\/06\/D_663609-MLU69741885921_052023-F.jpg",500,403,false],"1536x1536":["https:\/\/rms-enlinea.com.ar\/wp-content\/uploads\/2025\/06\/D_663609-MLU69741885921_052023-F.jpg",500,403,false],"2048x2048":["https:\/\/rms-enlinea.com.ar\/wp-content\/uploads\/2025\/06\/D_663609-MLU69741885921_052023-F.jpg",500,403,false],"woocommerce_thumbnail":["https:\/\/rms-enlinea.com.ar\/wp-content\/uploads\/2025\/06\/D_663609-MLU69741885921_052023-F-450x403.jpg",450,403,true],"woocommerce_single":["https:\/\/rms-enlinea.com.ar\/wp-content\/uploads\/2025\/06\/D_663609-MLU69741885921_052023-F.jpg",500,403,false],"woocommerce_gallery_thumbnail":["https:\/\/rms-enlinea.com.ar\/wp-content\/uploads\/2025\/06\/D_663609-MLU69741885921_052023-F-100x100.jpg",100,100,true]},"uagb_author_info":{"display_name":"l0071054","author_link":"https:\/\/rms-enlinea.com.ar\/tienda\/author\/"},"uagb_comment_info":0,"uagb_excerpt":"Dimensiones del \u00e1rea de trabajo 15 cmCompatibilidad WindowsMarca GeniusEAN 4710268234876C\u00f3digo universal de producto 4710268234876Incluye l\u00e1piz S\u00edL\u00ednea EasyPenModelo I405XNiveles de sensibilidad de presi\u00f3n 1024Con USB S\u00edMarca Genius I405XIncluye l\u00e1piz S\u00edL\u00ednea EasyPenModelo NN4504Niveles de sensibilidad de presi\u00f3n 1024Con USB S\u00ed","_links":{"self":[{"href":"https:\/\/rms-enlinea.com.ar\/tienda\/wp-json\/wp\/v2\/product\/10255","targetHints":{"allow":["GET"]}}],"collection":[{"href":"https:\/\/rms-enlinea.com.ar\/tienda\/wp-json\/wp\/v2\/product"}],"about":[{"href":"https:\/\/rms-enlinea.com.ar\/tienda\/wp-json\/wp\/v2\/types\/product"}],"replies":[{"embeddable":true,"href":"https:\/\/rms-enlinea.com.ar\/tienda\/wp-json\/wp\/v2\/comments?post=10255"}],"wp:featuredmedia":[{"embeddable":true,"href":"https:\/\/rms-enlinea.com.ar\/tienda\/wp-json\/wp\/v2\/media\/10248"}],"wp:attachment":[{"href":"https:\/\/rms-enlinea.com.ar\/tienda\/wp-json\/wp\/v2\/media?parent=10255"}],"wp:term":[{"taxonomy":"product_brand","embeddable":true,"href":"https:\/\/rms-enlinea.com.ar\/tienda\/wp-json\/wp\/v2\/product_brand?post=10255"},{"taxonomy":"product_cat","embeddable":true,"href":"https:\/\/rms-enlinea.com.ar\/tienda\/wp-json\/wp\/v2\/product_cat?post=10255"},{"taxonomy":"product_tag","embeddable":true,"href":"https:\/\/rms-enlinea.com.ar\/tienda\/wp-json\/wp\/v2\/product_tag?post=10255"}],"curies":[{"name":"wp","href":"https:\/\/api.w.org\/{rel}","templated":true}]}}