{"id":10393,"date":"2025-06-12T05:20:36","date_gmt":"2025-06-12T08:20:36","guid":{"rendered":"https:\/\/rms-enlinea.com.ar\/tienda\/producto\/mouse-logitech-pro-x-superlight-910-006783-rojo\/"},"modified":"2026-03-31T19:16:48","modified_gmt":"2026-03-31T22:16:48","slug":"mouse-logitech-pro-x-superlight-910-006783-rojo","status":"publish","type":"product","link":"https:\/\/rms-enlinea.com.ar\/tienda\/producto\/mouse-logitech-pro-x-superlight-910-006783-rojo\/","title":{"rendered":"Mouse Logitech Pro X Superlight 910-006783 Rojo"},"content":{"rendered":"<p>DIMENSIONES<br \/>ESPECIFICACIONES F\u00cdSICAS<br \/>Altura: 125,0 mm<br \/>Ancho: 63,5 mm<br \/>Profundidad: 40,0 mm<br \/>Peso:<br \/>ESPECIFICACIONES T\u00c9CNICAS<br \/>Compatible con POWERPLAY<br \/>Tecnolog\u00eda inal\u00e1mbrica LIGHTSPEED<br \/>Memoria integrada (Las funciones avanzadas requieren el software Logitech G HUB, que se puede descargar desde logitechg.com\/ghub)<br \/>Sistema de tensi\u00f3n de click<br \/>Pies de PTFE sin aditivos<br \/>5 botones<br \/>SEGUIMIENTO<br \/>Sensor: HERO<br \/>Resoluci\u00f3n: 100 \u2013 25.600 dpi<br \/>Aceleraci\u00f3n m\u00e1x.: >40 G  Pruebas realizadas en Logitech G240 Gaming Mouse Pad<br \/>Velocidad m\u00e1x.: 400 ips  Pruebas realizadas en Logitech G240 Gaming Mouse Pad<br \/>Sin suavizado\/aceleraci\u00f3n\/filtros<\/p>\n","protected":false},"excerpt":{"rendered":"<p>DIMENSIONESESPECIFICACIONES F\u00cdSICASAltura: 125,0 mmAncho: 63,5 mmProfundidad: 40,0 mmPeso:ESPECIFICACIONES T\u00c9CNICASCompatible con POWERPLAYTecnolog\u00eda inal\u00e1mbrica LIGHTSPEEDMemoria integrada (Las funciones avanzadas requieren el software Logitech G HUB, que se puede descargar desde logitechg.com\/ghub)Sistema de tensi\u00f3n de clickPies de PTFE sin aditivos5 botonesSEGUIMIENTOSensor: HEROResoluci\u00f3n: 100 \u2013 25.600 dpiAceleraci\u00f3n m\u00e1x.: >40 G Pruebas realizadas en Logitech G240 Gaming Mouse PadVelocidad m\u00e1x.: [&hellip;]<\/p>\n","protected":false},"featured_media":10394,"comment_status":"open","ping_status":"closed","template":"","meta":{"_uag_custom_page_level_css":""},"product_brand":[549],"product_cat":[125],"product_tag":[],"class_list":{"0":"post-10393","1":"product","2":"type-product","3":"status-publish","4":"has-post-thumbnail","6":"product_brand-logitech","7":"product_cat-teclados-y-mouses","9":"first","10":"outofstock","11":"sale","12":"taxable","13":"shipping-taxable","14":"purchasable","15":"product-type-simple"},"uagb_featured_image_src":{"full":["https:\/\/rms-enlinea.com.ar\/wp-content\/uploads\/2025\/06\/D_993412-MLA84550507942_052025-F.jpg",607,1200,false],"thumbnail":["https:\/\/rms-enlinea.com.ar\/wp-content\/uploads\/2025\/06\/D_993412-MLA84550507942_052025-F-150x150.jpg",150,150,true],"medium":["https:\/\/rms-enlinea.com.ar\/wp-content\/uploads\/2025\/06\/D_993412-MLA84550507942_052025-F-152x300.jpg",152,300,true],"medium_large":["https:\/\/rms-enlinea.com.ar\/wp-content\/uploads\/2025\/06\/D_993412-MLA84550507942_052025-F.jpg",607,1200,false],"large":["https:\/\/rms-enlinea.com.ar\/wp-content\/uploads\/2025\/06\/D_993412-MLA84550507942_052025-F-518x1024.jpg",518,1024,true],"1536x1536":["https:\/\/rms-enlinea.com.ar\/wp-content\/uploads\/2025\/06\/D_993412-MLA84550507942_052025-F.jpg",607,1200,false],"2048x2048":["https:\/\/rms-enlinea.com.ar\/wp-content\/uploads\/2025\/06\/D_993412-MLA84550507942_052025-F.jpg",607,1200,false],"woocommerce_thumbnail":["https:\/\/rms-enlinea.com.ar\/wp-content\/uploads\/2025\/06\/D_993412-MLA84550507942_052025-F-450x450.jpg",450,450,true],"woocommerce_single":["https:\/\/rms-enlinea.com.ar\/wp-content\/uploads\/2025\/06\/D_993412-MLA84550507942_052025-F-600x1186.jpg",600,1186,true],"woocommerce_gallery_thumbnail":["https:\/\/rms-enlinea.com.ar\/wp-content\/uploads\/2025\/06\/D_993412-MLA84550507942_052025-F-100x100.jpg",100,100,true]},"uagb_author_info":{"display_name":"l0071054","author_link":"https:\/\/rms-enlinea.com.ar\/tienda\/author\/"},"uagb_comment_info":0,"uagb_excerpt":"DIMENSIONESESPECIFICACIONES F\u00cdSICASAltura: 125,0 mmAncho: 63,5 mmProfundidad: 40,0 mmPeso:ESPECIFICACIONES T\u00c9CNICASCompatible con POWERPLAYTecnolog\u00eda inal\u00e1mbrica LIGHTSPEEDMemoria integrada (Las funciones avanzadas requieren el software Logitech G HUB, que se puede descargar desde logitechg.com\/ghub)Sistema de tensi\u00f3n de clickPies de PTFE sin aditivos5 botonesSEGUIMIENTOSensor: HEROResoluci\u00f3n: 100 \u2013 25.600 dpiAceleraci\u00f3n m\u00e1x.: >40 G Pruebas realizadas en Logitech G240 Gaming Mouse PadVelocidad m\u00e1x.:&hellip;","_links":{"self":[{"href":"https:\/\/rms-enlinea.com.ar\/tienda\/wp-json\/wp\/v2\/product\/10393","targetHints":{"allow":["GET"]}}],"collection":[{"href":"https:\/\/rms-enlinea.com.ar\/tienda\/wp-json\/wp\/v2\/product"}],"about":[{"href":"https:\/\/rms-enlinea.com.ar\/tienda\/wp-json\/wp\/v2\/types\/product"}],"replies":[{"embeddable":true,"href":"https:\/\/rms-enlinea.com.ar\/tienda\/wp-json\/wp\/v2\/comments?post=10393"}],"wp:featuredmedia":[{"embeddable":true,"href":"https:\/\/rms-enlinea.com.ar\/tienda\/wp-json\/wp\/v2\/media\/10394"}],"wp:attachment":[{"href":"https:\/\/rms-enlinea.com.ar\/tienda\/wp-json\/wp\/v2\/media?parent=10393"}],"wp:term":[{"taxonomy":"product_brand","embeddable":true,"href":"https:\/\/rms-enlinea.com.ar\/tienda\/wp-json\/wp\/v2\/product_brand?post=10393"},{"taxonomy":"product_cat","embeddable":true,"href":"https:\/\/rms-enlinea.com.ar\/tienda\/wp-json\/wp\/v2\/product_cat?post=10393"},{"taxonomy":"product_tag","embeddable":true,"href":"https:\/\/rms-enlinea.com.ar\/tienda\/wp-json\/wp\/v2\/product_tag?post=10393"}],"curies":[{"name":"wp","href":"https:\/\/api.w.org\/{rel}","templated":true}]}}