{"id":10404,"date":"2025-06-12T05:20:48","date_gmt":"2025-06-12T08:20:48","guid":{"rendered":"https:\/\/rms-enlinea.com.ar\/tienda\/producto\/teclado-gamer-inalambrico-corsair-k70-pro-mini-rgb-60\/"},"modified":"2026-04-21T04:17:53","modified_gmt":"2026-04-21T07:17:53","slug":"teclado-gamer-inalambrico-corsair-k70-pro-mini-rgb-60","status":"publish","type":"product","link":"https:\/\/rms-enlinea.com.ar\/tienda\/producto\/teclado-gamer-inalambrico-corsair-k70-pro-mini-rgb-60\/","title":{"rendered":"Teclado Gamer Inalambrico Corsair K70 Pro Mini Rgb 60%"},"content":{"rendered":"<p>Software CUE para teclado\tCompatible con iCUE<br \/>Controles de medios y volumen\tNo<br \/>Tama\u00f1o del teclado\t60%<br \/>Reposamu\u00f1ecas incluido\tNo<br \/>Tasa de informe del teclado\tHasta 8.000 Hz<br \/>Factor de forma del teclado\t60%<br \/>Color del teclado\tNEGRO<br \/>Tipo de interruptor\tMec\u00e1nico<br \/>Memoria integrada\t8 MB<br \/>Perfiles integrados\tHasta 50<br \/>Familia de productos de teclado\tK70<br \/>Tama\u00f1o del tipo de teclado\tK70<br \/>Tama\u00f1o\t60%<br \/>Altura ajustable\tS\u00ed<br \/>Carga de la bater\u00eda\tUSB a dispositivo<br \/>Tipo de bater\u00eda del teclado\tBater\u00eda recargable de pol\u00edmero de iones de litio<br \/>Duraci\u00f3n de la bater\u00eda del teclado\tHasta 32 horas con efectos RGB o 200 horas con la retroiluminaci\u00f3n apagada<br \/>Alcance inal\u00e1mbrico de los auriculares\tHasta 33 pies (10 m)<br \/>Conectividad inal\u00e1mbrica\tSLIPSTREAM Inal\u00e1mbrico Sub-1ms, Bluetooth 4.2<br \/>Conectividad por cable\tUSB 3.0 o 3.1 Tipo-A<br \/>Conectividad del teclado\tCon cable<br \/>Material del cable del teclado\tTrenzado<br \/>Reposamu\u00f1ecas\tNo<br \/>Bloqueo WIN\tAtajo de FN<br \/>Controles de medios IN\tNo<br \/>Teclas multimedia\tAtajos de FN<br \/>Transferencia de claves\tClave completa (NKRO) con 100% anti-efecto fantasma<br \/>Matriz de teclado\t61 teclas<br \/>Interruptores de llave\tCHERRY MX SPEED Plata<br \/>Disposici\u00f3n del teclado\tESO<\/p>\n","protected":false},"excerpt":{"rendered":"<p>Software CUE para teclado Compatible con iCUEControles de medios y volumen NoTama\u00f1o del teclado 60%Reposamu\u00f1ecas incluido NoTasa de informe del teclado Hasta 8.000 HzFactor de forma del teclado 60%Color del teclado NEGROTipo de interruptor Mec\u00e1nicoMemoria integrada 8 MBPerfiles integrados Hasta 50Familia de productos de teclado K70Tama\u00f1o del tipo de teclado K70Tama\u00f1o 60%Altura ajustable S\u00edCarga de [&hellip;]<\/p>\n","protected":false},"featured_media":10405,"comment_status":"open","ping_status":"closed","template":"","meta":{"_uag_custom_page_level_css":""},"product_brand":[555],"product_cat":[125],"product_tag":[],"class_list":{"0":"post-10404","1":"product","2":"type-product","3":"status-publish","4":"has-post-thumbnail","6":"product_brand-corsair","7":"product_cat-teclados-y-mouses","9":"first","10":"outofstock","11":"sale","12":"taxable","13":"shipping-taxable","14":"purchasable","15":"product-type-simple"},"uagb_featured_image_src":{"full":["https:\/\/rms-enlinea.com.ar\/wp-content\/uploads\/2025\/06\/D_982372-MLA85045409124_052025-F.jpg",1200,447,false],"thumbnail":["https:\/\/rms-enlinea.com.ar\/wp-content\/uploads\/2025\/06\/D_982372-MLA85045409124_052025-F-150x150.jpg",150,150,true],"medium":["https:\/\/rms-enlinea.com.ar\/wp-content\/uploads\/2025\/06\/D_982372-MLA85045409124_052025-F-300x112.jpg",300,112,true],"medium_large":["https:\/\/rms-enlinea.com.ar\/wp-content\/uploads\/2025\/06\/D_982372-MLA85045409124_052025-F-768x286.jpg",768,286,true],"large":["https:\/\/rms-enlinea.com.ar\/wp-content\/uploads\/2025\/06\/D_982372-MLA85045409124_052025-F-1024x381.jpg",1024,381,true],"1536x1536":["https:\/\/rms-enlinea.com.ar\/wp-content\/uploads\/2025\/06\/D_982372-MLA85045409124_052025-F.jpg",1200,447,false],"2048x2048":["https:\/\/rms-enlinea.com.ar\/wp-content\/uploads\/2025\/06\/D_982372-MLA85045409124_052025-F.jpg",1200,447,false],"woocommerce_thumbnail":["https:\/\/rms-enlinea.com.ar\/wp-content\/uploads\/2025\/06\/D_982372-MLA85045409124_052025-F-450x447.jpg",450,447,true],"woocommerce_single":["https:\/\/rms-enlinea.com.ar\/wp-content\/uploads\/2025\/06\/D_982372-MLA85045409124_052025-F-600x224.jpg",600,224,true],"woocommerce_gallery_thumbnail":["https:\/\/rms-enlinea.com.ar\/wp-content\/uploads\/2025\/06\/D_982372-MLA85045409124_052025-F-100x100.jpg",100,100,true]},"uagb_author_info":{"display_name":"l0071054","author_link":"https:\/\/rms-enlinea.com.ar\/tienda\/author\/"},"uagb_comment_info":0,"uagb_excerpt":"Software CUE para teclado Compatible con iCUEControles de medios y volumen NoTama\u00f1o del teclado 60%Reposamu\u00f1ecas incluido NoTasa de informe del teclado Hasta 8.000 HzFactor de forma del teclado 60%Color del teclado NEGROTipo de interruptor Mec\u00e1nicoMemoria integrada 8 MBPerfiles integrados Hasta 50Familia de productos de teclado K70Tama\u00f1o del tipo de teclado K70Tama\u00f1o 60%Altura ajustable S\u00edCarga de&hellip;","_links":{"self":[{"href":"https:\/\/rms-enlinea.com.ar\/tienda\/wp-json\/wp\/v2\/product\/10404","targetHints":{"allow":["GET"]}}],"collection":[{"href":"https:\/\/rms-enlinea.com.ar\/tienda\/wp-json\/wp\/v2\/product"}],"about":[{"href":"https:\/\/rms-enlinea.com.ar\/tienda\/wp-json\/wp\/v2\/types\/product"}],"replies":[{"embeddable":true,"href":"https:\/\/rms-enlinea.com.ar\/tienda\/wp-json\/wp\/v2\/comments?post=10404"}],"wp:featuredmedia":[{"embeddable":true,"href":"https:\/\/rms-enlinea.com.ar\/tienda\/wp-json\/wp\/v2\/media\/10405"}],"wp:attachment":[{"href":"https:\/\/rms-enlinea.com.ar\/tienda\/wp-json\/wp\/v2\/media?parent=10404"}],"wp:term":[{"taxonomy":"product_brand","embeddable":true,"href":"https:\/\/rms-enlinea.com.ar\/tienda\/wp-json\/wp\/v2\/product_brand?post=10404"},{"taxonomy":"product_cat","embeddable":true,"href":"https:\/\/rms-enlinea.com.ar\/tienda\/wp-json\/wp\/v2\/product_cat?post=10404"},{"taxonomy":"product_tag","embeddable":true,"href":"https:\/\/rms-enlinea.com.ar\/tienda\/wp-json\/wp\/v2\/product_tag?post=10404"}],"curies":[{"name":"wp","href":"https:\/\/api.w.org\/{rel}","templated":true}]}}