{"id":10419,"date":"2025-06-12T05:21:05","date_gmt":"2025-06-12T08:21:05","guid":{"rendered":"https:\/\/rms-enlinea.com.ar\/tienda\/producto\/mouse-gamer-logitech-g-pro-2-lightspeed-rgb\/"},"modified":"2026-04-06T12:16:04","modified_gmt":"2026-04-06T15:16:04","slug":"mouse-gamer-logitech-g-pro-2-lightspeed-rgb","status":"publish","type":"product","link":"https:\/\/rms-enlinea.com.ar\/tienda\/producto\/mouse-gamer-logitech-g-pro-2-lightspeed-rgb\/","title":{"rendered":"Mouse Gamer Logitech G Pro 2 Lightspeed Rgb"},"content":{"rendered":"<p>Dimensiones<br \/>Altura: 125,0 mm<br \/>Anchura: 63,5 mm<br \/>Profundidad: 40,0 mm<br \/>Peso: 80 g<br \/>Especificaciones t\u00e9cnicas<br \/>Memoria interna 1Las funciones avanzadas requieren el software Logitech G HUB, que se puede descargar desde logitechg.com\/ghub<br \/>4-8 botones<br \/>Sensor: HERO 2<br \/>Resoluci\u00f3n: 100 \u2013 44,000 DPI<br \/>Aceleraci\u00f3n m\u00e1x.: >88 G 2Probado con Logitech G640 Gaming Mouse Pad<br \/>Velocidad m\u00e1x.: >888 IPS 3Probado con Logitech G640 Gaming Mouse Pad<br \/>Cero suavizado\/aceleraci\u00f3n\/filtros<br \/>Tasa m\u00e1xima de informes: 1000 Hz (1 ms) 4Las funciones avanzadas requieren el software Logitech G HUB, que se puede descargar desde logitechg.com\/ghub<br \/>Duraci\u00f3n de bater\u00edas<br \/>Duraci\u00f3n de bater\u00edas: (movimiento constante) 5La duraci\u00f3n de la bater\u00eda var\u00eda seg\u00fan las condiciones de uso<br \/>Iluminaci\u00f3n predeterminada: 60h<br \/>Sin iluminaci\u00f3n: 95h<\/p>\n","protected":false},"excerpt":{"rendered":"<p>DimensionesAltura: 125,0 mmAnchura: 63,5 mmProfundidad: 40,0 mmPeso: 80 gEspecificaciones t\u00e9cnicasMemoria interna 1Las funciones avanzadas requieren el software Logitech G HUB, que se puede descargar desde logitechg.com\/ghub4-8 botonesSensor: HERO 2Resoluci\u00f3n: 100 \u2013 44,000 DPIAceleraci\u00f3n m\u00e1x.: >88 G 2Probado con Logitech G640 Gaming Mouse PadVelocidad m\u00e1x.: >888 IPS 3Probado con Logitech G640 Gaming Mouse PadCero suavizado\/aceleraci\u00f3n\/filtrosTasa m\u00e1xima [&hellip;]<\/p>\n","protected":false},"featured_media":10420,"comment_status":"open","ping_status":"closed","template":"","meta":{"_uag_custom_page_level_css":""},"product_brand":[549],"product_cat":[125],"product_tag":[],"class_list":{"0":"post-10419","1":"product","2":"type-product","3":"status-publish","4":"has-post-thumbnail","6":"product_brand-logitech","7":"product_cat-teclados-y-mouses","9":"first","10":"outofstock","11":"sale","12":"taxable","13":"shipping-taxable","14":"purchasable","15":"product-type-simple"},"uagb_featured_image_src":{"full":["https:\/\/rms-enlinea.com.ar\/wp-content\/uploads\/2025\/06\/D_973513-MLA85344311677_052025-F.jpg",282,559,false],"thumbnail":["https:\/\/rms-enlinea.com.ar\/wp-content\/uploads\/2025\/06\/D_973513-MLA85344311677_052025-F-150x150.jpg",150,150,true],"medium":["https:\/\/rms-enlinea.com.ar\/wp-content\/uploads\/2025\/06\/D_973513-MLA85344311677_052025-F-151x300.jpg",151,300,true],"medium_large":["https:\/\/rms-enlinea.com.ar\/wp-content\/uploads\/2025\/06\/D_973513-MLA85344311677_052025-F.jpg",282,559,false],"large":["https:\/\/rms-enlinea.com.ar\/wp-content\/uploads\/2025\/06\/D_973513-MLA85344311677_052025-F.jpg",282,559,false],"1536x1536":["https:\/\/rms-enlinea.com.ar\/wp-content\/uploads\/2025\/06\/D_973513-MLA85344311677_052025-F.jpg",282,559,false],"2048x2048":["https:\/\/rms-enlinea.com.ar\/wp-content\/uploads\/2025\/06\/D_973513-MLA85344311677_052025-F.jpg",282,559,false],"woocommerce_thumbnail":["https:\/\/rms-enlinea.com.ar\/wp-content\/uploads\/2025\/06\/D_973513-MLA85344311677_052025-F-282x450.jpg",282,450,true],"woocommerce_single":["https:\/\/rms-enlinea.com.ar\/wp-content\/uploads\/2025\/06\/D_973513-MLA85344311677_052025-F.jpg",282,559,false],"woocommerce_gallery_thumbnail":["https:\/\/rms-enlinea.com.ar\/wp-content\/uploads\/2025\/06\/D_973513-MLA85344311677_052025-F-100x100.jpg",100,100,true]},"uagb_author_info":{"display_name":"l0071054","author_link":"https:\/\/rms-enlinea.com.ar\/tienda\/author\/"},"uagb_comment_info":0,"uagb_excerpt":"DimensionesAltura: 125,0 mmAnchura: 63,5 mmProfundidad: 40,0 mmPeso: 80 gEspecificaciones t\u00e9cnicasMemoria interna 1Las funciones avanzadas requieren el software Logitech G HUB, que se puede descargar desde logitechg.com\/ghub4-8 botonesSensor: HERO 2Resoluci\u00f3n: 100 \u2013 44,000 DPIAceleraci\u00f3n m\u00e1x.: >88 G 2Probado con Logitech G640 Gaming Mouse PadVelocidad m\u00e1x.: >888 IPS 3Probado con Logitech G640 Gaming Mouse PadCero suavizado\/aceleraci\u00f3n\/filtrosTasa m\u00e1xima&hellip;","_links":{"self":[{"href":"https:\/\/rms-enlinea.com.ar\/tienda\/wp-json\/wp\/v2\/product\/10419","targetHints":{"allow":["GET"]}}],"collection":[{"href":"https:\/\/rms-enlinea.com.ar\/tienda\/wp-json\/wp\/v2\/product"}],"about":[{"href":"https:\/\/rms-enlinea.com.ar\/tienda\/wp-json\/wp\/v2\/types\/product"}],"replies":[{"embeddable":true,"href":"https:\/\/rms-enlinea.com.ar\/tienda\/wp-json\/wp\/v2\/comments?post=10419"}],"wp:featuredmedia":[{"embeddable":true,"href":"https:\/\/rms-enlinea.com.ar\/tienda\/wp-json\/wp\/v2\/media\/10420"}],"wp:attachment":[{"href":"https:\/\/rms-enlinea.com.ar\/tienda\/wp-json\/wp\/v2\/media?parent=10419"}],"wp:term":[{"taxonomy":"product_brand","embeddable":true,"href":"https:\/\/rms-enlinea.com.ar\/tienda\/wp-json\/wp\/v2\/product_brand?post=10419"},{"taxonomy":"product_cat","embeddable":true,"href":"https:\/\/rms-enlinea.com.ar\/tienda\/wp-json\/wp\/v2\/product_cat?post=10419"},{"taxonomy":"product_tag","embeddable":true,"href":"https:\/\/rms-enlinea.com.ar\/tienda\/wp-json\/wp\/v2\/product_tag?post=10419"}],"curies":[{"name":"wp","href":"https:\/\/api.w.org\/{rel}","templated":true}]}}