{"id":10426,"date":"2025-06-12T05:21:13","date_gmt":"2025-06-12T08:21:13","guid":{"rendered":"https:\/\/rms-enlinea.com.ar\/tienda\/producto\/teclado-inalambrico-mecanico-logitech-g915-x-lightspeed-tkl-2\/"},"modified":"2026-04-21T05:55:37","modified_gmt":"2026-04-21T08:55:37","slug":"teclado-inalambrico-mecanico-logitech-g915-x-lightspeed-tkl-2","status":"publish","type":"product","link":"https:\/\/rms-enlinea.com.ar\/tienda\/producto\/teclado-inalambrico-mecanico-logitech-g915-x-lightspeed-tkl-2\/","title":{"rendered":"Teclado Inalambrico Mecanico Logitech G915 X Lightspeed Tkl"},"content":{"rendered":"<p>ESPECIFICACIONES F\u00cdSICAS<br \/>Largo\t368 mm<br \/>Anchura\t150 mm<br \/>Altura\t22,6 mm<br \/>Peso (sin cable)\t860 g<br \/>Longitud del cable\t1,8 m<br \/>Duraci\u00f3n de bater\u00edas<br \/>LIGHTSYNC RGB @100% de brillo\tHasta 42 horas de uso continuo<br \/>LIGHTSYNC RGB @50% de brillo\tHasta 100 horas de uso continuo<br \/>LIGHTSYNC RGB DESACTIVADO\tHasta 1000 horas de uso continuo<br \/>Especificaciones t\u00e9cnicas<br \/>Fuerza de actuaci\u00f3n Lineal\t43 g<br \/>Fuerza de actuaci\u00f3n T\u00e1ctil\t45 g<br \/>Punto de actuaci\u00f3n\t1,3 mm<br \/>Recorrido total\t3,2 mm<br \/>Bater\u00eda recargable de pol\u00edmero de litio\tS\u00ed<br \/>ESPECIFICACIONES DE SOSTENIBILIDAD<br \/>Negro G915 X LIGHTSPEED TKL PCR\t~30%<br \/>Blanco G915 X LIGHTSPEED TKL PCR\t~20%<br \/>Aluminio bajo en carbono\tS\u00ed<br \/>FSC para empaques\tS\u00ed<\/p>\n","protected":false},"excerpt":{"rendered":"<p>ESPECIFICACIONES F\u00cdSICASLargo 368 mmAnchura 150 mmAltura 22,6 mmPeso (sin cable) 860 gLongitud del cable 1,8 mDuraci\u00f3n de bater\u00edasLIGHTSYNC RGB @100% de brillo Hasta 42 horas de uso continuoLIGHTSYNC RGB @50% de brillo Hasta 100 horas de uso continuoLIGHTSYNC RGB DESACTIVADO Hasta 1000 horas de uso continuoEspecificaciones t\u00e9cnicasFuerza de actuaci\u00f3n Lineal 43 gFuerza de actuaci\u00f3n T\u00e1ctil [&hellip;]<\/p>\n","protected":false},"featured_media":10427,"comment_status":"open","ping_status":"closed","template":"","meta":{"_uag_custom_page_level_css":""},"product_brand":[549],"product_cat":[125],"product_tag":[],"class_list":{"0":"post-10426","1":"product","2":"type-product","3":"status-publish","4":"has-post-thumbnail","6":"product_brand-logitech","7":"product_cat-teclados-y-mouses","9":"first","10":"outofstock","11":"sale","12":"taxable","13":"shipping-taxable","14":"purchasable","15":"product-type-simple"},"uagb_featured_image_src":{"full":["https:\/\/rms-enlinea.com.ar\/wp-content\/uploads\/2025\/06\/D_936204-MLA84305291219_052025-F.jpg",649,265,false],"thumbnail":["https:\/\/rms-enlinea.com.ar\/wp-content\/uploads\/2025\/06\/D_936204-MLA84305291219_052025-F-150x150.jpg",150,150,true],"medium":["https:\/\/rms-enlinea.com.ar\/wp-content\/uploads\/2025\/06\/D_936204-MLA84305291219_052025-F-300x122.jpg",300,122,true],"medium_large":["https:\/\/rms-enlinea.com.ar\/wp-content\/uploads\/2025\/06\/D_936204-MLA84305291219_052025-F.jpg",649,265,false],"large":["https:\/\/rms-enlinea.com.ar\/wp-content\/uploads\/2025\/06\/D_936204-MLA84305291219_052025-F.jpg",649,265,false],"1536x1536":["https:\/\/rms-enlinea.com.ar\/wp-content\/uploads\/2025\/06\/D_936204-MLA84305291219_052025-F.jpg",649,265,false],"2048x2048":["https:\/\/rms-enlinea.com.ar\/wp-content\/uploads\/2025\/06\/D_936204-MLA84305291219_052025-F.jpg",649,265,false],"woocommerce_thumbnail":["https:\/\/rms-enlinea.com.ar\/wp-content\/uploads\/2025\/06\/D_936204-MLA84305291219_052025-F-450x265.jpg",450,265,true],"woocommerce_single":["https:\/\/rms-enlinea.com.ar\/wp-content\/uploads\/2025\/06\/D_936204-MLA84305291219_052025-F-600x245.jpg",600,245,true],"woocommerce_gallery_thumbnail":["https:\/\/rms-enlinea.com.ar\/wp-content\/uploads\/2025\/06\/D_936204-MLA84305291219_052025-F-100x100.jpg",100,100,true]},"uagb_author_info":{"display_name":"l0071054","author_link":"https:\/\/rms-enlinea.com.ar\/tienda\/author\/"},"uagb_comment_info":0,"uagb_excerpt":"ESPECIFICACIONES F\u00cdSICASLargo 368 mmAnchura 150 mmAltura 22,6 mmPeso (sin cable) 860 gLongitud del cable 1,8 mDuraci\u00f3n de bater\u00edasLIGHTSYNC RGB @100% de brillo Hasta 42 horas de uso continuoLIGHTSYNC RGB @50% de brillo Hasta 100 horas de uso continuoLIGHTSYNC RGB DESACTIVADO Hasta 1000 horas de uso continuoEspecificaciones t\u00e9cnicasFuerza de actuaci\u00f3n Lineal 43 gFuerza de actuaci\u00f3n T\u00e1ctil&hellip;","_links":{"self":[{"href":"https:\/\/rms-enlinea.com.ar\/tienda\/wp-json\/wp\/v2\/product\/10426","targetHints":{"allow":["GET"]}}],"collection":[{"href":"https:\/\/rms-enlinea.com.ar\/tienda\/wp-json\/wp\/v2\/product"}],"about":[{"href":"https:\/\/rms-enlinea.com.ar\/tienda\/wp-json\/wp\/v2\/types\/product"}],"replies":[{"embeddable":true,"href":"https:\/\/rms-enlinea.com.ar\/tienda\/wp-json\/wp\/v2\/comments?post=10426"}],"wp:featuredmedia":[{"embeddable":true,"href":"https:\/\/rms-enlinea.com.ar\/tienda\/wp-json\/wp\/v2\/media\/10427"}],"wp:attachment":[{"href":"https:\/\/rms-enlinea.com.ar\/tienda\/wp-json\/wp\/v2\/media?parent=10426"}],"wp:term":[{"taxonomy":"product_brand","embeddable":true,"href":"https:\/\/rms-enlinea.com.ar\/tienda\/wp-json\/wp\/v2\/product_brand?post=10426"},{"taxonomy":"product_cat","embeddable":true,"href":"https:\/\/rms-enlinea.com.ar\/tienda\/wp-json\/wp\/v2\/product_cat?post=10426"},{"taxonomy":"product_tag","embeddable":true,"href":"https:\/\/rms-enlinea.com.ar\/tienda\/wp-json\/wp\/v2\/product_tag?post=10426"}],"curies":[{"name":"wp","href":"https:\/\/api.w.org\/{rel}","templated":true}]}}