{"id":10453,"date":"2025-06-12T05:21:45","date_gmt":"2025-06-12T08:21:45","guid":{"rendered":"https:\/\/rms-enlinea.com.ar\/tienda\/producto\/impresora-hp-laserjet-m111a-monocromatica-usb-20ppm\/"},"modified":"2026-04-21T05:25:00","modified_gmt":"2026-04-21T08:25:00","slug":"impresora-hp-laserjet-m111a-monocromatica-usb-20ppm","status":"publish","type":"product","link":"https:\/\/rms-enlinea.com.ar\/tienda\/producto\/impresora-hp-laserjet-m111a-monocromatica-usb-20ppm\/","title":{"rendered":"Impresora Hp Laserjet M111a Monocrom\u00e1tica Usb 20ppm"},"content":{"rendered":"<p>Con Wi-Fi<\/p>\n<p>No<br \/>Con Bluetooth<\/p>\n<p>No<br \/>Con puerto USB<\/p>\n<p>S\u00ed<br \/>Color principal<\/p>\n<p>Blanco<br \/>Marca<\/p>\n<p>HP<br \/>Condici\u00f3n del \u00edtem<\/p>\n<p>Nuevo<br \/>Color<\/p>\n<p>Blanco<br \/>Tecnolog\u00eda de impresi\u00f3n<\/p>\n<p>L\u00e1ser<br \/>Modelo alfanum\u00e9rico<\/p>\n<p>7MD67A<br \/>L\u00ednea<\/p>\n<p>LaserJet<br \/>Velocidad m\u00e1xima de impresi\u00f3n en color<\/p>\n<p>20 ppm<br \/>Capacidad m\u00e1xima de hojas<\/p>\n<p>100<br \/>Velocidad m\u00e1xima de impresi\u00f3n en blanco y negro<\/p>\n<p>20 ppm<br \/>Funciones de la impresora<\/p>\n<p>Impresi\u00f3n<br \/>Tipo de impresi\u00f3n<\/p>\n<p>Monocrom\u00e1tica<br \/>Voltaje<\/p>\n<p>220V<\/p>\n","protected":false},"excerpt":{"rendered":"<p>Con Wi-Fi NoCon Bluetooth NoCon puerto USB S\u00edColor principal BlancoMarca HPCondici\u00f3n del \u00edtem NuevoColor BlancoTecnolog\u00eda de impresi\u00f3n L\u00e1serModelo alfanum\u00e9rico 7MD67AL\u00ednea LaserJetVelocidad m\u00e1xima de impresi\u00f3n en color 20 ppmCapacidad m\u00e1xima de hojas 100Velocidad m\u00e1xima de impresi\u00f3n en blanco y negro 20 ppmFunciones de la impresora Impresi\u00f3nTipo de impresi\u00f3n Monocrom\u00e1ticaVoltaje 220V<\/p>\n","protected":false},"featured_media":10454,"comment_status":"open","ping_status":"closed","template":"","meta":{"_uag_custom_page_level_css":""},"product_brand":[552],"product_cat":[110],"product_tag":[],"class_list":{"0":"post-10453","1":"product","2":"type-product","3":"status-publish","4":"has-post-thumbnail","6":"product_brand-hp","7":"product_cat-impresoras","9":"first","10":"outofstock","11":"sale","12":"taxable","13":"shipping-taxable","14":"purchasable","15":"product-type-simple"},"uagb_featured_image_src":{"full":["https:\/\/rms-enlinea.com.ar\/wp-content\/uploads\/2025\/06\/D_810201-MLA85310456187_052025-F.jpg",1200,838,false],"thumbnail":["https:\/\/rms-enlinea.com.ar\/wp-content\/uploads\/2025\/06\/D_810201-MLA85310456187_052025-F-150x150.jpg",150,150,true],"medium":["https:\/\/rms-enlinea.com.ar\/wp-content\/uploads\/2025\/06\/D_810201-MLA85310456187_052025-F-300x210.jpg",300,210,true],"medium_large":["https:\/\/rms-enlinea.com.ar\/wp-content\/uploads\/2025\/06\/D_810201-MLA85310456187_052025-F-768x536.jpg",768,536,true],"large":["https:\/\/rms-enlinea.com.ar\/wp-content\/uploads\/2025\/06\/D_810201-MLA85310456187_052025-F-1024x715.jpg",1024,715,true],"1536x1536":["https:\/\/rms-enlinea.com.ar\/wp-content\/uploads\/2025\/06\/D_810201-MLA85310456187_052025-F.jpg",1200,838,false],"2048x2048":["https:\/\/rms-enlinea.com.ar\/wp-content\/uploads\/2025\/06\/D_810201-MLA85310456187_052025-F.jpg",1200,838,false],"woocommerce_thumbnail":["https:\/\/rms-enlinea.com.ar\/wp-content\/uploads\/2025\/06\/D_810201-MLA85310456187_052025-F-450x450.jpg",450,450,true],"woocommerce_single":["https:\/\/rms-enlinea.com.ar\/wp-content\/uploads\/2025\/06\/D_810201-MLA85310456187_052025-F-600x419.jpg",600,419,true],"woocommerce_gallery_thumbnail":["https:\/\/rms-enlinea.com.ar\/wp-content\/uploads\/2025\/06\/D_810201-MLA85310456187_052025-F-100x100.jpg",100,100,true]},"uagb_author_info":{"display_name":"l0071054","author_link":"https:\/\/rms-enlinea.com.ar\/tienda\/author\/"},"uagb_comment_info":0,"uagb_excerpt":"Con Wi-Fi NoCon Bluetooth NoCon puerto USB S\u00edColor principal BlancoMarca HPCondici\u00f3n del \u00edtem NuevoColor BlancoTecnolog\u00eda de impresi\u00f3n L\u00e1serModelo alfanum\u00e9rico 7MD67AL\u00ednea LaserJetVelocidad m\u00e1xima de impresi\u00f3n en color 20 ppmCapacidad m\u00e1xima de hojas 100Velocidad m\u00e1xima de impresi\u00f3n en blanco y negro 20 ppmFunciones de la impresora Impresi\u00f3nTipo de impresi\u00f3n Monocrom\u00e1ticaVoltaje 220V","_links":{"self":[{"href":"https:\/\/rms-enlinea.com.ar\/tienda\/wp-json\/wp\/v2\/product\/10453","targetHints":{"allow":["GET"]}}],"collection":[{"href":"https:\/\/rms-enlinea.com.ar\/tienda\/wp-json\/wp\/v2\/product"}],"about":[{"href":"https:\/\/rms-enlinea.com.ar\/tienda\/wp-json\/wp\/v2\/types\/product"}],"replies":[{"embeddable":true,"href":"https:\/\/rms-enlinea.com.ar\/tienda\/wp-json\/wp\/v2\/comments?post=10453"}],"wp:featuredmedia":[{"embeddable":true,"href":"https:\/\/rms-enlinea.com.ar\/tienda\/wp-json\/wp\/v2\/media\/10454"}],"wp:attachment":[{"href":"https:\/\/rms-enlinea.com.ar\/tienda\/wp-json\/wp\/v2\/media?parent=10453"}],"wp:term":[{"taxonomy":"product_brand","embeddable":true,"href":"https:\/\/rms-enlinea.com.ar\/tienda\/wp-json\/wp\/v2\/product_brand?post=10453"},{"taxonomy":"product_cat","embeddable":true,"href":"https:\/\/rms-enlinea.com.ar\/tienda\/wp-json\/wp\/v2\/product_cat?post=10453"},{"taxonomy":"product_tag","embeddable":true,"href":"https:\/\/rms-enlinea.com.ar\/tienda\/wp-json\/wp\/v2\/product_tag?post=10453"}],"curies":[{"name":"wp","href":"https:\/\/api.w.org\/{rel}","templated":true}]}}