{"id":10472,"date":"2025-06-12T05:22:04","date_gmt":"2025-06-12T08:22:04","guid":{"rendered":"https:\/\/rms-enlinea.com.ar\/tienda\/producto\/impresora-multifuncion-epson-l4260-wifi-usb-ecotank\/"},"modified":"2026-04-21T04:32:18","modified_gmt":"2026-04-21T07:32:18","slug":"impresora-multifuncion-epson-l4260-wifi-usb-ecotank","status":"publish","type":"product","link":"https:\/\/rms-enlinea.com.ar\/tienda\/producto\/impresora-multifuncion-epson-l4260-wifi-usb-ecotank\/","title":{"rendered":"Impresora Multifuncion Epson L4260 Wifi Usb Ecotank"},"content":{"rendered":"<p>Modelo alfanum\u00e9rico<\/p>\n<p>C11CJ63303<br \/>Marca<\/p>\n<p>Epson<br \/>Tipo de pantalla<\/p>\n<p>LCD<br \/>M\u00e9todo de impresi\u00f3n doble faz<\/p>\n<p>Autom\u00e1tico<br \/>C\u00f3digo universal de producto<\/p>\n<p>010343957985<br \/>L\u00ednea<\/p>\n<p>EcoTank<br \/>Velocidad m\u00e1xima de impresi\u00f3n en blanco y negro<\/p>\n<p>33 ppm<br \/>Velocidad m\u00e1xima de impresi\u00f3n en color<\/p>\n<p>15 ppm<br \/>Capacidad m\u00e1xima de hojas<\/p>\n<p>100<br \/>Modelo<\/p>\n<p>L4160<br \/>Tipos de papel<\/p>\n<p>Normal,Fotogr\u00e1fico,Bond,Sobre,Correo a\u00e9reo,Plano<br \/>Funciones de la impresora<\/p>\n<p>Impresi\u00f3n,Copia,Escaneo<br \/>Tipo de impresora<\/p>\n<p>Multifunci\u00f3n<br \/>Tecnolog\u00eda de impresi\u00f3n<\/p>\n<p>Inyecci\u00f3n de tinta<br \/>Tipo de impresi\u00f3n<\/p>\n<p>Color<br \/>Cantidad de bandejas<\/p>\n<p>2<br \/>Voltaje<\/p>\n<p>110V\/220V<br \/>Con puerto USB<\/p>\n<p>S\u00ed<br \/>Con Wi-Fi<\/p>\n<p>S\u00ed<\/p>\n","protected":false},"excerpt":{"rendered":"<p>Modelo alfanum\u00e9rico C11CJ63303Marca EpsonTipo de pantalla LCDM\u00e9todo de impresi\u00f3n doble faz Autom\u00e1ticoC\u00f3digo universal de producto 010343957985L\u00ednea EcoTankVelocidad m\u00e1xima de impresi\u00f3n en blanco y negro 33 ppmVelocidad m\u00e1xima de impresi\u00f3n en color 15 ppmCapacidad m\u00e1xima de hojas 100Modelo L4160Tipos de papel Normal,Fotogr\u00e1fico,Bond,Sobre,Correo a\u00e9reo,PlanoFunciones de la impresora Impresi\u00f3n,Copia,EscaneoTipo de impresora Multifunci\u00f3nTecnolog\u00eda de impresi\u00f3n Inyecci\u00f3n de tintaTipo de [&hellip;]<\/p>\n","protected":false},"featured_media":10473,"comment_status":"open","ping_status":"closed","template":"","meta":{"_uag_custom_page_level_css":""},"product_brand":[],"product_cat":[110],"product_tag":[],"class_list":{"0":"post-10472","1":"product","2":"type-product","3":"status-publish","4":"has-post-thumbnail","6":"product_cat-impresoras","8":"first","9":"outofstock","10":"sale","11":"taxable","12":"shipping-taxable","13":"purchasable","14":"product-type-simple"},"uagb_featured_image_src":{"full":["https:\/\/rms-enlinea.com.ar\/wp-content\/uploads\/2025\/06\/D_853399-MLA82092562366_022025-F.jpg",1200,821,false],"thumbnail":["https:\/\/rms-enlinea.com.ar\/wp-content\/uploads\/2025\/06\/D_853399-MLA82092562366_022025-F-150x150.jpg",150,150,true],"medium":["https:\/\/rms-enlinea.com.ar\/wp-content\/uploads\/2025\/06\/D_853399-MLA82092562366_022025-F-300x205.jpg",300,205,true],"medium_large":["https:\/\/rms-enlinea.com.ar\/wp-content\/uploads\/2025\/06\/D_853399-MLA82092562366_022025-F-768x525.jpg",768,525,true],"large":["https:\/\/rms-enlinea.com.ar\/wp-content\/uploads\/2025\/06\/D_853399-MLA82092562366_022025-F-1024x701.jpg",1024,701,true],"1536x1536":["https:\/\/rms-enlinea.com.ar\/wp-content\/uploads\/2025\/06\/D_853399-MLA82092562366_022025-F.jpg",1200,821,false],"2048x2048":["https:\/\/rms-enlinea.com.ar\/wp-content\/uploads\/2025\/06\/D_853399-MLA82092562366_022025-F.jpg",1200,821,false],"woocommerce_thumbnail":["https:\/\/rms-enlinea.com.ar\/wp-content\/uploads\/2025\/06\/D_853399-MLA82092562366_022025-F-450x450.jpg",450,450,true],"woocommerce_single":["https:\/\/rms-enlinea.com.ar\/wp-content\/uploads\/2025\/06\/D_853399-MLA82092562366_022025-F-600x411.jpg",600,411,true],"woocommerce_gallery_thumbnail":["https:\/\/rms-enlinea.com.ar\/wp-content\/uploads\/2025\/06\/D_853399-MLA82092562366_022025-F-100x100.jpg",100,100,true]},"uagb_author_info":{"display_name":"l0071054","author_link":"https:\/\/rms-enlinea.com.ar\/tienda\/author\/"},"uagb_comment_info":0,"uagb_excerpt":"Modelo alfanum\u00e9rico C11CJ63303Marca EpsonTipo de pantalla LCDM\u00e9todo de impresi\u00f3n doble faz Autom\u00e1ticoC\u00f3digo universal de producto 010343957985L\u00ednea EcoTankVelocidad m\u00e1xima de impresi\u00f3n en blanco y negro 33 ppmVelocidad m\u00e1xima de impresi\u00f3n en color 15 ppmCapacidad m\u00e1xima de hojas 100Modelo L4160Tipos de papel Normal,Fotogr\u00e1fico,Bond,Sobre,Correo a\u00e9reo,PlanoFunciones de la impresora Impresi\u00f3n,Copia,EscaneoTipo de impresora Multifunci\u00f3nTecnolog\u00eda de impresi\u00f3n Inyecci\u00f3n de tintaTipo de&hellip;","_links":{"self":[{"href":"https:\/\/rms-enlinea.com.ar\/tienda\/wp-json\/wp\/v2\/product\/10472","targetHints":{"allow":["GET"]}}],"collection":[{"href":"https:\/\/rms-enlinea.com.ar\/tienda\/wp-json\/wp\/v2\/product"}],"about":[{"href":"https:\/\/rms-enlinea.com.ar\/tienda\/wp-json\/wp\/v2\/types\/product"}],"replies":[{"embeddable":true,"href":"https:\/\/rms-enlinea.com.ar\/tienda\/wp-json\/wp\/v2\/comments?post=10472"}],"wp:featuredmedia":[{"embeddable":true,"href":"https:\/\/rms-enlinea.com.ar\/tienda\/wp-json\/wp\/v2\/media\/10473"}],"wp:attachment":[{"href":"https:\/\/rms-enlinea.com.ar\/tienda\/wp-json\/wp\/v2\/media?parent=10472"}],"wp:term":[{"taxonomy":"product_brand","embeddable":true,"href":"https:\/\/rms-enlinea.com.ar\/tienda\/wp-json\/wp\/v2\/product_brand?post=10472"},{"taxonomy":"product_cat","embeddable":true,"href":"https:\/\/rms-enlinea.com.ar\/tienda\/wp-json\/wp\/v2\/product_cat?post=10472"},{"taxonomy":"product_tag","embeddable":true,"href":"https:\/\/rms-enlinea.com.ar\/tienda\/wp-json\/wp\/v2\/product_tag?post=10472"}],"curies":[{"name":"wp","href":"https:\/\/api.w.org\/{rel}","templated":true}]}}