{"id":10482,"date":"2025-06-12T05:22:18","date_gmt":"2025-06-12T08:22:18","guid":{"rendered":"https:\/\/rms-enlinea.com.ar\/tienda\/producto\/mouse-corsair-katar-elite-rgb-26000-dpi-negro-ch-931c111-na\/"},"modified":"2026-04-09T16:50:53","modified_gmt":"2026-04-09T19:50:53","slug":"mouse-corsair-katar-elite-rgb-26000-dpi-negro-ch-931c111-na","status":"publish","type":"product","link":"https:\/\/rms-enlinea.com.ar\/tienda\/producto\/mouse-corsair-katar-elite-rgb-26000-dpi-negro-ch-931c111-na\/","title":{"rendered":"Mouse Corsair Katar Elite Rgb 26000 Dpi Negro Ch-931c111-na"},"content":{"rendered":"<p>Conectividad<br \/>Inal\u00e1mbrica<br \/>Compatibilidad con el rat\u00f3n\tPC o Mac\u00ae con un puerto USB 2.0 Tipo-A<br \/>Tipo de sensor\t\u00d3ptico<br \/>Software CUE\tCompatible con iCUE<br \/>Tipo de juego\tFPS; MOBA; Battle Royale<br \/>Perfiles de memoria a bordo\t1<br \/>Duraci\u00f3n de la bater\u00eda\t2.4GHz SLIPSTREAM: Hasta 60 horas de uso continuo<br \/>Tipo de agarre\tGarra; Punta de los dedos<br \/>Ajuste de peso\tNo<br \/>Tama\u00f1o de la mano\tPeque\u00f1a<br \/>G\u00e9nero de juego\tFPS; MOBA; Battle Royale<br \/>Cable\tCable de goma antienredos de 1.8m<br \/>Sensor\tMARKSMAN 26K<br \/>DPI\t26<br \/>Capacidad de peso\tLigero<br \/>Fuente de alimentaci\u00f3n\tBater\u00eda recargable de litio-pol\u00edmero<br \/>Peso\t0.069 kg<\/p>\n","protected":false},"excerpt":{"rendered":"<p>ConectividadInal\u00e1mbricaCompatibilidad con el rat\u00f3n PC o Mac\u00ae con un puerto USB 2.0 Tipo-ATipo de sensor \u00d3pticoSoftware CUE Compatible con iCUETipo de juego FPS; MOBA; Battle RoyalePerfiles de memoria a bordo 1Duraci\u00f3n de la bater\u00eda 2.4GHz SLIPSTREAM: Hasta 60 horas de uso continuoTipo de agarre Garra; Punta de los dedosAjuste de peso NoTama\u00f1o de la mano [&hellip;]<\/p>\n","protected":false},"featured_media":3042,"comment_status":"open","ping_status":"closed","template":"","meta":{"_uag_custom_page_level_css":""},"product_brand":[555],"product_cat":[125],"product_tag":[],"class_list":{"0":"post-10482","1":"product","2":"type-product","3":"status-publish","4":"has-post-thumbnail","6":"product_brand-corsair","7":"product_cat-teclados-y-mouses","9":"first","10":"outofstock","11":"sale","12":"taxable","13":"shipping-taxable","14":"purchasable","15":"product-type-simple"},"uagb_featured_image_src":{"full":["https:\/\/rms-enlinea.com.ar\/wp-content\/uploads\/2025\/06\/D_768933-MLU78018017943_072024-F.jpg",1200,956,false],"thumbnail":["https:\/\/rms-enlinea.com.ar\/wp-content\/uploads\/2025\/06\/D_768933-MLU78018017943_072024-F-150x150.jpg",150,150,true],"medium":["https:\/\/rms-enlinea.com.ar\/wp-content\/uploads\/2025\/06\/D_768933-MLU78018017943_072024-F-300x239.jpg",300,239,true],"medium_large":["https:\/\/rms-enlinea.com.ar\/wp-content\/uploads\/2025\/06\/D_768933-MLU78018017943_072024-F-768x612.jpg",768,612,true],"large":["https:\/\/rms-enlinea.com.ar\/wp-content\/uploads\/2025\/06\/D_768933-MLU78018017943_072024-F-1024x816.jpg",1024,816,true],"1536x1536":["https:\/\/rms-enlinea.com.ar\/wp-content\/uploads\/2025\/06\/D_768933-MLU78018017943_072024-F.jpg",1200,956,false],"2048x2048":["https:\/\/rms-enlinea.com.ar\/wp-content\/uploads\/2025\/06\/D_768933-MLU78018017943_072024-F.jpg",1200,956,false],"woocommerce_thumbnail":["https:\/\/rms-enlinea.com.ar\/wp-content\/uploads\/2025\/06\/D_768933-MLU78018017943_072024-F-450x450.jpg",450,450,true],"woocommerce_single":["https:\/\/rms-enlinea.com.ar\/wp-content\/uploads\/2025\/06\/D_768933-MLU78018017943_072024-F-600x478.jpg",600,478,true],"woocommerce_gallery_thumbnail":["https:\/\/rms-enlinea.com.ar\/wp-content\/uploads\/2025\/06\/D_768933-MLU78018017943_072024-F-100x100.jpg",100,100,true]},"uagb_author_info":{"display_name":"l0071054","author_link":"https:\/\/rms-enlinea.com.ar\/tienda\/author\/"},"uagb_comment_info":0,"uagb_excerpt":"ConectividadInal\u00e1mbricaCompatibilidad con el rat\u00f3n PC o Mac\u00ae con un puerto USB 2.0 Tipo-ATipo de sensor \u00d3pticoSoftware CUE Compatible con iCUETipo de juego FPS; MOBA; Battle RoyalePerfiles de memoria a bordo 1Duraci\u00f3n de la bater\u00eda 2.4GHz SLIPSTREAM: Hasta 60 horas de uso continuoTipo de agarre Garra; Punta de los dedosAjuste de peso NoTama\u00f1o de la mano&hellip;","_links":{"self":[{"href":"https:\/\/rms-enlinea.com.ar\/tienda\/wp-json\/wp\/v2\/product\/10482","targetHints":{"allow":["GET"]}}],"collection":[{"href":"https:\/\/rms-enlinea.com.ar\/tienda\/wp-json\/wp\/v2\/product"}],"about":[{"href":"https:\/\/rms-enlinea.com.ar\/tienda\/wp-json\/wp\/v2\/types\/product"}],"replies":[{"embeddable":true,"href":"https:\/\/rms-enlinea.com.ar\/tienda\/wp-json\/wp\/v2\/comments?post=10482"}],"wp:featuredmedia":[{"embeddable":true,"href":"https:\/\/rms-enlinea.com.ar\/tienda\/wp-json\/wp\/v2\/media\/3042"}],"wp:attachment":[{"href":"https:\/\/rms-enlinea.com.ar\/tienda\/wp-json\/wp\/v2\/media?parent=10482"}],"wp:term":[{"taxonomy":"product_brand","embeddable":true,"href":"https:\/\/rms-enlinea.com.ar\/tienda\/wp-json\/wp\/v2\/product_brand?post=10482"},{"taxonomy":"product_cat","embeddable":true,"href":"https:\/\/rms-enlinea.com.ar\/tienda\/wp-json\/wp\/v2\/product_cat?post=10482"},{"taxonomy":"product_tag","embeddable":true,"href":"https:\/\/rms-enlinea.com.ar\/tienda\/wp-json\/wp\/v2\/product_tag?post=10482"}],"curies":[{"name":"wp","href":"https:\/\/api.w.org\/{rel}","templated":true}]}}