{"id":10588,"date":"2025-06-12T05:24:34","date_gmt":"2025-06-12T08:24:34","guid":{"rendered":"https:\/\/rms-enlinea.com.ar\/tienda\/producto\/woofer-ciare-pw396-15-pulgadas-400w-rms-99db-camp-aluminio\/"},"modified":"2026-04-02T16:37:34","modified_gmt":"2026-04-02T19:37:34","slug":"woofer-ciare-pw396-15-pulgadas-400w-rms-99db-camp-aluminio","status":"publish","type":"product","link":"https:\/\/rms-enlinea.com.ar\/tienda\/producto\/woofer-ciare-pw396-15-pulgadas-400w-rms-99db-camp-aluminio\/","title":{"rendered":"Woofer Ciare Pw396 15 Pulgadas 400w Rms 99db Camp Aluminio"},"content":{"rendered":"<p>Ciare es respaldado por B&amp;C GROUP, breve historia en el 2017 B&amp;C Speakers adquiere Ciare y Eighteen Sound para convertirse en B&amp;C Group, el grupo de fabricaci\u00f3n de audio profesional l\u00edder en el mundo.<\/p>\n<p>Ciare Woofer 15&#8243; 800W 8 Ohms<br \/>\nDi\u00e1metro nominal 15\u201d- 380 mm<br \/>\nImpedancia nominal 8 ohmios<br \/>\nManejo de potencia nominal 400 W<br \/>\nPotencia del programa 800 W<br \/>\nSensibilidad 99 dB<br \/>\nRango de frecuencia 35-2000 Hz<br \/>\nMaterial de la cesta Aluminio<br \/>\nMaterial del im\u00e1n ferrita<br \/>\nTela envolvente Nomex<br \/>\nDi\u00e1metro de la bobina m\u00f3vil 3 pulg. &#8211; 75 mm<br \/>\nLongitud de la bobina m\u00f3vil 18 mm &#8211; 0,71 pulgadas<br \/>\nMaterial anterior de la bobina m\u00f3vil Kapton<br \/>\nFerrofluido No<br \/>\nAltura del espacio magn\u00e9tico 10 mm &#8211; 0,39 pulg.<br \/>\nProducto de ancho de banda de eficiencia EBP 105<br \/>\nCaja ventilada de carga recomendada<br \/>\nVolumen \/ Frecuencia de sintonizaci\u00f3n 105 Lt (dm) &#8211; 3708 pies c\u00fabicos \/ 44 Hz<\/p>\n","protected":false},"excerpt":{"rendered":"<p>Ciare es respaldado por B&amp;C GROUP, breve historia en el 2017 B&amp;C Speakers adquiere Ciare y Eighteen Sound para convertirse en B&amp;C Group, el grupo de fabricaci\u00f3n de audio profesional l\u00edder en el mundo. Ciare Woofer 15&#8243; 800W 8 Ohms Di\u00e1metro nominal 15\u201d- 380 mm Impedancia nominal 8 ohmios Manejo de potencia nominal 400 W [&hellip;]<\/p>\n","protected":false},"featured_media":10589,"comment_status":"open","ping_status":"closed","template":"","meta":{"_uag_custom_page_level_css":""},"product_brand":[541],"product_cat":[82],"product_tag":[],"class_list":{"0":"post-10588","1":"product","2":"type-product","3":"status-publish","4":"has-post-thumbnail","6":"product_brand-ciare","7":"product_cat-woofers","9":"first","10":"instock","11":"sale","12":"taxable","13":"shipping-taxable","14":"purchasable","15":"product-type-simple"},"uagb_featured_image_src":{"full":["https:\/\/rms-enlinea.com.ar\/wp-content\/uploads\/2025\/06\/D_669554-MLA75159919713_032024-F.jpg",983,568,false],"thumbnail":["https:\/\/rms-enlinea.com.ar\/wp-content\/uploads\/2025\/06\/D_669554-MLA75159919713_032024-F-150x150.jpg",150,150,true],"medium":["https:\/\/rms-enlinea.com.ar\/wp-content\/uploads\/2025\/06\/D_669554-MLA75159919713_032024-F-300x173.jpg",300,173,true],"medium_large":["https:\/\/rms-enlinea.com.ar\/wp-content\/uploads\/2025\/06\/D_669554-MLA75159919713_032024-F-768x444.jpg",768,444,true],"large":["https:\/\/rms-enlinea.com.ar\/wp-content\/uploads\/2025\/06\/D_669554-MLA75159919713_032024-F.jpg",983,568,false],"1536x1536":["https:\/\/rms-enlinea.com.ar\/wp-content\/uploads\/2025\/06\/D_669554-MLA75159919713_032024-F.jpg",983,568,false],"2048x2048":["https:\/\/rms-enlinea.com.ar\/wp-content\/uploads\/2025\/06\/D_669554-MLA75159919713_032024-F.jpg",983,568,false],"woocommerce_thumbnail":["https:\/\/rms-enlinea.com.ar\/wp-content\/uploads\/2025\/06\/D_669554-MLA75159919713_032024-F-450x450.jpg",450,450,true],"woocommerce_single":["https:\/\/rms-enlinea.com.ar\/wp-content\/uploads\/2025\/06\/D_669554-MLA75159919713_032024-F-600x347.jpg",600,347,true],"woocommerce_gallery_thumbnail":["https:\/\/rms-enlinea.com.ar\/wp-content\/uploads\/2025\/06\/D_669554-MLA75159919713_032024-F-100x100.jpg",100,100,true]},"uagb_author_info":{"display_name":"l0071054","author_link":"https:\/\/rms-enlinea.com.ar\/tienda\/author\/"},"uagb_comment_info":0,"uagb_excerpt":"Ciare es respaldado por B&amp;C GROUP, breve historia en el 2017 B&amp;C Speakers adquiere Ciare y Eighteen Sound para convertirse en B&amp;C Group, el grupo de fabricaci\u00f3n de audio profesional l\u00edder en el mundo. Ciare Woofer 15&#8243; 800W 8 Ohms Di\u00e1metro nominal 15\u201d- 380 mm Impedancia nominal 8 ohmios Manejo de potencia nominal 400 W&hellip;","_links":{"self":[{"href":"https:\/\/rms-enlinea.com.ar\/tienda\/wp-json\/wp\/v2\/product\/10588","targetHints":{"allow":["GET"]}}],"collection":[{"href":"https:\/\/rms-enlinea.com.ar\/tienda\/wp-json\/wp\/v2\/product"}],"about":[{"href":"https:\/\/rms-enlinea.com.ar\/tienda\/wp-json\/wp\/v2\/types\/product"}],"replies":[{"embeddable":true,"href":"https:\/\/rms-enlinea.com.ar\/tienda\/wp-json\/wp\/v2\/comments?post=10588"}],"wp:featuredmedia":[{"embeddable":true,"href":"https:\/\/rms-enlinea.com.ar\/tienda\/wp-json\/wp\/v2\/media\/10589"}],"wp:attachment":[{"href":"https:\/\/rms-enlinea.com.ar\/tienda\/wp-json\/wp\/v2\/media?parent=10588"}],"wp:term":[{"taxonomy":"product_brand","embeddable":true,"href":"https:\/\/rms-enlinea.com.ar\/tienda\/wp-json\/wp\/v2\/product_brand?post=10588"},{"taxonomy":"product_cat","embeddable":true,"href":"https:\/\/rms-enlinea.com.ar\/tienda\/wp-json\/wp\/v2\/product_cat?post=10588"},{"taxonomy":"product_tag","embeddable":true,"href":"https:\/\/rms-enlinea.com.ar\/tienda\/wp-json\/wp\/v2\/product_tag?post=10588"}],"curies":[{"name":"wp","href":"https:\/\/api.w.org\/{rel}","templated":true}]}}