{"id":10592,"date":"2025-06-12T05:24:39","date_gmt":"2025-06-12T08:24:39","guid":{"rendered":"https:\/\/rms-enlinea.com.ar\/tienda\/producto\/teclado-inalambrico-logitech-wireless-wave-keys-ergo-espanol-negro\/"},"modified":"2026-03-31T20:46:18","modified_gmt":"2026-03-31T23:46:18","slug":"teclado-inalambrico-logitech-wireless-wave-keys-ergo-espanol-negro","status":"publish","type":"product","link":"https:\/\/rms-enlinea.com.ar\/tienda\/producto\/teclado-inalambrico-logitech-wireless-wave-keys-ergo-espanol-negro\/","title":{"rendered":"Teclado Inalambrico Logitech Wireless Wave Keys Ergo Espa\u00f1ol Negro"},"content":{"rendered":"<p>Innovadores en dise\u00f1o y tecnolog\u00eda, Logitech se encarga de brindar la mejor experiencia de uso para sus usuarios. Sus teclados resaltan por ser resistentes y muy de buena calidad, por lo que podr\u00e1s disfrutarlos por un largo tiempo.<\/p>\n","protected":false},"excerpt":{"rendered":"<p>Innovadores en dise\u00f1o y tecnolog\u00eda, Logitech se encarga de brindar la mejor experiencia de uso para sus usuarios. Sus teclados resaltan por ser resistentes y muy de buena calidad, por lo que podr\u00e1s disfrutarlos por un largo tiempo.<\/p>\n","protected":false},"featured_media":10593,"comment_status":"open","ping_status":"closed","template":"","meta":{"_uag_custom_page_level_css":""},"product_brand":[549],"product_cat":[125],"product_tag":[],"class_list":{"0":"post-10592","1":"product","2":"type-product","3":"status-publish","4":"has-post-thumbnail","6":"product_brand-logitech","7":"product_cat-teclados-y-mouses","9":"first","10":"outofstock","11":"sale","12":"taxable","13":"shipping-taxable","14":"purchasable","15":"product-type-simple"},"uagb_featured_image_src":{"full":["https:\/\/rms-enlinea.com.ar\/wp-content\/uploads\/2025\/06\/D_787731-MLU73095903956_112023-F.jpg",1200,829,false],"thumbnail":["https:\/\/rms-enlinea.com.ar\/wp-content\/uploads\/2025\/06\/D_787731-MLU73095903956_112023-F-150x150.jpg",150,150,true],"medium":["https:\/\/rms-enlinea.com.ar\/wp-content\/uploads\/2025\/06\/D_787731-MLU73095903956_112023-F-300x207.jpg",300,207,true],"medium_large":["https:\/\/rms-enlinea.com.ar\/wp-content\/uploads\/2025\/06\/D_787731-MLU73095903956_112023-F-768x531.jpg",768,531,true],"large":["https:\/\/rms-enlinea.com.ar\/wp-content\/uploads\/2025\/06\/D_787731-MLU73095903956_112023-F-1024x707.jpg",1024,707,true],"1536x1536":["https:\/\/rms-enlinea.com.ar\/wp-content\/uploads\/2025\/06\/D_787731-MLU73095903956_112023-F.jpg",1200,829,false],"2048x2048":["https:\/\/rms-enlinea.com.ar\/wp-content\/uploads\/2025\/06\/D_787731-MLU73095903956_112023-F.jpg",1200,829,false],"woocommerce_thumbnail":["https:\/\/rms-enlinea.com.ar\/wp-content\/uploads\/2025\/06\/D_787731-MLU73095903956_112023-F-450x450.jpg",450,450,true],"woocommerce_single":["https:\/\/rms-enlinea.com.ar\/wp-content\/uploads\/2025\/06\/D_787731-MLU73095903956_112023-F-600x415.jpg",600,415,true],"woocommerce_gallery_thumbnail":["https:\/\/rms-enlinea.com.ar\/wp-content\/uploads\/2025\/06\/D_787731-MLU73095903956_112023-F-100x100.jpg",100,100,true]},"uagb_author_info":{"display_name":"l0071054","author_link":"https:\/\/rms-enlinea.com.ar\/tienda\/author\/"},"uagb_comment_info":0,"uagb_excerpt":"Innovadores en dise\u00f1o y tecnolog\u00eda, Logitech se encarga de brindar la mejor experiencia de uso para sus usuarios. Sus teclados resaltan por ser resistentes y muy de buena calidad, por lo que podr\u00e1s disfrutarlos por un largo tiempo.","_links":{"self":[{"href":"https:\/\/rms-enlinea.com.ar\/tienda\/wp-json\/wp\/v2\/product\/10592","targetHints":{"allow":["GET"]}}],"collection":[{"href":"https:\/\/rms-enlinea.com.ar\/tienda\/wp-json\/wp\/v2\/product"}],"about":[{"href":"https:\/\/rms-enlinea.com.ar\/tienda\/wp-json\/wp\/v2\/types\/product"}],"replies":[{"embeddable":true,"href":"https:\/\/rms-enlinea.com.ar\/tienda\/wp-json\/wp\/v2\/comments?post=10592"}],"wp:featuredmedia":[{"embeddable":true,"href":"https:\/\/rms-enlinea.com.ar\/tienda\/wp-json\/wp\/v2\/media\/10593"}],"wp:attachment":[{"href":"https:\/\/rms-enlinea.com.ar\/tienda\/wp-json\/wp\/v2\/media?parent=10592"}],"wp:term":[{"taxonomy":"product_brand","embeddable":true,"href":"https:\/\/rms-enlinea.com.ar\/tienda\/wp-json\/wp\/v2\/product_brand?post=10592"},{"taxonomy":"product_cat","embeddable":true,"href":"https:\/\/rms-enlinea.com.ar\/tienda\/wp-json\/wp\/v2\/product_cat?post=10592"},{"taxonomy":"product_tag","embeddable":true,"href":"https:\/\/rms-enlinea.com.ar\/tienda\/wp-json\/wp\/v2\/product_tag?post=10592"}],"curies":[{"name":"wp","href":"https:\/\/api.w.org\/{rel}","templated":true}]}}