{"id":10614,"date":"2025-06-12T05:25:01","date_gmt":"2025-06-12T08:25:01","guid":{"rendered":"https:\/\/rms-enlinea.com.ar\/tienda\/producto\/teclado-logitech-wave-keys-usb-espanol-inalambrico\/"},"modified":"2026-04-06T14:32:31","modified_gmt":"2026-04-06T17:32:31","slug":"teclado-logitech-wave-keys-usb-espanol-inalambrico","status":"publish","type":"product","link":"https:\/\/rms-enlinea.com.ar\/tienda\/producto\/teclado-logitech-wave-keys-usb-espanol-inalambrico\/","title":{"rendered":"Teclado Logitech Wave Keys Usb Espa\u00f1ol Inal\u00e1mbrico"},"content":{"rendered":"<p>Longitud: 375,97 mil\u00edmetros<br \/>Ancho: 218,91 mil\u00edmetros<br \/>Altura: 30,53 mil\u00edmetros<br \/>Peso (incluidas las bater\u00edas): 750 g<br \/>ESPECIFICACIONES T\u00c9CNICAS<br \/>Aplicaci\u00f3n de personalizaci\u00f3n<br \/>Supported by Logi Option s+ App on Windows\u00ae and macOS 1Requiere la aplicaci\u00f3n Logi Options +, disponible para Windows y macOS en logi.com\/optionsplus<br \/>BATER\u00cdA<br \/>Tipo de bater\u00edas: 2x AAA (incluidas)<br \/>Duraci\u00f3n de bater\u00edas: hasta 36 meses 2La duraci\u00f3n de las bater\u00edas depende del uso y de los dispositivos.<br \/>DISE\u00d1O COMPACTO CON TECLADO NUM\u00c9RICO<br \/>Dise\u00f1o con doble impresi\u00f3n (Windows\/Mac)<br \/>Teclas Easy-Switch (se pueden conectar 3 dispositivos multisistema operativo)<br \/>Patas ajustables (+4 grados)<br \/>Bot\u00f3n de encendido\/apagado<br \/>Indicadores luminosos de bloqueo de may\u00fasculas y carga de bater\u00eda<br \/>Compatible con mouse dotado de tecnolog\u00eda Logitech Flow 3Requiere la aplicaci\u00f3n Logi Options +, disponible para Windows y macOS en logi.com\/optionsplus<br \/>SOSTENIBILIDAD<br \/>Pl\u00e1stico en grafito: 61% de material reciclado posconsumo 4Excluye pl\u00e1stico del conjunto de cableado impreso (PWA), cables y empaque.<br \/>Pl\u00e1stico en blanco crudo: 46% de material reciclado posconsumo 5Excluye pl\u00e1stico del conjunto de cableado impreso (PWA), cables y empaque.<br \/>Empacado de papel: Certificaci\u00f3n para FSC\u2122<br \/>Con certificaci\u00f3n de carbono neutral<br \/>N\u00daMERO DE REFERENCIA<br \/>Blanco crudo Espa\u00f1ol android : 920-012279<\/p>\n","protected":false},"excerpt":{"rendered":"<p>Longitud: 375,97 mil\u00edmetrosAncho: 218,91 mil\u00edmetrosAltura: 30,53 mil\u00edmetrosPeso (incluidas las bater\u00edas): 750 gESPECIFICACIONES T\u00c9CNICASAplicaci\u00f3n de personalizaci\u00f3nSupported by Logi Option s+ App on Windows\u00ae and macOS 1Requiere la aplicaci\u00f3n Logi Options +, disponible para Windows y macOS en logi.com\/optionsplusBATER\u00cdATipo de bater\u00edas: 2x AAA (incluidas)Duraci\u00f3n de bater\u00edas: hasta 36 meses 2La duraci\u00f3n de las bater\u00edas depende del uso [&hellip;]<\/p>\n","protected":false},"featured_media":10606,"comment_status":"open","ping_status":"closed","template":"","meta":{"_uag_custom_page_level_css":""},"product_brand":[549],"product_cat":[125],"product_tag":[],"class_list":{"0":"post-10614","1":"product","2":"type-product","3":"status-publish","4":"has-post-thumbnail","6":"product_brand-logitech","7":"product_cat-teclados-y-mouses","9":"first","10":"outofstock","11":"sale","12":"taxable","13":"shipping-taxable","14":"purchasable","15":"product-type-simple"},"uagb_featured_image_src":{"full":["https:\/\/rms-enlinea.com.ar\/wp-content\/uploads\/2025\/06\/D_789166-MLU73049201855_112023-F.jpg",1200,829,false],"thumbnail":["https:\/\/rms-enlinea.com.ar\/wp-content\/uploads\/2025\/06\/D_789166-MLU73049201855_112023-F-150x150.jpg",150,150,true],"medium":["https:\/\/rms-enlinea.com.ar\/wp-content\/uploads\/2025\/06\/D_789166-MLU73049201855_112023-F-300x207.jpg",300,207,true],"medium_large":["https:\/\/rms-enlinea.com.ar\/wp-content\/uploads\/2025\/06\/D_789166-MLU73049201855_112023-F-768x531.jpg",768,531,true],"large":["https:\/\/rms-enlinea.com.ar\/wp-content\/uploads\/2025\/06\/D_789166-MLU73049201855_112023-F-1024x707.jpg",1024,707,true],"1536x1536":["https:\/\/rms-enlinea.com.ar\/wp-content\/uploads\/2025\/06\/D_789166-MLU73049201855_112023-F.jpg",1200,829,false],"2048x2048":["https:\/\/rms-enlinea.com.ar\/wp-content\/uploads\/2025\/06\/D_789166-MLU73049201855_112023-F.jpg",1200,829,false],"woocommerce_thumbnail":["https:\/\/rms-enlinea.com.ar\/wp-content\/uploads\/2025\/06\/D_789166-MLU73049201855_112023-F-450x450.jpg",450,450,true],"woocommerce_single":["https:\/\/rms-enlinea.com.ar\/wp-content\/uploads\/2025\/06\/D_789166-MLU73049201855_112023-F-600x415.jpg",600,415,true],"woocommerce_gallery_thumbnail":["https:\/\/rms-enlinea.com.ar\/wp-content\/uploads\/2025\/06\/D_789166-MLU73049201855_112023-F-100x100.jpg",100,100,true]},"uagb_author_info":{"display_name":"l0071054","author_link":"https:\/\/rms-enlinea.com.ar\/tienda\/author\/"},"uagb_comment_info":0,"uagb_excerpt":"Longitud: 375,97 mil\u00edmetrosAncho: 218,91 mil\u00edmetrosAltura: 30,53 mil\u00edmetrosPeso (incluidas las bater\u00edas): 750 gESPECIFICACIONES T\u00c9CNICASAplicaci\u00f3n de personalizaci\u00f3nSupported by Logi Option s+ App on Windows\u00ae and macOS 1Requiere la aplicaci\u00f3n Logi Options +, disponible para Windows y macOS en logi.com\/optionsplusBATER\u00cdATipo de bater\u00edas: 2x AAA (incluidas)Duraci\u00f3n de bater\u00edas: hasta 36 meses 2La duraci\u00f3n de las bater\u00edas depende del uso&hellip;","_links":{"self":[{"href":"https:\/\/rms-enlinea.com.ar\/tienda\/wp-json\/wp\/v2\/product\/10614","targetHints":{"allow":["GET"]}}],"collection":[{"href":"https:\/\/rms-enlinea.com.ar\/tienda\/wp-json\/wp\/v2\/product"}],"about":[{"href":"https:\/\/rms-enlinea.com.ar\/tienda\/wp-json\/wp\/v2\/types\/product"}],"replies":[{"embeddable":true,"href":"https:\/\/rms-enlinea.com.ar\/tienda\/wp-json\/wp\/v2\/comments?post=10614"}],"wp:featuredmedia":[{"embeddable":true,"href":"https:\/\/rms-enlinea.com.ar\/tienda\/wp-json\/wp\/v2\/media\/10606"}],"wp:attachment":[{"href":"https:\/\/rms-enlinea.com.ar\/tienda\/wp-json\/wp\/v2\/media?parent=10614"}],"wp:term":[{"taxonomy":"product_brand","embeddable":true,"href":"https:\/\/rms-enlinea.com.ar\/tienda\/wp-json\/wp\/v2\/product_brand?post=10614"},{"taxonomy":"product_cat","embeddable":true,"href":"https:\/\/rms-enlinea.com.ar\/tienda\/wp-json\/wp\/v2\/product_cat?post=10614"},{"taxonomy":"product_tag","embeddable":true,"href":"https:\/\/rms-enlinea.com.ar\/tienda\/wp-json\/wp\/v2\/product_tag?post=10614"}],"curies":[{"name":"wp","href":"https:\/\/api.w.org\/{rel}","templated":true}]}}