{"id":10622,"date":"2025-06-12T05:25:12","date_gmt":"2025-06-12T08:25:12","guid":{"rendered":"https:\/\/rms-enlinea.com.ar\/tienda\/producto\/auricular-gamer-genius-hs-610-c-microfono-tablet-cel\/"},"modified":"2026-04-09T18:30:45","modified_gmt":"2026-04-09T21:30:45","slug":"auricular-gamer-genius-hs-610-c-microfono-tablet-cel","status":"publish","type":"product","link":"https:\/\/rms-enlinea.com.ar\/tienda\/producto\/auricular-gamer-genius-hs-610-c-microfono-tablet-cel\/","title":{"rendered":"Auricular Gamer Genius Hs-610 C\/ Microfono Tablet Cel"},"content":{"rendered":"<p>Marca<\/p>\n<p>Genius<br \/>Largo del cable<\/p>\n<p>1.5 m<br \/>Formato del auricular<\/p>\n<p>Headset<br \/>Es gamer<\/p>\n<p>No<br \/>Es monoaural<\/p>\n<p>No<br \/>Es inal\u00e1mbrico<\/p>\n<p>No<br \/>L\u00ednea<\/p>\n<p>hs-610<br \/>Modelo<\/p>\n<p>HS-610<br \/>Con Bluetooth<\/p>\n<p>No<br \/>Con luz LED<\/p>\n<p>No<br \/>Con micr\u00f3fono<\/p>\n<p>S\u00ed<\/p>\n","protected":false},"excerpt":{"rendered":"<p>Marca GeniusLargo del cable 1.5 mFormato del auricular HeadsetEs gamer NoEs monoaural NoEs inal\u00e1mbrico NoL\u00ednea hs-610Modelo HS-610Con Bluetooth NoCon luz LED NoCon micr\u00f3fono S\u00ed<\/p>\n","protected":false},"featured_media":10618,"comment_status":"open","ping_status":"closed","template":"","meta":{"_uag_custom_page_level_css":""},"product_brand":[550],"product_cat":[99],"product_tag":[],"class_list":{"0":"post-10622","1":"product","2":"type-product","3":"status-publish","4":"has-post-thumbnail","6":"product_brand-genius","7":"product_cat-auriculares-computacion","9":"first","10":"instock","11":"sale","12":"taxable","13":"shipping-taxable","14":"purchasable","15":"product-type-simple"},"uagb_featured_image_src":{"full":["https:\/\/rms-enlinea.com.ar\/wp-content\/uploads\/2025\/06\/D_926323-MLA47691355374_092021-F.jpg",1054,1200,false],"thumbnail":["https:\/\/rms-enlinea.com.ar\/wp-content\/uploads\/2025\/06\/D_926323-MLA47691355374_092021-F-150x150.jpg",150,150,true],"medium":["https:\/\/rms-enlinea.com.ar\/wp-content\/uploads\/2025\/06\/D_926323-MLA47691355374_092021-F-264x300.jpg",264,300,true],"medium_large":["https:\/\/rms-enlinea.com.ar\/wp-content\/uploads\/2025\/06\/D_926323-MLA47691355374_092021-F-768x874.jpg",768,874,true],"large":["https:\/\/rms-enlinea.com.ar\/wp-content\/uploads\/2025\/06\/D_926323-MLA47691355374_092021-F-899x1024.jpg",899,1024,true],"1536x1536":["https:\/\/rms-enlinea.com.ar\/wp-content\/uploads\/2025\/06\/D_926323-MLA47691355374_092021-F.jpg",1054,1200,false],"2048x2048":["https:\/\/rms-enlinea.com.ar\/wp-content\/uploads\/2025\/06\/D_926323-MLA47691355374_092021-F.jpg",1054,1200,false],"woocommerce_thumbnail":["https:\/\/rms-enlinea.com.ar\/wp-content\/uploads\/2025\/06\/D_926323-MLA47691355374_092021-F-450x450.jpg",450,450,true],"woocommerce_single":["https:\/\/rms-enlinea.com.ar\/wp-content\/uploads\/2025\/06\/D_926323-MLA47691355374_092021-F-600x683.jpg",600,683,true],"woocommerce_gallery_thumbnail":["https:\/\/rms-enlinea.com.ar\/wp-content\/uploads\/2025\/06\/D_926323-MLA47691355374_092021-F-100x100.jpg",100,100,true]},"uagb_author_info":{"display_name":"l0071054","author_link":"https:\/\/rms-enlinea.com.ar\/tienda\/author\/"},"uagb_comment_info":0,"uagb_excerpt":"Marca GeniusLargo del cable 1.5 mFormato del auricular HeadsetEs gamer NoEs monoaural NoEs inal\u00e1mbrico NoL\u00ednea hs-610Modelo HS-610Con Bluetooth NoCon luz LED NoCon micr\u00f3fono S\u00ed","_links":{"self":[{"href":"https:\/\/rms-enlinea.com.ar\/tienda\/wp-json\/wp\/v2\/product\/10622","targetHints":{"allow":["GET"]}}],"collection":[{"href":"https:\/\/rms-enlinea.com.ar\/tienda\/wp-json\/wp\/v2\/product"}],"about":[{"href":"https:\/\/rms-enlinea.com.ar\/tienda\/wp-json\/wp\/v2\/types\/product"}],"replies":[{"embeddable":true,"href":"https:\/\/rms-enlinea.com.ar\/tienda\/wp-json\/wp\/v2\/comments?post=10622"}],"wp:featuredmedia":[{"embeddable":true,"href":"https:\/\/rms-enlinea.com.ar\/tienda\/wp-json\/wp\/v2\/media\/10618"}],"wp:attachment":[{"href":"https:\/\/rms-enlinea.com.ar\/tienda\/wp-json\/wp\/v2\/media?parent=10622"}],"wp:term":[{"taxonomy":"product_brand","embeddable":true,"href":"https:\/\/rms-enlinea.com.ar\/tienda\/wp-json\/wp\/v2\/product_brand?post=10622"},{"taxonomy":"product_cat","embeddable":true,"href":"https:\/\/rms-enlinea.com.ar\/tienda\/wp-json\/wp\/v2\/product_cat?post=10622"},{"taxonomy":"product_tag","embeddable":true,"href":"https:\/\/rms-enlinea.com.ar\/tienda\/wp-json\/wp\/v2\/product_tag?post=10622"}],"curies":[{"name":"wp","href":"https:\/\/api.w.org\/{rel}","templated":true}]}}