{"id":10624,"date":"2025-06-12T05:25:16","date_gmt":"2025-06-12T08:25:16","guid":{"rendered":"https:\/\/rms-enlinea.com.ar\/tienda\/producto\/auriculares-inalambricos-genius-hs-m910bt-bt-5-0\/"},"modified":"2026-04-21T03:25:50","modified_gmt":"2026-04-21T06:25:50","slug":"auriculares-inalambricos-genius-hs-m910bt-bt-5-0","status":"publish","type":"product","link":"https:\/\/rms-enlinea.com.ar\/tienda\/producto\/auriculares-inalambricos-genius-hs-m910bt-bt-5-0\/","title":{"rendered":"Auriculares Inalambricos Genius Hs-m910bt Bt 5.0"},"content":{"rendered":"<p>Tecnolog\u00eda de conectividad<\/p>\n<p>Inal\u00e1mbrico<br \/>Bluetooth<\/p>\n<p>5.0<br \/>Fabricante<\/p>\n<p>Genius<br \/>USB tipo C<\/p>\n<p>S\u00ed<br \/>color<\/p>\n<p>Negro<br \/>Rango (m\u00e1x.)<\/p>\n<p>10 metros<br \/>Capacidad del estuche de carga<\/p>\n<p>300mAh<br \/>Capacidad<\/p>\n<p>40mah<\/p>\n","protected":false},"excerpt":{"rendered":"<p>Tecnolog\u00eda de conectividad Inal\u00e1mbricoBluetooth 5.0Fabricante GeniusUSB tipo C S\u00edcolor NegroRango (m\u00e1x.) 10 metrosCapacidad del estuche de carga 300mAhCapacidad 40mah<\/p>\n","protected":false},"featured_media":10625,"comment_status":"open","ping_status":"closed","template":"","meta":{"_uag_custom_page_level_css":""},"product_brand":[550],"product_cat":[99],"product_tag":[],"class_list":{"0":"post-10624","1":"product","2":"type-product","3":"status-publish","4":"has-post-thumbnail","6":"product_brand-genius","7":"product_cat-auriculares-computacion","9":"first","10":"outofstock","11":"sale","12":"taxable","13":"shipping-taxable","14":"purchasable","15":"product-type-simple"},"uagb_featured_image_src":{"full":["https:\/\/rms-enlinea.com.ar\/wp-content\/uploads\/2025\/06\/D_700485-MLU73563683032_122023-F.jpg",1200,568,false],"thumbnail":["https:\/\/rms-enlinea.com.ar\/wp-content\/uploads\/2025\/06\/D_700485-MLU73563683032_122023-F-150x150.jpg",150,150,true],"medium":["https:\/\/rms-enlinea.com.ar\/wp-content\/uploads\/2025\/06\/D_700485-MLU73563683032_122023-F-300x142.jpg",300,142,true],"medium_large":["https:\/\/rms-enlinea.com.ar\/wp-content\/uploads\/2025\/06\/D_700485-MLU73563683032_122023-F-768x364.jpg",768,364,true],"large":["https:\/\/rms-enlinea.com.ar\/wp-content\/uploads\/2025\/06\/D_700485-MLU73563683032_122023-F-1024x485.jpg",1024,485,true],"1536x1536":["https:\/\/rms-enlinea.com.ar\/wp-content\/uploads\/2025\/06\/D_700485-MLU73563683032_122023-F.jpg",1200,568,false],"2048x2048":["https:\/\/rms-enlinea.com.ar\/wp-content\/uploads\/2025\/06\/D_700485-MLU73563683032_122023-F.jpg",1200,568,false],"woocommerce_thumbnail":["https:\/\/rms-enlinea.com.ar\/wp-content\/uploads\/2025\/06\/D_700485-MLU73563683032_122023-F-450x450.jpg",450,450,true],"woocommerce_single":["https:\/\/rms-enlinea.com.ar\/wp-content\/uploads\/2025\/06\/D_700485-MLU73563683032_122023-F-600x284.jpg",600,284,true],"woocommerce_gallery_thumbnail":["https:\/\/rms-enlinea.com.ar\/wp-content\/uploads\/2025\/06\/D_700485-MLU73563683032_122023-F-100x100.jpg",100,100,true]},"uagb_author_info":{"display_name":"l0071054","author_link":"https:\/\/rms-enlinea.com.ar\/tienda\/author\/"},"uagb_comment_info":0,"uagb_excerpt":"Tecnolog\u00eda de conectividad Inal\u00e1mbricoBluetooth 5.0Fabricante GeniusUSB tipo C S\u00edcolor NegroRango (m\u00e1x.) 10 metrosCapacidad del estuche de carga 300mAhCapacidad 40mah","_links":{"self":[{"href":"https:\/\/rms-enlinea.com.ar\/tienda\/wp-json\/wp\/v2\/product\/10624","targetHints":{"allow":["GET"]}}],"collection":[{"href":"https:\/\/rms-enlinea.com.ar\/tienda\/wp-json\/wp\/v2\/product"}],"about":[{"href":"https:\/\/rms-enlinea.com.ar\/tienda\/wp-json\/wp\/v2\/types\/product"}],"replies":[{"embeddable":true,"href":"https:\/\/rms-enlinea.com.ar\/tienda\/wp-json\/wp\/v2\/comments?post=10624"}],"wp:featuredmedia":[{"embeddable":true,"href":"https:\/\/rms-enlinea.com.ar\/tienda\/wp-json\/wp\/v2\/media\/10625"}],"wp:attachment":[{"href":"https:\/\/rms-enlinea.com.ar\/tienda\/wp-json\/wp\/v2\/media?parent=10624"}],"wp:term":[{"taxonomy":"product_brand","embeddable":true,"href":"https:\/\/rms-enlinea.com.ar\/tienda\/wp-json\/wp\/v2\/product_brand?post=10624"},{"taxonomy":"product_cat","embeddable":true,"href":"https:\/\/rms-enlinea.com.ar\/tienda\/wp-json\/wp\/v2\/product_cat?post=10624"},{"taxonomy":"product_tag","embeddable":true,"href":"https:\/\/rms-enlinea.com.ar\/tienda\/wp-json\/wp\/v2\/product_tag?post=10624"}],"curies":[{"name":"wp","href":"https:\/\/api.w.org\/{rel}","templated":true}]}}