{"id":10647,"date":"2025-06-12T05:25:37","date_gmt":"2025-06-12T08:25:37","guid":{"rendered":"https:\/\/rms-enlinea.com.ar\/tienda\/producto\/soporte-doble-monitor-17-a-32-intelaid-it-dgb2e\/"},"modified":"2026-04-11T16:00:33","modified_gmt":"2026-04-11T19:00:33","slug":"soporte-doble-monitor-17-a-32-intelaid-it-dgb2e","status":"publish","type":"product","link":"https:\/\/rms-enlinea.com.ar\/tienda\/producto\/soporte-doble-monitor-17-a-32-intelaid-it-dgb2e\/","title":{"rendered":"Soporte Doble Monitor 17 A 32 Intelaid It-dgb2e"},"content":{"rendered":"<p>\u00c1ngulo de rotaci\u00f3n<\/p>\n<p>360\u00b0<br \/>\nTipos de pantallas soportadas<\/p>\n<p>Planas<br \/>\nC\u00f3digo universal de producto<\/p>\n<p>4805726470672<br \/>\nIncluye organizador de cables<\/p>\n<p>S\u00ed<br \/>\nEs articulado<\/p>\n<p>S\u00ed<br \/>\nTama\u00f1o m\u00e1ximo de la pantalla<\/p>\n<p>27 &#8221;<br \/>\nTama\u00f1o m\u00ednimo de la pantalla<\/p>\n<p>13 &#8221;<br \/>\nLugares de montaje<\/p>\n<p>Mesa<br \/>\nEs fijo<\/p>\n<p>No<br \/>\nMarca<\/p>\n<p>Intelaid<br \/>\nEs gamer<\/p>\n<p>S\u00ed<br \/>\nEs inclinable<\/p>\n<p>S\u00ed<br \/>\nEs giratorio<\/p>\n<p>S\u00ed<br \/>\nCondici\u00f3n del \u00edtem<\/p>\n<p>Nuevo<br \/>\nInclinaci\u00f3n inferior<\/p>\n<p>90 \u00b0<br \/>\nPeso m\u00e1ximo soportado<\/p>\n<p>6 kg<br \/>\nmodelo<\/p>\n<p>IT-DGB2E<br \/>\nCantidad de pantallas soportadas<\/p>\n<p>1<br \/>\nInclinaci\u00f3n superior<\/p>\n<p>90 \u00b0<br \/>\nLugar de montaje<\/p>\n<p>Mesa<br \/>\nEst\u00e1ndares VESA<\/p>\n<p>100&#215;100,75&#215;75<\/p>\n","protected":false},"excerpt":{"rendered":"<p>\u00c1ngulo de rotaci\u00f3n 360\u00b0 Tipos de pantallas soportadas Planas C\u00f3digo universal de producto 4805726470672 Incluye organizador de cables S\u00ed Es articulado S\u00ed Tama\u00f1o m\u00e1ximo de la pantalla 27 &#8221; Tama\u00f1o m\u00ednimo de la pantalla 13 &#8221; Lugares de montaje Mesa Es fijo No Marca Intelaid Es gamer S\u00ed Es inclinable S\u00ed Es giratorio S\u00ed Condici\u00f3n [&hellip;]<\/p>\n","protected":false},"featured_media":10648,"comment_status":"open","ping_status":"closed","template":"","meta":{"_uag_custom_page_level_css":""},"product_brand":[575],"product_cat":[461],"product_tag":[],"class_list":{"0":"post-10647","1":"product","2":"type-product","3":"status-publish","4":"has-post-thumbnail","6":"product_brand-intelaid","7":"product_cat-soportes-computacion","9":"first","10":"instock","11":"sale","12":"taxable","13":"shipping-taxable","14":"purchasable","15":"product-type-simple"},"uagb_featured_image_src":{"full":["https:\/\/rms-enlinea.com.ar\/wp-content\/uploads\/2025\/06\/D_765894-MLA80538520183_112024-F.jpg",1071,1200,false],"thumbnail":["https:\/\/rms-enlinea.com.ar\/wp-content\/uploads\/2025\/06\/D_765894-MLA80538520183_112024-F-150x150.jpg",150,150,true],"medium":["https:\/\/rms-enlinea.com.ar\/wp-content\/uploads\/2025\/06\/D_765894-MLA80538520183_112024-F-268x300.jpg",268,300,true],"medium_large":["https:\/\/rms-enlinea.com.ar\/wp-content\/uploads\/2025\/06\/D_765894-MLA80538520183_112024-F-768x861.jpg",768,861,true],"large":["https:\/\/rms-enlinea.com.ar\/wp-content\/uploads\/2025\/06\/D_765894-MLA80538520183_112024-F-914x1024.jpg",914,1024,true],"1536x1536":["https:\/\/rms-enlinea.com.ar\/wp-content\/uploads\/2025\/06\/D_765894-MLA80538520183_112024-F.jpg",1071,1200,false],"2048x2048":["https:\/\/rms-enlinea.com.ar\/wp-content\/uploads\/2025\/06\/D_765894-MLA80538520183_112024-F.jpg",1071,1200,false],"woocommerce_thumbnail":["https:\/\/rms-enlinea.com.ar\/wp-content\/uploads\/2025\/06\/D_765894-MLA80538520183_112024-F-450x450.jpg",450,450,true],"woocommerce_single":["https:\/\/rms-enlinea.com.ar\/wp-content\/uploads\/2025\/06\/D_765894-MLA80538520183_112024-F-600x672.jpg",600,672,true],"woocommerce_gallery_thumbnail":["https:\/\/rms-enlinea.com.ar\/wp-content\/uploads\/2025\/06\/D_765894-MLA80538520183_112024-F-100x100.jpg",100,100,true]},"uagb_author_info":{"display_name":"l0071054","author_link":"https:\/\/rms-enlinea.com.ar\/tienda\/author\/"},"uagb_comment_info":0,"uagb_excerpt":"\u00c1ngulo de rotaci\u00f3n 360\u00b0 Tipos de pantallas soportadas Planas C\u00f3digo universal de producto 4805726470672 Incluye organizador de cables S\u00ed Es articulado S\u00ed Tama\u00f1o m\u00e1ximo de la pantalla 27 &#8221; Tama\u00f1o m\u00ednimo de la pantalla 13 &#8221; Lugares de montaje Mesa Es fijo No Marca Intelaid Es gamer S\u00ed Es inclinable S\u00ed Es giratorio S\u00ed Condici\u00f3n&hellip;","_links":{"self":[{"href":"https:\/\/rms-enlinea.com.ar\/tienda\/wp-json\/wp\/v2\/product\/10647","targetHints":{"allow":["GET"]}}],"collection":[{"href":"https:\/\/rms-enlinea.com.ar\/tienda\/wp-json\/wp\/v2\/product"}],"about":[{"href":"https:\/\/rms-enlinea.com.ar\/tienda\/wp-json\/wp\/v2\/types\/product"}],"replies":[{"embeddable":true,"href":"https:\/\/rms-enlinea.com.ar\/tienda\/wp-json\/wp\/v2\/comments?post=10647"}],"wp:featuredmedia":[{"embeddable":true,"href":"https:\/\/rms-enlinea.com.ar\/tienda\/wp-json\/wp\/v2\/media\/10648"}],"wp:attachment":[{"href":"https:\/\/rms-enlinea.com.ar\/tienda\/wp-json\/wp\/v2\/media?parent=10647"}],"wp:term":[{"taxonomy":"product_brand","embeddable":true,"href":"https:\/\/rms-enlinea.com.ar\/tienda\/wp-json\/wp\/v2\/product_brand?post=10647"},{"taxonomy":"product_cat","embeddable":true,"href":"https:\/\/rms-enlinea.com.ar\/tienda\/wp-json\/wp\/v2\/product_cat?post=10647"},{"taxonomy":"product_tag","embeddable":true,"href":"https:\/\/rms-enlinea.com.ar\/tienda\/wp-json\/wp\/v2\/product_tag?post=10647"}],"curies":[{"name":"wp","href":"https:\/\/api.w.org\/{rel}","templated":true}]}}