{"id":10682,"date":"2025-06-12T05:26:27","date_gmt":"2025-06-12T08:26:27","guid":{"rendered":"https:\/\/rms-enlinea.com.ar\/tienda\/producto\/procesador-intel-core-i5-ultra-1851-c-graficos-s-cooler\/"},"modified":"2026-03-13T14:31:07","modified_gmt":"2026-03-13T17:31:07","slug":"procesador-intel-core-i5-ultra-1851-c-graficos-s-cooler","status":"publish","type":"product","link":"https:\/\/rms-enlinea.com.ar\/tienda\/producto\/procesador-intel-core-i5-ultra-1851-c-graficos-s-cooler\/","title":{"rendered":"Procesador Intel Core I5 Ultra 1851 C\/graficos S\/cooler"},"content":{"rendered":"<p>ESPECIFICACIONES DE LA CPU<br \/>Cantidad de n\u00facleos <br \/>14<br \/>Cantidad de Performance-cores<br \/>6<br \/>Cantidad de Efficient-cores<br \/>8<br \/>Total de subprocesos <br \/>14<br \/>Frecuencia turbo m\u00e1xima <br \/>5.2 GHz<br \/>Frecuencia turbo m\u00e1xima del Performance-core <br \/>5.2 GHz<br \/>Frecuencia turbo m\u00e1xima de Efficient-core <br \/>4.6 GHz<br \/>Frecuencia base de Performance-core <br \/>4.2 GHz<br \/>Frecuencia base de Efficient-core <br \/>3.6 GHz<br \/>Cach\u00e9 <br \/>24 MB Intel\u00ae Smart Cache<br \/>Cach\u00e9 L2 total<br \/>26 MB<br \/>Potencia base del procesador <br \/>125 W<br \/>Potencia turbo m\u00e1xima <br \/>159 W<\/p>\n","protected":false},"excerpt":{"rendered":"<p>ESPECIFICACIONES DE LA CPUCantidad de n\u00facleos 14Cantidad de Performance-cores6Cantidad de Efficient-cores8Total de subprocesos 14Frecuencia turbo m\u00e1xima 5.2 GHzFrecuencia turbo m\u00e1xima del Performance-core 5.2 GHzFrecuencia turbo m\u00e1xima de Efficient-core 4.6 GHzFrecuencia base de Performance-core 4.2 GHzFrecuencia base de Efficient-core 3.6 GHzCach\u00e9 24 MB Intel\u00ae Smart CacheCach\u00e9 L2 total26 MBPotencia base del procesador 125 WPotencia turbo m\u00e1xima [&hellip;]<\/p>\n","protected":false},"featured_media":10683,"comment_status":"open","ping_status":"closed","template":"","meta":{"_uag_custom_page_level_css":""},"product_brand":[530],"product_cat":[121],"product_tag":[],"class_list":{"0":"post-10682","1":"product","2":"type-product","3":"status-publish","4":"has-post-thumbnail","6":"product_brand-intel","7":"product_cat-procesadores-computacion","9":"first","10":"instock","11":"sale","12":"taxable","13":"shipping-taxable","14":"purchasable","15":"product-type-simple"},"uagb_featured_image_src":{"full":["https:\/\/rms-enlinea.com.ar\/wp-content\/uploads\/2025\/06\/D_648920-MLA80806910346_112024-F.jpg",700,843,false],"thumbnail":["https:\/\/rms-enlinea.com.ar\/wp-content\/uploads\/2025\/06\/D_648920-MLA80806910346_112024-F-150x150.jpg",150,150,true],"medium":["https:\/\/rms-enlinea.com.ar\/wp-content\/uploads\/2025\/06\/D_648920-MLA80806910346_112024-F-249x300.jpg",249,300,true],"medium_large":["https:\/\/rms-enlinea.com.ar\/wp-content\/uploads\/2025\/06\/D_648920-MLA80806910346_112024-F.jpg",700,843,false],"large":["https:\/\/rms-enlinea.com.ar\/wp-content\/uploads\/2025\/06\/D_648920-MLA80806910346_112024-F.jpg",700,843,false],"1536x1536":["https:\/\/rms-enlinea.com.ar\/wp-content\/uploads\/2025\/06\/D_648920-MLA80806910346_112024-F.jpg",700,843,false],"2048x2048":["https:\/\/rms-enlinea.com.ar\/wp-content\/uploads\/2025\/06\/D_648920-MLA80806910346_112024-F.jpg",700,843,false],"woocommerce_thumbnail":["https:\/\/rms-enlinea.com.ar\/wp-content\/uploads\/2025\/06\/D_648920-MLA80806910346_112024-F-450x450.jpg",450,450,true],"woocommerce_single":["https:\/\/rms-enlinea.com.ar\/wp-content\/uploads\/2025\/06\/D_648920-MLA80806910346_112024-F-600x723.jpg",600,723,true],"woocommerce_gallery_thumbnail":["https:\/\/rms-enlinea.com.ar\/wp-content\/uploads\/2025\/06\/D_648920-MLA80806910346_112024-F-100x100.jpg",100,100,true]},"uagb_author_info":{"display_name":"l0071054","author_link":"https:\/\/rms-enlinea.com.ar\/tienda\/author\/"},"uagb_comment_info":0,"uagb_excerpt":"ESPECIFICACIONES DE LA CPUCantidad de n\u00facleos 14Cantidad de Performance-cores6Cantidad de Efficient-cores8Total de subprocesos 14Frecuencia turbo m\u00e1xima 5.2 GHzFrecuencia turbo m\u00e1xima del Performance-core 5.2 GHzFrecuencia turbo m\u00e1xima de Efficient-core 4.6 GHzFrecuencia base de Performance-core 4.2 GHzFrecuencia base de Efficient-core 3.6 GHzCach\u00e9 24 MB Intel\u00ae Smart CacheCach\u00e9 L2 total26 MBPotencia base del procesador 125 WPotencia turbo m\u00e1xima&hellip;","_links":{"self":[{"href":"https:\/\/rms-enlinea.com.ar\/tienda\/wp-json\/wp\/v2\/product\/10682","targetHints":{"allow":["GET"]}}],"collection":[{"href":"https:\/\/rms-enlinea.com.ar\/tienda\/wp-json\/wp\/v2\/product"}],"about":[{"href":"https:\/\/rms-enlinea.com.ar\/tienda\/wp-json\/wp\/v2\/types\/product"}],"replies":[{"embeddable":true,"href":"https:\/\/rms-enlinea.com.ar\/tienda\/wp-json\/wp\/v2\/comments?post=10682"}],"wp:featuredmedia":[{"embeddable":true,"href":"https:\/\/rms-enlinea.com.ar\/tienda\/wp-json\/wp\/v2\/media\/10683"}],"wp:attachment":[{"href":"https:\/\/rms-enlinea.com.ar\/tienda\/wp-json\/wp\/v2\/media?parent=10682"}],"wp:term":[{"taxonomy":"product_brand","embeddable":true,"href":"https:\/\/rms-enlinea.com.ar\/tienda\/wp-json\/wp\/v2\/product_brand?post=10682"},{"taxonomy":"product_cat","embeddable":true,"href":"https:\/\/rms-enlinea.com.ar\/tienda\/wp-json\/wp\/v2\/product_cat?post=10682"},{"taxonomy":"product_tag","embeddable":true,"href":"https:\/\/rms-enlinea.com.ar\/tienda\/wp-json\/wp\/v2\/product_tag?post=10682"}],"curies":[{"name":"wp","href":"https:\/\/api.w.org\/{rel}","templated":true}]}}