{"id":10701,"date":"2025-06-12T05:27:02","date_gmt":"2025-06-12T08:27:02","guid":{"rendered":"https:\/\/rms-enlinea.com.ar\/tienda\/producto\/impresora-hp-laserjet-pro-3003dw-monocromatica-wifi-usb\/"},"modified":"2026-04-15T09:51:12","modified_gmt":"2026-04-15T12:51:12","slug":"impresora-hp-laserjet-pro-3003dw-monocromatica-wifi-usb","status":"publish","type":"product","link":"https:\/\/rms-enlinea.com.ar\/tienda\/producto\/impresora-hp-laserjet-pro-3003dw-monocromatica-wifi-usb\/","title":{"rendered":"Impresora Hp Laserjet Pro 3003dw Monocrom\u00e1tica Wifi Usb"},"content":{"rendered":"<p>La impresora HP Laserjet Pro 3003dw es la soluci\u00f3n ideal para quienes buscan eficiencia y calidad en la impresi\u00f3n monocrom\u00e1tica. Con su tecnolog\u00eda l\u00e1ser, garantiza documentos n\u00edtidos y profesionales en cada impresi\u00f3n, perfecta para entornos de trabajo que requieren alta productividad.<\/p>\n<p>Este modelo de simple funci\u00f3n se destaca por su conectividad Wi-Fi, permitiendo imprimir de manera inal\u00e1mbrica desde cualquier dispositivo compatible. Adem\u00e1s, cuenta con un puerto USB que facilita la conexi\u00f3n directa, brindando versatilidad en su uso.<\/p>\n<p>Dise\u00f1ada para optimizar el rendimiento, la HP Laserjet Pro 3003dw es una opci\u00f3n confiable para oficinas y usuarios que necesitan imprimir grandes vol\u00famenes de documentos. Su dise\u00f1o compacto y moderno se adapta a cualquier espacio de trabajo, asegurando que la funcionalidad no comprometa la est\u00e9tica.<\/p>\n<p>Con esta impresora, disfrutar\u00e1s de un proceso de impresi\u00f3n \u00e1gil y sin complicaciones, permiti\u00e9ndote concentrarte en lo que realmente importa: tu trabajo. Aumenta la eficiencia de tu oficina con la HP Laserjet Pro 3003dw y experimenta la diferencia en cada impresi\u00f3n.<\/p>\n","protected":false},"excerpt":{"rendered":"<p>La impresora HP Laserjet Pro 3003dw es la soluci\u00f3n ideal para quienes buscan eficiencia y calidad en la impresi\u00f3n monocrom\u00e1tica. Con su tecnolog\u00eda l\u00e1ser, garantiza documentos n\u00edtidos y profesionales en cada impresi\u00f3n, perfecta para entornos de trabajo que requieren alta productividad. Este modelo de simple funci\u00f3n se destaca por su conectividad Wi-Fi, permitiendo imprimir de [&hellip;]<\/p>\n","protected":false},"featured_media":10702,"comment_status":"open","ping_status":"closed","template":"","meta":{"_uag_custom_page_level_css":""},"product_brand":[552],"product_cat":[110],"product_tag":[],"class_list":{"0":"post-10701","1":"product","2":"type-product","3":"status-publish","4":"has-post-thumbnail","6":"product_brand-hp","7":"product_cat-impresoras","9":"first","10":"outofstock","11":"sale","12":"taxable","13":"shipping-taxable","14":"purchasable","15":"product-type-simple"},"uagb_featured_image_src":{"full":["https:\/\/rms-enlinea.com.ar\/wp-content\/uploads\/2025\/06\/D_903373-MLA83281603858_042025-F.jpg",880,652,false],"thumbnail":["https:\/\/rms-enlinea.com.ar\/wp-content\/uploads\/2025\/06\/D_903373-MLA83281603858_042025-F-150x150.jpg",150,150,true],"medium":["https:\/\/rms-enlinea.com.ar\/wp-content\/uploads\/2025\/06\/D_903373-MLA83281603858_042025-F-300x222.jpg",300,222,true],"medium_large":["https:\/\/rms-enlinea.com.ar\/wp-content\/uploads\/2025\/06\/D_903373-MLA83281603858_042025-F-768x569.jpg",768,569,true],"large":["https:\/\/rms-enlinea.com.ar\/wp-content\/uploads\/2025\/06\/D_903373-MLA83281603858_042025-F.jpg",880,652,false],"1536x1536":["https:\/\/rms-enlinea.com.ar\/wp-content\/uploads\/2025\/06\/D_903373-MLA83281603858_042025-F.jpg",880,652,false],"2048x2048":["https:\/\/rms-enlinea.com.ar\/wp-content\/uploads\/2025\/06\/D_903373-MLA83281603858_042025-F.jpg",880,652,false],"woocommerce_thumbnail":["https:\/\/rms-enlinea.com.ar\/wp-content\/uploads\/2025\/06\/D_903373-MLA83281603858_042025-F-450x450.jpg",450,450,true],"woocommerce_single":["https:\/\/rms-enlinea.com.ar\/wp-content\/uploads\/2025\/06\/D_903373-MLA83281603858_042025-F-600x445.jpg",600,445,true],"woocommerce_gallery_thumbnail":["https:\/\/rms-enlinea.com.ar\/wp-content\/uploads\/2025\/06\/D_903373-MLA83281603858_042025-F-100x100.jpg",100,100,true]},"uagb_author_info":{"display_name":"l0071054","author_link":"https:\/\/rms-enlinea.com.ar\/tienda\/author\/"},"uagb_comment_info":0,"uagb_excerpt":"La impresora HP Laserjet Pro 3003dw es la soluci\u00f3n ideal para quienes buscan eficiencia y calidad en la impresi\u00f3n monocrom\u00e1tica. Con su tecnolog\u00eda l\u00e1ser, garantiza documentos n\u00edtidos y profesionales en cada impresi\u00f3n, perfecta para entornos de trabajo que requieren alta productividad. Este modelo de simple funci\u00f3n se destaca por su conectividad Wi-Fi, permitiendo imprimir de&hellip;","_links":{"self":[{"href":"https:\/\/rms-enlinea.com.ar\/tienda\/wp-json\/wp\/v2\/product\/10701","targetHints":{"allow":["GET"]}}],"collection":[{"href":"https:\/\/rms-enlinea.com.ar\/tienda\/wp-json\/wp\/v2\/product"}],"about":[{"href":"https:\/\/rms-enlinea.com.ar\/tienda\/wp-json\/wp\/v2\/types\/product"}],"replies":[{"embeddable":true,"href":"https:\/\/rms-enlinea.com.ar\/tienda\/wp-json\/wp\/v2\/comments?post=10701"}],"wp:featuredmedia":[{"embeddable":true,"href":"https:\/\/rms-enlinea.com.ar\/tienda\/wp-json\/wp\/v2\/media\/10702"}],"wp:attachment":[{"href":"https:\/\/rms-enlinea.com.ar\/tienda\/wp-json\/wp\/v2\/media?parent=10701"}],"wp:term":[{"taxonomy":"product_brand","embeddable":true,"href":"https:\/\/rms-enlinea.com.ar\/tienda\/wp-json\/wp\/v2\/product_brand?post=10701"},{"taxonomy":"product_cat","embeddable":true,"href":"https:\/\/rms-enlinea.com.ar\/tienda\/wp-json\/wp\/v2\/product_cat?post=10701"},{"taxonomy":"product_tag","embeddable":true,"href":"https:\/\/rms-enlinea.com.ar\/tienda\/wp-json\/wp\/v2\/product_tag?post=10701"}],"curies":[{"name":"wp","href":"https:\/\/api.w.org\/{rel}","templated":true}]}}