{"id":10716,"date":"2025-06-12T05:27:20","date_gmt":"2025-06-12T08:27:20","guid":{"rendered":"https:\/\/rms-enlinea.com.ar\/tienda\/producto\/notebook-hp-255-g10-amd-ryzen-3-7330u-8-gb-ddr4-ssd-256-gb-39-6cm-15-6-1366x768px-amd-radeon-graphics-rx-vega-6-teclado-espanol-freedos-color-gris-ceniza-oscuro\/"},"modified":"2026-03-31T16:42:20","modified_gmt":"2026-03-31T19:42:20","slug":"notebook-hp-255-g10-amd-ryzen-3-7330u-8-gb-ddr4-ssd-256-gb-39-6cm-15-6-1366x768px-amd-radeon-graphics-rx-vega-6-teclado-espanol-freedos-color-gris-ceniza-oscuro","status":"publish","type":"product","link":"https:\/\/rms-enlinea.com.ar\/tienda\/producto\/notebook-hp-255-g10-amd-ryzen-3-7330u-8-gb-ddr4-ssd-256-gb-39-6cm-15-6-1366x768px-amd-radeon-graphics-rx-vega-6-teclado-espanol-freedos-color-gris-ceniza-oscuro\/","title":{"rendered":"Notebook Hp 255 G10 Amd Ryzen 3 8gb 256gb Ssd Gris Ceniza Oscuro"},"content":{"rendered":"<p>Desarrollada para los negocios<br \/>La laptop HP 255 G10 brinda funciones esenciales listas para las empresas en un dise\u00f1o delgado y ligero que es f\u00e1cil de llevar a donde vayas. La pantalla de 15,6&#8243; en diagonal con relaci\u00f3n de pantalla y cuerpo del 85 %, potente procesador AMD Ryzen&#x2122;, memoria r\u00e1pida y almacenamiento ofrecen productividad, mientras que los puertos incluidos conectan tus perif\u00e9ricos, todo a un precio que se adapta a tu presupuesto.<\/p>\n<p>Dise\u00f1ado para trabajar y listo para divertirse<br \/>Completa tus proyectos con un robusto procesador AMD Ryzen&#x2122; serie 7000 con m\u00faltiples n\u00facleos , memoria r\u00e1pida y almacenamiento SSD.<\/p>\n<p>LAN inal\u00e1mbrica r\u00e1pida y eficiente<br \/>La portabilidad de tu PC y la confiabilidad de una conexi\u00f3n r\u00e1pida determinan d\u00f3nde puedes trabajar. Obt\u00e9n una conexi\u00f3n r\u00e1pida y confiable en entornos inal\u00e1mbricos densos con Wi-Fi 6 de velocidad gigabit.<\/p>\n<p>S\u00e9 tu mejor yo virtual<br \/>A veces en la vida s\u00f3lo una conversaci\u00f3n cara a cara puede lograrlo. Gracias a la c\u00e1mara HP de alta definici\u00f3n con amplio rango din\u00e1mico (WDR) y reducci\u00f3n de ruido basada en IA con micr\u00f3fonos de doble matriz, siempre lucir\u00e1s tu mejor versi\u00f3n durante las conferencias virtuales en condiciones de mucha o poca luz.<\/p>\n<p>Protecci\u00f3n para derrames menores<br \/>Ayuda a proteger los componentes electr\u00f3nicos sensibles de derrames menores con el teclado resistente a derrames en idioma espa\u00f1ol.<\/p>\n<p>E S P E C I F I C A C I O N E S<br \/>&#8220;&#8221;&#8221;&#8221;&#8221;&#8221;&#8221;&#8221;&#8221;&#8221;&#8221;&#8221;&#8221;&#8221;&#8221;&#8221;&#8221;&#8221;&#8221;&#8221;&#8221;&#8221;&#8221;&#8221;&#8221;&#8221;&#8221;&#8221;&#8221;&#8221;&#8221;&#8221;&#8221;&#8221;&#8221;&#8221;&#8221;&#8221;&#8221;&#8221;&#8221;&#8221;<\/p>\n<p>\u2022 Marca: HP<br \/>\u2022 L\u00ednea: 255 G10<br \/>\u2022 SKU: 81U53LT<\/p>\n<p>Dise\u00f1o<br \/>\u2022 Color: Gris Ceniza Oscuro<br \/>\u2022 Material del chassis: PC-ABS<\/p>\n<p>Software<br \/>\u2022 Sistema operativo: Sin sistema operativo<\/p>\n<p>Procesador<br \/>\u2022 Procesador: AMD Ryzen 3 7330U (velocidad de r\u00e1faga m\u00e1xima de hasta 4,3 GHz, 8 MB de cach\u00e9 L3, 4 n\u00facleos y 8 subprocesos)<br \/>\u2022 Frecuencia del procesador: 2,3GHz<br \/>\u2022 Frecuencia m\u00e1xima del procesador: 4,3GHz<\/p>\n<p>Gr\u00e1ficos<br \/>\u2022 Gr\u00e1ficos: AMD Radeon Graphics RX Vega 6<\/p>\n<p>Memoria<br \/>\u2022 Memoria interna: 8 GB de RAM DDR4-3200 MHz<br \/>\u2022 Disposici\u00f3n de la memoria: 1 x 8GB SO-DIMM 3200MHz<br \/>\u2022 Ranuras de memoria: 2 SODIMM<br \/>\u2022 Memoria interna m\u00e1xima: 32 GB (2 x 16GB SO-DIMM 3200MHz)<\/p>\n<p>Almacenamiento<br \/>\u2022 Almacenamiento: SSD 256 GB PCIe NVMe<br \/>\u2022 Soporte de almacenamiento: 1x SSD M.2 PCIe NVMe<\/p>\n<p>Pantalla<br \/>\u2022 Tama\u00f1o de pantalla (diagonal) 39,6 cm (15,6&#8243;)<br \/>\u2022 Resoluci\u00f3n: 1366 x 768 p\u00edxeles  (HD)<br \/>\u2022 Pantalla t\u00e1ctil: No<br \/>\u2022 Brillo: 250 nits<br \/>\u2022 Antirreflectante: S\u00ed<br \/>\u2022 Gama de Color: 45 % de NTSC<\/p>\n<p>Audio<br \/>\u2022 HD Stereo Codec Realtek ALC3247<br \/>\u2022 Parlantes: Altavoces est\u00e9reo 2 x 2W.<br \/>\u2022 Micr\u00f3fono digital integrado<\/p>\n<p>C\u00e1mara<br \/>\u2022 C\u00e1mara frontal 720p HD<\/p>\n<p>Redes<br \/>\u2022 Wi-Fi: Realtek Wi-Fi 6 RTL8852BE (2&#215;2)<br \/>\u2022 Bluetooth: 5.3<br \/>\u2022 LAN Ethernet: No<\/p>\n<p>Puertos E\/S<br \/>\u2022 1 x USB Type-C\u00ae 3.2 Gen 1 (5 Gb\/s).<br \/>\u2022 2 x USB Type-A 3.2 Gen 1 (5 Gb\/s).<br \/>\u2022 1 x HDMI 1.4b.<br \/>\u2022 1 x Conector para combinaci\u00f3n de auriculares y micr\u00f3fono de 3.5mm.<br \/>\u2022 1 x Alimentaci\u00f3n de CC<\/p>\n<p>Dispositivos de entrada<br \/>\u2022 Teclado de tama\u00f1o completo resistente a salpicaduras<br \/>\u2022 Idioma del teclado: Espa\u00f1ol LA (Incluye letra \u00d1)<br \/>\u2022 Retroiluminado: No<br \/>\u2022 Teclado num\u00e9rico: S\u00ed<br \/>\u2022 Dispositivo apuntador: \u2022 Mousepad que admite gestos multit\u00e1ctiles con certificaci\u00f3n Precision TouchPad (PTP).<\/p>\n<p>Bater\u00eda<br \/>\u2022 Capacidad de bater\u00eda: 41Wh<br \/>\u2022 Alimentaci\u00f3n: Adaptador de alimentaci\u00f3n externa de CA de 45W HP Smart<\/p>\n<p>Gesti\u00f3n de seguridad<br \/>\u2022 TPM 2.0 (firmware)<br \/>\u2022 Obturador de Privacidad en Cam\u00e1ra<\/p>\n<p>Peso y dimensiones<br \/>\u2022 36 x 23,6 x 1,86 cm<br \/>\u2022 Peso: 1,52 kg<\/p>\n<p>Certificaciones<br \/>\u2022 ENERGY STAR<\/p>\n<p>Contenido de la caja:<br \/>\u2022 Manual<br \/>\u2022 Cable<br \/>\u2022 Adaptador CA\/CC<\/p>\n","protected":false},"excerpt":{"rendered":"<p>Desarrollada para los negociosLa laptop HP 255 G10 brinda funciones esenciales listas para las empresas en un dise\u00f1o delgado y ligero que es f\u00e1cil de llevar a donde vayas. La pantalla de 15,6&#8243; en diagonal con relaci\u00f3n de pantalla y cuerpo del 85 %, potente procesador AMD Ryzen&#x2122;, memoria r\u00e1pida y almacenamiento ofrecen productividad, mientras [&hellip;]<\/p>\n","protected":false},"featured_media":10717,"comment_status":"open","ping_status":"closed","template":"","meta":{"_uag_custom_page_level_css":""},"product_brand":[552],"product_cat":[116],"product_tag":[],"class_list":{"0":"post-10716","1":"product","2":"type-product","3":"status-publish","4":"has-post-thumbnail","6":"product_brand-hp","7":"product_cat-notebooks-y-tablet","9":"first","10":"outofstock","11":"sale","12":"taxable","13":"shipping-taxable","14":"purchasable","15":"product-type-simple"},"uagb_featured_image_src":{"full":["https:\/\/rms-enlinea.com.ar\/wp-content\/uploads\/2025\/06\/D_840915-MLA82525505766_032025-F.jpg",1200,931,false],"thumbnail":["https:\/\/rms-enlinea.com.ar\/wp-content\/uploads\/2025\/06\/D_840915-MLA82525505766_032025-F-150x150.jpg",150,150,true],"medium":["https:\/\/rms-enlinea.com.ar\/wp-content\/uploads\/2025\/06\/D_840915-MLA82525505766_032025-F-300x233.jpg",300,233,true],"medium_large":["https:\/\/rms-enlinea.com.ar\/wp-content\/uploads\/2025\/06\/D_840915-MLA82525505766_032025-F-768x596.jpg",768,596,true],"large":["https:\/\/rms-enlinea.com.ar\/wp-content\/uploads\/2025\/06\/D_840915-MLA82525505766_032025-F-1024x794.jpg",1024,794,true],"1536x1536":["https:\/\/rms-enlinea.com.ar\/wp-content\/uploads\/2025\/06\/D_840915-MLA82525505766_032025-F.jpg",1200,931,false],"2048x2048":["https:\/\/rms-enlinea.com.ar\/wp-content\/uploads\/2025\/06\/D_840915-MLA82525505766_032025-F.jpg",1200,931,false],"woocommerce_thumbnail":["https:\/\/rms-enlinea.com.ar\/wp-content\/uploads\/2025\/06\/D_840915-MLA82525505766_032025-F-450x450.jpg",450,450,true],"woocommerce_single":["https:\/\/rms-enlinea.com.ar\/wp-content\/uploads\/2025\/06\/D_840915-MLA82525505766_032025-F-600x466.jpg",600,466,true],"woocommerce_gallery_thumbnail":["https:\/\/rms-enlinea.com.ar\/wp-content\/uploads\/2025\/06\/D_840915-MLA82525505766_032025-F-100x100.jpg",100,100,true]},"uagb_author_info":{"display_name":"l0071054","author_link":"https:\/\/rms-enlinea.com.ar\/tienda\/author\/"},"uagb_comment_info":0,"uagb_excerpt":"Desarrollada para los negociosLa laptop HP 255 G10 brinda funciones esenciales listas para las empresas en un dise\u00f1o delgado y ligero que es f\u00e1cil de llevar a donde vayas. La pantalla de 15,6&#8243; en diagonal con relaci\u00f3n de pantalla y cuerpo del 85 %, potente procesador AMD Ryzen&#x2122;, memoria r\u00e1pida y almacenamiento ofrecen productividad, mientras&hellip;","_links":{"self":[{"href":"https:\/\/rms-enlinea.com.ar\/tienda\/wp-json\/wp\/v2\/product\/10716","targetHints":{"allow":["GET"]}}],"collection":[{"href":"https:\/\/rms-enlinea.com.ar\/tienda\/wp-json\/wp\/v2\/product"}],"about":[{"href":"https:\/\/rms-enlinea.com.ar\/tienda\/wp-json\/wp\/v2\/types\/product"}],"replies":[{"embeddable":true,"href":"https:\/\/rms-enlinea.com.ar\/tienda\/wp-json\/wp\/v2\/comments?post=10716"}],"wp:featuredmedia":[{"embeddable":true,"href":"https:\/\/rms-enlinea.com.ar\/tienda\/wp-json\/wp\/v2\/media\/10717"}],"wp:attachment":[{"href":"https:\/\/rms-enlinea.com.ar\/tienda\/wp-json\/wp\/v2\/media?parent=10716"}],"wp:term":[{"taxonomy":"product_brand","embeddable":true,"href":"https:\/\/rms-enlinea.com.ar\/tienda\/wp-json\/wp\/v2\/product_brand?post=10716"},{"taxonomy":"product_cat","embeddable":true,"href":"https:\/\/rms-enlinea.com.ar\/tienda\/wp-json\/wp\/v2\/product_cat?post=10716"},{"taxonomy":"product_tag","embeddable":true,"href":"https:\/\/rms-enlinea.com.ar\/tienda\/wp-json\/wp\/v2\/product_tag?post=10716"}],"curies":[{"name":"wp","href":"https:\/\/api.w.org\/{rel}","templated":true}]}}