{"id":10739,"date":"2025-06-12T05:27:51","date_gmt":"2025-06-12T08:27:51","guid":{"rendered":"https:\/\/rms-enlinea.com.ar\/tienda\/producto\/procesador-amd-ryzen-5-5600t-am4-s-video-c-cooler\/"},"modified":"2026-04-06T13:44:32","modified_gmt":"2026-04-06T16:44:32","slug":"procesador-amd-ryzen-5-5600t-am4-s-video-c-cooler","status":"publish","type":"product","link":"https:\/\/rms-enlinea.com.ar\/tienda\/producto\/procesador-amd-ryzen-5-5600t-am4-s-video-c-cooler\/","title":{"rendered":"Procesador Amd Ryzen 5 5600t Am4 S\/video C\/cooler"},"content":{"rendered":"<p>Familia Ryzen<br \/>\nSerie<br \/>\nRyzen 5000 Series<br \/>\nFormato<br \/>\nComputadoras de escritorio , Procesador en caja<br \/>\nArquitectura<br \/>\nZen 3<br \/>\nN.\u00ba de n\u00facleos de CPU<br \/>\n6<br \/>\nM\u00faltiples subprocesos (SMT)<br \/>\nS\u00ed<br \/>\nN.\u00ba de subprocesos<br \/>\n12<br \/>\nReloj turbo m\u00e1ximo<br \/>\nHasta 4.5 GHz<br \/>\nReloj base<br \/>\n3.5 GHz<br \/>\nCach\u00e9 L1<br \/>\n384 KB<br \/>\nCach\u00e9 L2<br \/>\n3 MB<br \/>\nCach\u00e9 L3<br \/>\n32 MB<br \/>\nTDP predeterminada<br \/>\n65W<br \/>\nTecnolog\u00eda de procesador para n\u00facleos de CPU<br \/>\nTSMC 7nm FinFET<br \/>\nTecnolog\u00eda de procesador para chip de E\/S<br \/>\n12nm (Globalfoundries)<br \/>\nTama\u00f1o del chip de procesamiento de CPU (CCD)<br \/>\n74mm\u00b2<br \/>\nTama\u00f1o del chip de E\/S (IOD)<br \/>\n125mm\u00b2<br \/>\nDesbloqueado para overclocking<br \/>\nS\u00ed<br \/>\nSocket de CPU<br \/>\nAM4<br \/>\nSupporting Chipsets<br \/>\nX570 , X470 , X370 , B550 , B450 , B350 , A520<br \/>\nCPU Boost Technology<br \/>\nPrecision Boost 2<br \/>\nConjunto de instrucciones<br \/>\nx86-64<br \/>\nExtensiones compatibles<br \/>\nAES , AMD-V , AVX , AVX2 , FMA3 , MMX-plus , SHA , SSE , SSE2 , SSE3 , SSE4.1 , SSE4.2 , SSE4A , SSSE3 , x86-64<br \/>\nTemperatura de funcionamiento m\u00e1xima (Tjmax)<br \/>\n95\u00b0C<\/p>\n","protected":false},"excerpt":{"rendered":"<p>Familia Ryzen Serie Ryzen 5000 Series Formato Computadoras de escritorio , Procesador en caja Arquitectura Zen 3 N.\u00ba de n\u00facleos de CPU 6 M\u00faltiples subprocesos (SMT) S\u00ed N.\u00ba de subprocesos 12 Reloj turbo m\u00e1ximo Hasta 4.5 GHz Reloj base 3.5 GHz Cach\u00e9 L1 384 KB Cach\u00e9 L2 3 MB Cach\u00e9 L3 32 MB TDP predeterminada [&hellip;]<\/p>\n","protected":false},"featured_media":10740,"comment_status":"open","ping_status":"closed","template":"","meta":{"_uag_custom_page_level_css":""},"product_brand":[531],"product_cat":[121],"product_tag":[],"class_list":{"0":"post-10739","1":"product","2":"type-product","3":"status-publish","4":"has-post-thumbnail","6":"product_brand-amd","7":"product_cat-procesadores-computacion","9":"first","10":"outofstock","11":"sale","12":"taxable","13":"shipping-taxable","14":"purchasable","15":"product-type-simple"},"uagb_featured_image_src":{"full":["https:\/\/rms-enlinea.com.ar\/wp-content\/uploads\/2025\/06\/D_909846-MLA80674265230_112024-F.jpg",858,942,false],"thumbnail":["https:\/\/rms-enlinea.com.ar\/wp-content\/uploads\/2025\/06\/D_909846-MLA80674265230_112024-F-150x150.jpg",150,150,true],"medium":["https:\/\/rms-enlinea.com.ar\/wp-content\/uploads\/2025\/06\/D_909846-MLA80674265230_112024-F-273x300.jpg",273,300,true],"medium_large":["https:\/\/rms-enlinea.com.ar\/wp-content\/uploads\/2025\/06\/D_909846-MLA80674265230_112024-F-768x843.jpg",768,843,true],"large":["https:\/\/rms-enlinea.com.ar\/wp-content\/uploads\/2025\/06\/D_909846-MLA80674265230_112024-F.jpg",858,942,false],"1536x1536":["https:\/\/rms-enlinea.com.ar\/wp-content\/uploads\/2025\/06\/D_909846-MLA80674265230_112024-F.jpg",858,942,false],"2048x2048":["https:\/\/rms-enlinea.com.ar\/wp-content\/uploads\/2025\/06\/D_909846-MLA80674265230_112024-F.jpg",858,942,false],"woocommerce_thumbnail":["https:\/\/rms-enlinea.com.ar\/wp-content\/uploads\/2025\/06\/D_909846-MLA80674265230_112024-F-450x450.jpg",450,450,true],"woocommerce_single":["https:\/\/rms-enlinea.com.ar\/wp-content\/uploads\/2025\/06\/D_909846-MLA80674265230_112024-F-600x659.jpg",600,659,true],"woocommerce_gallery_thumbnail":["https:\/\/rms-enlinea.com.ar\/wp-content\/uploads\/2025\/06\/D_909846-MLA80674265230_112024-F-100x100.jpg",100,100,true]},"uagb_author_info":{"display_name":"l0071054","author_link":"https:\/\/rms-enlinea.com.ar\/tienda\/author\/"},"uagb_comment_info":0,"uagb_excerpt":"Familia Ryzen Serie Ryzen 5000 Series Formato Computadoras de escritorio , Procesador en caja Arquitectura Zen 3 N.\u00ba de n\u00facleos de CPU 6 M\u00faltiples subprocesos (SMT) S\u00ed N.\u00ba de subprocesos 12 Reloj turbo m\u00e1ximo Hasta 4.5 GHz Reloj base 3.5 GHz Cach\u00e9 L1 384 KB Cach\u00e9 L2 3 MB Cach\u00e9 L3 32 MB TDP predeterminada&hellip;","_links":{"self":[{"href":"https:\/\/rms-enlinea.com.ar\/tienda\/wp-json\/wp\/v2\/product\/10739","targetHints":{"allow":["GET"]}}],"collection":[{"href":"https:\/\/rms-enlinea.com.ar\/tienda\/wp-json\/wp\/v2\/product"}],"about":[{"href":"https:\/\/rms-enlinea.com.ar\/tienda\/wp-json\/wp\/v2\/types\/product"}],"replies":[{"embeddable":true,"href":"https:\/\/rms-enlinea.com.ar\/tienda\/wp-json\/wp\/v2\/comments?post=10739"}],"wp:featuredmedia":[{"embeddable":true,"href":"https:\/\/rms-enlinea.com.ar\/tienda\/wp-json\/wp\/v2\/media\/10740"}],"wp:attachment":[{"href":"https:\/\/rms-enlinea.com.ar\/tienda\/wp-json\/wp\/v2\/media?parent=10739"}],"wp:term":[{"taxonomy":"product_brand","embeddable":true,"href":"https:\/\/rms-enlinea.com.ar\/tienda\/wp-json\/wp\/v2\/product_brand?post=10739"},{"taxonomy":"product_cat","embeddable":true,"href":"https:\/\/rms-enlinea.com.ar\/tienda\/wp-json\/wp\/v2\/product_cat?post=10739"},{"taxonomy":"product_tag","embeddable":true,"href":"https:\/\/rms-enlinea.com.ar\/tienda\/wp-json\/wp\/v2\/product_tag?post=10739"}],"curies":[{"name":"wp","href":"https:\/\/api.w.org\/{rel}","templated":true}]}}