{"id":10841,"date":"2025-06-12T05:29:53","date_gmt":"2025-06-12T08:29:53","guid":{"rendered":"https:\/\/rms-enlinea.com.ar\/tienda\/producto\/teclado-gamer-inalambrico-asus-m701-rog-azoth-mecanico\/"},"modified":"2026-04-21T05:46:41","modified_gmt":"2026-04-21T08:46:41","slug":"teclado-gamer-inalambrico-asus-m701-rog-azoth-mecanico","status":"publish","type":"product","link":"https:\/\/rms-enlinea.com.ar\/tienda\/producto\/teclado-gamer-inalambrico-asus-m701-rog-azoth-mecanico\/","title":{"rendered":"Teclado Gamer Inalambrico Asus M701 Rog Azoth Mecanico"},"content":{"rendered":"<p>El teclado gamer inal\u00e1mbrico ASUS ROG Azoth M701 es la elecci\u00f3n perfecta para los entusiastas de los videojuegos que buscan un rendimiento excepcional y un dise\u00f1o elegante. Con su acabado en blanco y retroiluminaci\u00f3n RGB, este teclado no solo destaca por su est\u00e9tica, sino tambi\u00e9n por su funcionalidad avanzada. Equipado con switches ROG NX Red, ofrece una respuesta t\u00e1ctil r\u00e1pida y precisa, ideal para largas sesiones de juego.<\/p>\n<p>Su layout QWERTY en ingl\u00e9s US proporciona una experiencia de escritura fluida, mientras que la conectividad inal\u00e1mbrica garantiza libertad de movimiento sin sacrificar la velocidad. La personalizaci\u00f3n de la retroiluminaci\u00f3n RGB permite a los usuarios adaptar el teclado a su estilo y ambiente de juego, creando una atm\u00f3sfera \u00fanica.<\/p>\n<p>Dise\u00f1ado para la comodidad, el ASUS ROG Azoth M701 cuenta con caracter\u00edsticas ergon\u00f3micas que minimizan la fatiga durante el uso prolongado. Su construcci\u00f3n robusta asegura durabilidad, lo que lo convierte en una inversi\u00f3n a largo plazo para cualquier gamer serio. <\/p>\n<p>Con el ASUS ROG Azoth M701, cada pulsaci\u00f3n se siente precisa y satisfactoria, mejorando tu rendimiento en cada partida. Eleva tu experiencia de juego y destaca en el campo de batalla con este teclado que combina tecnolog\u00eda de punta y un dise\u00f1o atractivo.<\/p>\n","protected":false},"excerpt":{"rendered":"<p>El teclado gamer inal\u00e1mbrico ASUS ROG Azoth M701 es la elecci\u00f3n perfecta para los entusiastas de los videojuegos que buscan un rendimiento excepcional y un dise\u00f1o elegante. Con su acabado en blanco y retroiluminaci\u00f3n RGB, este teclado no solo destaca por su est\u00e9tica, sino tambi\u00e9n por su funcionalidad avanzada. Equipado con switches ROG NX Red, [&hellip;]<\/p>\n","protected":false},"featured_media":10835,"comment_status":"open","ping_status":"closed","template":"","meta":{"_uag_custom_page_level_css":""},"product_brand":[586],"product_cat":[125],"product_tag":[],"class_list":{"0":"post-10841","1":"product","2":"type-product","3":"status-publish","4":"has-post-thumbnail","6":"product_brand-asus","7":"product_cat-teclados-y-mouses","9":"first","10":"outofstock","11":"sale","12":"taxable","13":"shipping-taxable","14":"purchasable","15":"product-type-simple"},"uagb_featured_image_src":{"full":["https:\/\/rms-enlinea.com.ar\/wp-content\/uploads\/2025\/06\/D_614234-MLU78420581113_082024-F.jpg",1200,507,false],"thumbnail":["https:\/\/rms-enlinea.com.ar\/wp-content\/uploads\/2025\/06\/D_614234-MLU78420581113_082024-F-150x150.jpg",150,150,true],"medium":["https:\/\/rms-enlinea.com.ar\/wp-content\/uploads\/2025\/06\/D_614234-MLU78420581113_082024-F-300x127.jpg",300,127,true],"medium_large":["https:\/\/rms-enlinea.com.ar\/wp-content\/uploads\/2025\/06\/D_614234-MLU78420581113_082024-F-768x324.jpg",768,324,true],"large":["https:\/\/rms-enlinea.com.ar\/wp-content\/uploads\/2025\/06\/D_614234-MLU78420581113_082024-F-1024x433.jpg",1024,433,true],"1536x1536":["https:\/\/rms-enlinea.com.ar\/wp-content\/uploads\/2025\/06\/D_614234-MLU78420581113_082024-F.jpg",1200,507,false],"2048x2048":["https:\/\/rms-enlinea.com.ar\/wp-content\/uploads\/2025\/06\/D_614234-MLU78420581113_082024-F.jpg",1200,507,false],"woocommerce_thumbnail":["https:\/\/rms-enlinea.com.ar\/wp-content\/uploads\/2025\/06\/D_614234-MLU78420581113_082024-F-450x450.jpg",450,450,true],"woocommerce_single":["https:\/\/rms-enlinea.com.ar\/wp-content\/uploads\/2025\/06\/D_614234-MLU78420581113_082024-F-600x254.jpg",600,254,true],"woocommerce_gallery_thumbnail":["https:\/\/rms-enlinea.com.ar\/wp-content\/uploads\/2025\/06\/D_614234-MLU78420581113_082024-F-100x100.jpg",100,100,true]},"uagb_author_info":{"display_name":"l0071054","author_link":"https:\/\/rms-enlinea.com.ar\/tienda\/author\/"},"uagb_comment_info":0,"uagb_excerpt":"El teclado gamer inal\u00e1mbrico ASUS ROG Azoth M701 es la elecci\u00f3n perfecta para los entusiastas de los videojuegos que buscan un rendimiento excepcional y un dise\u00f1o elegante. Con su acabado en blanco y retroiluminaci\u00f3n RGB, este teclado no solo destaca por su est\u00e9tica, sino tambi\u00e9n por su funcionalidad avanzada. Equipado con switches ROG NX Red,&hellip;","_links":{"self":[{"href":"https:\/\/rms-enlinea.com.ar\/tienda\/wp-json\/wp\/v2\/product\/10841","targetHints":{"allow":["GET"]}}],"collection":[{"href":"https:\/\/rms-enlinea.com.ar\/tienda\/wp-json\/wp\/v2\/product"}],"about":[{"href":"https:\/\/rms-enlinea.com.ar\/tienda\/wp-json\/wp\/v2\/types\/product"}],"replies":[{"embeddable":true,"href":"https:\/\/rms-enlinea.com.ar\/tienda\/wp-json\/wp\/v2\/comments?post=10841"}],"wp:featuredmedia":[{"embeddable":true,"href":"https:\/\/rms-enlinea.com.ar\/tienda\/wp-json\/wp\/v2\/media\/10835"}],"wp:attachment":[{"href":"https:\/\/rms-enlinea.com.ar\/tienda\/wp-json\/wp\/v2\/media?parent=10841"}],"wp:term":[{"taxonomy":"product_brand","embeddable":true,"href":"https:\/\/rms-enlinea.com.ar\/tienda\/wp-json\/wp\/v2\/product_brand?post=10841"},{"taxonomy":"product_cat","embeddable":true,"href":"https:\/\/rms-enlinea.com.ar\/tienda\/wp-json\/wp\/v2\/product_cat?post=10841"},{"taxonomy":"product_tag","embeddable":true,"href":"https:\/\/rms-enlinea.com.ar\/tienda\/wp-json\/wp\/v2\/product_tag?post=10841"}],"curies":[{"name":"wp","href":"https:\/\/api.w.org\/{rel}","templated":true}]}}