{"id":10887,"date":"2025-06-12T05:30:57","date_gmt":"2025-06-12T08:30:57","guid":{"rendered":"https:\/\/rms-enlinea.com.ar\/tienda\/producto\/adaptador-usb-a-ethernet-red-rj45-d-link-dub-1312\/"},"modified":"2026-04-03T03:42:53","modified_gmt":"2026-04-03T06:42:53","slug":"adaptador-usb-a-ethernet-red-rj45-d-link-dub-1312","status":"publish","type":"product","link":"https:\/\/rms-enlinea.com.ar\/tienda\/producto\/adaptador-usb-a-ethernet-red-rj45-d-link-dub-1312\/","title":{"rendered":"Adaptador Usb A Ethernet Red Rj45 D-link Dub-1312"},"content":{"rendered":"<p>El D-Link DUB-1312 es un adaptador de red con un puerto USB 3.0 y un puerto RJ-45 10\/100\/1000 Mbps Gigabit Ethernet. Permite a\u00f1adir al instante conectividad Gigabit al Computador de sobremesa, port\u00e1til o netbook. Al combinar la velocidad SuperSpeed del USB 3.0 con la conectividad Gigabit Ethernet, permite transferir archivos de gran tama\u00f1o en un instante, ver pel\u00edculas HD sin almacenar en el b\u00fafer o realizar copias de seguridad f\u00e1cilmente en un servidor o dispositivo de almacenamiento en red.<\/p>\n","protected":false},"excerpt":{"rendered":"<p>El D-Link DUB-1312 es un adaptador de red con un puerto USB 3.0 y un puerto RJ-45 10\/100\/1000 Mbps Gigabit Ethernet. Permite a\u00f1adir al instante conectividad Gigabit al Computador de sobremesa, port\u00e1til o netbook. Al combinar la velocidad SuperSpeed del USB 3.0 con la conectividad Gigabit Ethernet, permite transferir archivos de gran tama\u00f1o en un [&hellip;]<\/p>\n","protected":false},"featured_media":10888,"comment_status":"open","ping_status":"closed","template":"","meta":{"_uag_custom_page_level_css":""},"product_brand":[547],"product_cat":[122],"product_tag":[],"class_list":{"0":"post-10887","1":"product","2":"type-product","3":"status-publish","4":"has-post-thumbnail","6":"product_brand-dlink","7":"product_cat-redes-y-conectividad","9":"first","10":"outofstock","11":"sale","12":"taxable","13":"shipping-taxable","14":"purchasable","15":"product-type-simple"},"uagb_featured_image_src":{"full":["https:\/\/rms-enlinea.com.ar\/wp-content\/uploads\/2025\/06\/D_699762-MLA83038978493_032025-F.jpg",1200,627,false],"thumbnail":["https:\/\/rms-enlinea.com.ar\/wp-content\/uploads\/2025\/06\/D_699762-MLA83038978493_032025-F-150x150.jpg",150,150,true],"medium":["https:\/\/rms-enlinea.com.ar\/wp-content\/uploads\/2025\/06\/D_699762-MLA83038978493_032025-F-300x157.jpg",300,157,true],"medium_large":["https:\/\/rms-enlinea.com.ar\/wp-content\/uploads\/2025\/06\/D_699762-MLA83038978493_032025-F-768x401.jpg",768,401,true],"large":["https:\/\/rms-enlinea.com.ar\/wp-content\/uploads\/2025\/06\/D_699762-MLA83038978493_032025-F-1024x535.jpg",1024,535,true],"1536x1536":["https:\/\/rms-enlinea.com.ar\/wp-content\/uploads\/2025\/06\/D_699762-MLA83038978493_032025-F.jpg",1200,627,false],"2048x2048":["https:\/\/rms-enlinea.com.ar\/wp-content\/uploads\/2025\/06\/D_699762-MLA83038978493_032025-F.jpg",1200,627,false],"woocommerce_thumbnail":["https:\/\/rms-enlinea.com.ar\/wp-content\/uploads\/2025\/06\/D_699762-MLA83038978493_032025-F-450x450.jpg",450,450,true],"woocommerce_single":["https:\/\/rms-enlinea.com.ar\/wp-content\/uploads\/2025\/06\/D_699762-MLA83038978493_032025-F-600x314.jpg",600,314,true],"woocommerce_gallery_thumbnail":["https:\/\/rms-enlinea.com.ar\/wp-content\/uploads\/2025\/06\/D_699762-MLA83038978493_032025-F-100x100.jpg",100,100,true]},"uagb_author_info":{"display_name":"l0071054","author_link":"https:\/\/rms-enlinea.com.ar\/tienda\/author\/"},"uagb_comment_info":0,"uagb_excerpt":"El D-Link DUB-1312 es un adaptador de red con un puerto USB 3.0 y un puerto RJ-45 10\/100\/1000 Mbps Gigabit Ethernet. Permite a\u00f1adir al instante conectividad Gigabit al Computador de sobremesa, port\u00e1til o netbook. Al combinar la velocidad SuperSpeed del USB 3.0 con la conectividad Gigabit Ethernet, permite transferir archivos de gran tama\u00f1o en un&hellip;","_links":{"self":[{"href":"https:\/\/rms-enlinea.com.ar\/tienda\/wp-json\/wp\/v2\/product\/10887","targetHints":{"allow":["GET"]}}],"collection":[{"href":"https:\/\/rms-enlinea.com.ar\/tienda\/wp-json\/wp\/v2\/product"}],"about":[{"href":"https:\/\/rms-enlinea.com.ar\/tienda\/wp-json\/wp\/v2\/types\/product"}],"replies":[{"embeddable":true,"href":"https:\/\/rms-enlinea.com.ar\/tienda\/wp-json\/wp\/v2\/comments?post=10887"}],"wp:featuredmedia":[{"embeddable":true,"href":"https:\/\/rms-enlinea.com.ar\/tienda\/wp-json\/wp\/v2\/media\/10888"}],"wp:attachment":[{"href":"https:\/\/rms-enlinea.com.ar\/tienda\/wp-json\/wp\/v2\/media?parent=10887"}],"wp:term":[{"taxonomy":"product_brand","embeddable":true,"href":"https:\/\/rms-enlinea.com.ar\/tienda\/wp-json\/wp\/v2\/product_brand?post=10887"},{"taxonomy":"product_cat","embeddable":true,"href":"https:\/\/rms-enlinea.com.ar\/tienda\/wp-json\/wp\/v2\/product_cat?post=10887"},{"taxonomy":"product_tag","embeddable":true,"href":"https:\/\/rms-enlinea.com.ar\/tienda\/wp-json\/wp\/v2\/product_tag?post=10887"}],"curies":[{"name":"wp","href":"https:\/\/api.w.org\/{rel}","templated":true}]}}