{"id":10960,"date":"2025-06-12T05:32:15","date_gmt":"2025-06-12T08:32:15","guid":{"rendered":"https:\/\/rms-enlinea.com.ar\/tienda\/producto\/router-inalambrico-wifi-6-ax1500-4-antenas-d-link-r15\/"},"modified":"2026-04-17T22:40:26","modified_gmt":"2026-04-18T01:40:26","slug":"router-inalambrico-wifi-6-ax1500-4-antenas-d-link-r15","status":"publish","type":"product","link":"https:\/\/rms-enlinea.com.ar\/tienda\/producto\/router-inalambrico-wifi-6-ax1500-4-antenas-d-link-r15\/","title":{"rendered":"Router Inalambrico Wifi 6 Ax1500 4 Antenas D-link R15"},"content":{"rendered":"<p>Frecuencias<\/p>\n<p>2.4 GHz,5 GHz<br \/>Altura<\/p>\n<p>38.6 mm<br \/>Modelo<\/p>\n<p>AX10<br \/>Temperatura de funcionamiento<\/p>\n<p>0 \u00b0C &#8211; 40 \u00b0C<br \/>Humedad de funcionamiento<\/p>\n<p>10 % &#8211; 90 %<br \/>Protocolos de seguridad<\/p>\n<p>WPA,WPA2,WEP,SPI,DMZ,WPS<br \/>L\u00ednea<\/p>\n<p>Archer<br \/>Ancho de banda<\/p>\n<p>AX1500<br \/>Cantidad total de puertos<\/p>\n<p>5<br \/>Marca<\/p>\n<p>TP-Link<br \/>Tipo de conexi\u00f3n<\/p>\n<p>Con cable\/Inal\u00e1mbrica<br \/>Profundidad<\/p>\n<p>135 mm<br \/>Cantidad de antenas externas<\/p>\n<p>4<br \/>Tipo de frecuencia<\/p>\n<p>Banda doble<br \/>Funciones<\/p>\n<p>Router,WMM<br \/>Con bot\u00f3n de reinicio<\/p>\n<p>S\u00ed<br \/>Condici\u00f3n del \u00edtem<\/p>\n<p>Nuevo<br \/>Cantidad de puertos LAN<\/p>\n<p>4<br \/>Unidades por paquete<\/p>\n<p>1<br \/>Versi\u00f3n<\/p>\n<p>V1.20<br \/>Voltaje<\/p>\n<p>220V<br \/>Cantidad de puertos WAN<\/p>\n<p>1<br \/>Ancho<\/p>\n<p>260.2 mm<br \/>Velocidad inal\u00e1mbrica<\/p>\n<p>1501 Mbps<br \/>Est\u00e1ndares inal\u00e1mbricos<\/p>\n<p>IEEE 802.11n,IEEE 802.11ax<br \/>Con firewall integrado<\/p>\n<p>S\u00ed<\/p>\n","protected":false},"excerpt":{"rendered":"<p>Frecuencias 2.4 GHz,5 GHzAltura 38.6 mmModelo AX10Temperatura de funcionamiento 0 \u00b0C &#8211; 40 \u00b0CHumedad de funcionamiento 10 % &#8211; 90 %Protocolos de seguridad WPA,WPA2,WEP,SPI,DMZ,WPSL\u00ednea ArcherAncho de banda AX1500Cantidad total de puertos 5Marca TP-LinkTipo de conexi\u00f3n Con cable\/Inal\u00e1mbricaProfundidad 135 mmCantidad de antenas externas 4Tipo de frecuencia Banda dobleFunciones Router,WMMCon bot\u00f3n de reinicio S\u00edCondici\u00f3n del \u00edtem NuevoCantidad [&hellip;]<\/p>\n","protected":false},"featured_media":10947,"comment_status":"open","ping_status":"closed","template":"","meta":{"_uag_custom_page_level_css":""},"product_brand":[547,546],"product_cat":[122],"product_tag":[],"class_list":{"0":"post-10960","1":"product","2":"type-product","3":"status-publish","4":"has-post-thumbnail","6":"product_brand-dlink","7":"product_brand-tplink","8":"product_cat-redes-y-conectividad","10":"first","11":"outofstock","12":"sale","13":"taxable","14":"shipping-taxable","15":"purchasable","16":"product-type-simple"},"uagb_featured_image_src":{"full":["https:\/\/rms-enlinea.com.ar\/wp-content\/uploads\/2025\/06\/D_705588-MLU69935339606_062023-F.jpg",473,500,false],"thumbnail":["https:\/\/rms-enlinea.com.ar\/wp-content\/uploads\/2025\/06\/D_705588-MLU69935339606_062023-F-150x150.jpg",150,150,true],"medium":["https:\/\/rms-enlinea.com.ar\/wp-content\/uploads\/2025\/06\/D_705588-MLU69935339606_062023-F-284x300.jpg",284,300,true],"medium_large":["https:\/\/rms-enlinea.com.ar\/wp-content\/uploads\/2025\/06\/D_705588-MLU69935339606_062023-F.jpg",473,500,false],"large":["https:\/\/rms-enlinea.com.ar\/wp-content\/uploads\/2025\/06\/D_705588-MLU69935339606_062023-F.jpg",473,500,false],"1536x1536":["https:\/\/rms-enlinea.com.ar\/wp-content\/uploads\/2025\/06\/D_705588-MLU69935339606_062023-F.jpg",473,500,false],"2048x2048":["https:\/\/rms-enlinea.com.ar\/wp-content\/uploads\/2025\/06\/D_705588-MLU69935339606_062023-F.jpg",473,500,false],"woocommerce_thumbnail":["https:\/\/rms-enlinea.com.ar\/wp-content\/uploads\/2025\/06\/D_705588-MLU69935339606_062023-F-450x450.jpg",450,450,true],"woocommerce_single":["https:\/\/rms-enlinea.com.ar\/wp-content\/uploads\/2025\/06\/D_705588-MLU69935339606_062023-F.jpg",473,500,false],"woocommerce_gallery_thumbnail":["https:\/\/rms-enlinea.com.ar\/wp-content\/uploads\/2025\/06\/D_705588-MLU69935339606_062023-F-100x100.jpg",100,100,true]},"uagb_author_info":{"display_name":"l0071054","author_link":"https:\/\/rms-enlinea.com.ar\/tienda\/author\/"},"uagb_comment_info":0,"uagb_excerpt":"Frecuencias 2.4 GHz,5 GHzAltura 38.6 mmModelo AX10Temperatura de funcionamiento 0 \u00b0C &#8211; 40 \u00b0CHumedad de funcionamiento 10 % &#8211; 90 %Protocolos de seguridad WPA,WPA2,WEP,SPI,DMZ,WPSL\u00ednea ArcherAncho de banda AX1500Cantidad total de puertos 5Marca TP-LinkTipo de conexi\u00f3n Con cable\/Inal\u00e1mbricaProfundidad 135 mmCantidad de antenas externas 4Tipo de frecuencia Banda dobleFunciones Router,WMMCon bot\u00f3n de reinicio S\u00edCondici\u00f3n del \u00edtem NuevoCantidad&hellip;","_links":{"self":[{"href":"https:\/\/rms-enlinea.com.ar\/tienda\/wp-json\/wp\/v2\/product\/10960","targetHints":{"allow":["GET"]}}],"collection":[{"href":"https:\/\/rms-enlinea.com.ar\/tienda\/wp-json\/wp\/v2\/product"}],"about":[{"href":"https:\/\/rms-enlinea.com.ar\/tienda\/wp-json\/wp\/v2\/types\/product"}],"replies":[{"embeddable":true,"href":"https:\/\/rms-enlinea.com.ar\/tienda\/wp-json\/wp\/v2\/comments?post=10960"}],"wp:featuredmedia":[{"embeddable":true,"href":"https:\/\/rms-enlinea.com.ar\/tienda\/wp-json\/wp\/v2\/media\/10947"}],"wp:attachment":[{"href":"https:\/\/rms-enlinea.com.ar\/tienda\/wp-json\/wp\/v2\/media?parent=10960"}],"wp:term":[{"taxonomy":"product_brand","embeddable":true,"href":"https:\/\/rms-enlinea.com.ar\/tienda\/wp-json\/wp\/v2\/product_brand?post=10960"},{"taxonomy":"product_cat","embeddable":true,"href":"https:\/\/rms-enlinea.com.ar\/tienda\/wp-json\/wp\/v2\/product_cat?post=10960"},{"taxonomy":"product_tag","embeddable":true,"href":"https:\/\/rms-enlinea.com.ar\/tienda\/wp-json\/wp\/v2\/product_tag?post=10960"}],"curies":[{"name":"wp","href":"https:\/\/api.w.org\/{rel}","templated":true}]}}