{"id":10965,"date":"2025-06-12T05:32:28","date_gmt":"2025-06-12T08:32:28","guid":{"rendered":"https:\/\/rms-enlinea.com.ar\/tienda\/producto\/router-inalambrico-wifi-5-ac1200-4-antenas-d-link-r12\/"},"modified":"2026-04-06T14:26:59","modified_gmt":"2026-04-06T17:26:59","slug":"router-inalambrico-wifi-5-ac1200-4-antenas-d-link-r12","status":"publish","type":"product","link":"https:\/\/rms-enlinea.com.ar\/tienda\/producto\/router-inalambrico-wifi-5-ac1200-4-antenas-d-link-r12\/","title":{"rendered":"Router Inalambrico Wifi 5 Ac1200 4 Antenas D-link R12"},"content":{"rendered":"<p>Antena<br \/>4 x Antenas externas<br \/>Gesti\u00f3n de dispositivos<br \/>Aplicaci\u00f3n EAGLE PRO AI (iOS Y Android)<br \/>Web UI<br \/>Dimensiones<br \/>L: 177 mm (6,96 pulgadas), Ancho: 139 mm (5,47 pulgadas), Alto: 50 mm (1,96 pulgadas)<br \/>Cortafuegos<br \/>1 x DMZ<br \/>Anti-spoofing Checking<br \/>DoS<br \/>Filtrado de direcciones IP\/MAC<br \/>Inspecci\u00f3n de paquetes con estado<br \/>Interfaces<br \/>1 x conector de alimentaci\u00f3n<br \/>4 x puerto LAN Gigabit Ethernet<br \/>1 x puerto WAN Gigabit Ethernet<br \/>1 x bot\u00f3n de reinicio<br \/>1 x bot\u00f3n WPS<br \/>QoS<br \/>Tecnolog\u00eda QoS inteligente de D-Link<br \/>Protocolo de seguridad<br \/>WPA2 (Wi-Fi Protected Access)<br \/>WPA3Wi_Fi acceso protegido<br \/>WPS Wi_Fi configuraci\u00f3n protegida<br \/>Asistente de voz<br \/>Amazon Alexa<br \/>Asistente de Google<br \/>Est\u00e1ndar inal\u00e1mbrico<br \/>IEEE 802.11ax\/ac\/n\/g\/b\/k\/v\/a\/h<br \/>IEEE 802.3u\/ab<\/p>\n","protected":false},"excerpt":{"rendered":"<p>Antena4 x Antenas externasGesti\u00f3n de dispositivosAplicaci\u00f3n EAGLE PRO AI (iOS Y Android)Web UIDimensionesL: 177 mm (6,96 pulgadas), Ancho: 139 mm (5,47 pulgadas), Alto: 50 mm (1,96 pulgadas)Cortafuegos1 x DMZAnti-spoofing CheckingDoSFiltrado de direcciones IP\/MACInspecci\u00f3n de paquetes con estadoInterfaces1 x conector de alimentaci\u00f3n4 x puerto LAN Gigabit Ethernet1 x puerto WAN Gigabit Ethernet1 x bot\u00f3n de reinicio1 [&hellip;]<\/p>\n","protected":false},"featured_media":10966,"comment_status":"open","ping_status":"closed","template":"","meta":{"_uag_custom_page_level_css":""},"product_brand":[547],"product_cat":[122],"product_tag":[],"class_list":{"0":"post-10965","1":"product","2":"type-product","3":"status-publish","4":"has-post-thumbnail","6":"product_brand-dlink","7":"product_cat-redes-y-conectividad","9":"first","10":"instock","11":"sale","12":"taxable","13":"shipping-taxable","14":"purchasable","15":"product-type-simple"},"uagb_featured_image_src":{"full":["https:\/\/rms-enlinea.com.ar\/wp-content\/uploads\/2025\/06\/D_891811-MLA82703636752_032025-F.jpg",1200,976,false],"thumbnail":["https:\/\/rms-enlinea.com.ar\/wp-content\/uploads\/2025\/06\/D_891811-MLA82703636752_032025-F-150x150.jpg",150,150,true],"medium":["https:\/\/rms-enlinea.com.ar\/wp-content\/uploads\/2025\/06\/D_891811-MLA82703636752_032025-F-300x244.jpg",300,244,true],"medium_large":["https:\/\/rms-enlinea.com.ar\/wp-content\/uploads\/2025\/06\/D_891811-MLA82703636752_032025-F-768x625.jpg",768,625,true],"large":["https:\/\/rms-enlinea.com.ar\/wp-content\/uploads\/2025\/06\/D_891811-MLA82703636752_032025-F-1024x833.jpg",1024,833,true],"1536x1536":["https:\/\/rms-enlinea.com.ar\/wp-content\/uploads\/2025\/06\/D_891811-MLA82703636752_032025-F.jpg",1200,976,false],"2048x2048":["https:\/\/rms-enlinea.com.ar\/wp-content\/uploads\/2025\/06\/D_891811-MLA82703636752_032025-F.jpg",1200,976,false],"woocommerce_thumbnail":["https:\/\/rms-enlinea.com.ar\/wp-content\/uploads\/2025\/06\/D_891811-MLA82703636752_032025-F-450x450.jpg",450,450,true],"woocommerce_single":["https:\/\/rms-enlinea.com.ar\/wp-content\/uploads\/2025\/06\/D_891811-MLA82703636752_032025-F-600x488.jpg",600,488,true],"woocommerce_gallery_thumbnail":["https:\/\/rms-enlinea.com.ar\/wp-content\/uploads\/2025\/06\/D_891811-MLA82703636752_032025-F-100x100.jpg",100,100,true]},"uagb_author_info":{"display_name":"l0071054","author_link":"https:\/\/rms-enlinea.com.ar\/tienda\/author\/"},"uagb_comment_info":0,"uagb_excerpt":"Antena4 x Antenas externasGesti\u00f3n de dispositivosAplicaci\u00f3n EAGLE PRO AI (iOS Y Android)Web UIDimensionesL: 177 mm (6,96 pulgadas), Ancho: 139 mm (5,47 pulgadas), Alto: 50 mm (1,96 pulgadas)Cortafuegos1 x DMZAnti-spoofing CheckingDoSFiltrado de direcciones IP\/MACInspecci\u00f3n de paquetes con estadoInterfaces1 x conector de alimentaci\u00f3n4 x puerto LAN Gigabit Ethernet1 x puerto WAN Gigabit Ethernet1 x bot\u00f3n de reinicio1&hellip;","_links":{"self":[{"href":"https:\/\/rms-enlinea.com.ar\/tienda\/wp-json\/wp\/v2\/product\/10965","targetHints":{"allow":["GET"]}}],"collection":[{"href":"https:\/\/rms-enlinea.com.ar\/tienda\/wp-json\/wp\/v2\/product"}],"about":[{"href":"https:\/\/rms-enlinea.com.ar\/tienda\/wp-json\/wp\/v2\/types\/product"}],"replies":[{"embeddable":true,"href":"https:\/\/rms-enlinea.com.ar\/tienda\/wp-json\/wp\/v2\/comments?post=10965"}],"wp:featuredmedia":[{"embeddable":true,"href":"https:\/\/rms-enlinea.com.ar\/tienda\/wp-json\/wp\/v2\/media\/10966"}],"wp:attachment":[{"href":"https:\/\/rms-enlinea.com.ar\/tienda\/wp-json\/wp\/v2\/media?parent=10965"}],"wp:term":[{"taxonomy":"product_brand","embeddable":true,"href":"https:\/\/rms-enlinea.com.ar\/tienda\/wp-json\/wp\/v2\/product_brand?post=10965"},{"taxonomy":"product_cat","embeddable":true,"href":"https:\/\/rms-enlinea.com.ar\/tienda\/wp-json\/wp\/v2\/product_cat?post=10965"},{"taxonomy":"product_tag","embeddable":true,"href":"https:\/\/rms-enlinea.com.ar\/tienda\/wp-json\/wp\/v2\/product_tag?post=10965"}],"curies":[{"name":"wp","href":"https:\/\/api.w.org\/{rel}","templated":true}]}}