{"id":11024,"date":"2025-06-12T05:33:45","date_gmt":"2025-06-12T08:33:45","guid":{"rendered":"https:\/\/rms-enlinea.com.ar\/tienda\/producto\/auricular-gamer-trust-fayzo-7-1-white-gxt490w-25302\/"},"modified":"2026-02-20T20:23:05","modified_gmt":"2026-02-20T23:23:05","slug":"auricular-gamer-trust-fayzo-7-1-white-gxt490w-25302","status":"publish","type":"product","link":"https:\/\/rms-enlinea.com.ar\/tienda\/producto\/auricular-gamer-trust-fayzo-7-1-white-gxt490w-25302\/","title":{"rendered":"Auricular Gamer Trust Fayzo 7.1 White Gxt490w 25302"},"content":{"rendered":"<p>Tipos de conectores<\/p>\n<p>USB-A<br \/>\nRespuesta en frecuencia<\/p>\n<p>20 Hz &#8211; 20000 Hz<br \/>\nFormato del auricular<\/p>\n<p>Over-ear<br \/>\nEs gamer<\/p>\n<p>S\u00ed<br \/>\nColor principal<\/p>\n<p>Blanco<br \/>\nModelo<\/p>\n<p>490<br \/>\nCondici\u00f3n del \u00edtem<\/p>\n<p>Nuevo<br \/>\nMarca<\/p>\n<p>Trust<br \/>\nColor<\/p>\n<p>Blanco<br \/>\nL\u00ednea<\/p>\n<p>GXT<br \/>\nLargo del cable<\/p>\n<p>2 m<br \/>\nCon Bluetooth<\/p>\n<p>No<br \/>\nCon luz LED<\/p>\n<p>S\u00ed<br \/>\nCon cancelaci\u00f3n de ruido<\/p>\n<p>S\u00ed<br \/>\nCon micr\u00f3fono<\/p>\n<p>S\u00ed<br \/>\nSensibilidad<\/p>\n<p>100 dB<\/p>\n","protected":false},"excerpt":{"rendered":"<p>Tipos de conectores USB-A Respuesta en frecuencia 20 Hz &#8211; 20000 Hz Formato del auricular Over-ear Es gamer S\u00ed Color principal Blanco Modelo 490 Condici\u00f3n del \u00edtem Nuevo Marca Trust Color Blanco L\u00ednea GXT Largo del cable 2 m Con Bluetooth No Con luz LED S\u00ed Con cancelaci\u00f3n de ruido S\u00ed Con micr\u00f3fono S\u00ed Sensibilidad [&hellip;]<\/p>\n","protected":false},"featured_media":11025,"comment_status":"open","ping_status":"closed","template":"","meta":{"_uag_custom_page_level_css":""},"product_brand":[542],"product_cat":[99],"product_tag":[],"class_list":{"0":"post-11024","1":"product","2":"type-product","3":"status-publish","4":"has-post-thumbnail","6":"product_brand-trustgaming","7":"product_cat-auriculares-computacion","9":"first","10":"instock","11":"sale","12":"taxable","13":"shipping-taxable","14":"purchasable","15":"product-type-simple"},"uagb_featured_image_src":{"full":["https:\/\/rms-enlinea.com.ar\/wp-content\/uploads\/2025\/06\/D_939353-MLA82965488645_032025-F.jpg",1069,1200,false],"thumbnail":["https:\/\/rms-enlinea.com.ar\/wp-content\/uploads\/2025\/06\/D_939353-MLA82965488645_032025-F-150x150.jpg",150,150,true],"medium":["https:\/\/rms-enlinea.com.ar\/wp-content\/uploads\/2025\/06\/D_939353-MLA82965488645_032025-F-267x300.jpg",267,300,true],"medium_large":["https:\/\/rms-enlinea.com.ar\/wp-content\/uploads\/2025\/06\/D_939353-MLA82965488645_032025-F-768x862.jpg",768,862,true],"large":["https:\/\/rms-enlinea.com.ar\/wp-content\/uploads\/2025\/06\/D_939353-MLA82965488645_032025-F-912x1024.jpg",912,1024,true],"1536x1536":["https:\/\/rms-enlinea.com.ar\/wp-content\/uploads\/2025\/06\/D_939353-MLA82965488645_032025-F.jpg",1069,1200,false],"2048x2048":["https:\/\/rms-enlinea.com.ar\/wp-content\/uploads\/2025\/06\/D_939353-MLA82965488645_032025-F.jpg",1069,1200,false],"woocommerce_thumbnail":["https:\/\/rms-enlinea.com.ar\/wp-content\/uploads\/2025\/06\/D_939353-MLA82965488645_032025-F-450x450.jpg",450,450,true],"woocommerce_single":["https:\/\/rms-enlinea.com.ar\/wp-content\/uploads\/2025\/06\/D_939353-MLA82965488645_032025-F-600x674.jpg",600,674,true],"woocommerce_gallery_thumbnail":["https:\/\/rms-enlinea.com.ar\/wp-content\/uploads\/2025\/06\/D_939353-MLA82965488645_032025-F-100x100.jpg",100,100,true]},"uagb_author_info":{"display_name":"l0071054","author_link":"https:\/\/rms-enlinea.com.ar\/tienda\/author\/"},"uagb_comment_info":0,"uagb_excerpt":"Tipos de conectores USB-A Respuesta en frecuencia 20 Hz &#8211; 20000 Hz Formato del auricular Over-ear Es gamer S\u00ed Color principal Blanco Modelo 490 Condici\u00f3n del \u00edtem Nuevo Marca Trust Color Blanco L\u00ednea GXT Largo del cable 2 m Con Bluetooth No Con luz LED S\u00ed Con cancelaci\u00f3n de ruido S\u00ed Con micr\u00f3fono S\u00ed Sensibilidad&hellip;","_links":{"self":[{"href":"https:\/\/rms-enlinea.com.ar\/tienda\/wp-json\/wp\/v2\/product\/11024","targetHints":{"allow":["GET"]}}],"collection":[{"href":"https:\/\/rms-enlinea.com.ar\/tienda\/wp-json\/wp\/v2\/product"}],"about":[{"href":"https:\/\/rms-enlinea.com.ar\/tienda\/wp-json\/wp\/v2\/types\/product"}],"replies":[{"embeddable":true,"href":"https:\/\/rms-enlinea.com.ar\/tienda\/wp-json\/wp\/v2\/comments?post=11024"}],"wp:featuredmedia":[{"embeddable":true,"href":"https:\/\/rms-enlinea.com.ar\/tienda\/wp-json\/wp\/v2\/media\/11025"}],"wp:attachment":[{"href":"https:\/\/rms-enlinea.com.ar\/tienda\/wp-json\/wp\/v2\/media?parent=11024"}],"wp:term":[{"taxonomy":"product_brand","embeddable":true,"href":"https:\/\/rms-enlinea.com.ar\/tienda\/wp-json\/wp\/v2\/product_brand?post=11024"},{"taxonomy":"product_cat","embeddable":true,"href":"https:\/\/rms-enlinea.com.ar\/tienda\/wp-json\/wp\/v2\/product_cat?post=11024"},{"taxonomy":"product_tag","embeddable":true,"href":"https:\/\/rms-enlinea.com.ar\/tienda\/wp-json\/wp\/v2\/product_tag?post=11024"}],"curies":[{"name":"wp","href":"https:\/\/api.w.org\/{rel}","templated":true}]}}