{"id":11064,"date":"2025-06-12T05:34:32","date_gmt":"2025-06-12T08:34:32","guid":{"rendered":"https:\/\/rms-enlinea.com.ar\/tienda\/producto\/memoria-ddr5-sodimm-adata-16gb-5600mhz-ad5s560016g-s\/"},"modified":"2026-05-04T11:41:05","modified_gmt":"2026-05-04T14:41:05","slug":"memoria-ddr5-sodimm-adata-16gb-5600mhz-ad5s560016g-s","status":"publish","type":"product","link":"https:\/\/rms-enlinea.com.ar\/tienda\/producto\/memoria-ddr5-sodimm-adata-16gb-5600mhz-ad5s560016g-s\/","title":{"rendered":"Memoria Ddr5 Sodimm Adata 16gb 5600mhz Ad5s560016g-s"},"content":{"rendered":"<p>L\u00ednea<\/p>\n<p>SO-DIMM<br \/>\nVelocidad de la memoria RAM<\/p>\n<p>5600 MHz<br \/>\nVoltaje de alimentaci\u00f3n<\/p>\n<p>1.2V<br \/>\nAplicaci\u00f3n<\/p>\n<p>Notebooks<br \/>\nMarca<\/p>\n<p>Adata<br \/>\nModelo detallado<\/p>\n<p>AD5S560016G-S<br \/>\nCondici\u00f3n del \u00edtem<\/p>\n<p>Nuevo<br \/>\nFormato de la memoria RAM<\/p>\n<p>SOMDIMM<br \/>\nTecnolog\u00eda de la memoria RAM<\/p>\n<p>DDR5<br \/>\nCapacidad individual<\/p>\n<p>16 GB<\/p>\n","protected":false},"excerpt":{"rendered":"<p>L\u00ednea SO-DIMM Velocidad de la memoria RAM 5600 MHz Voltaje de alimentaci\u00f3n 1.2V Aplicaci\u00f3n Notebooks Marca Adata Modelo detallado AD5S560016G-S Condici\u00f3n del \u00edtem Nuevo Formato de la memoria RAM SOMDIMM Tecnolog\u00eda de la memoria RAM DDR5 Capacidad individual 16 GB<\/p>\n","protected":false},"featured_media":11061,"comment_status":"open","ping_status":"closed","template":"","meta":{"_uag_custom_page_level_css":""},"product_brand":[567],"product_cat":[112],"product_tag":[],"class_list":{"0":"post-11064","1":"product","2":"type-product","3":"status-publish","4":"has-post-thumbnail","6":"product_brand-adata","7":"product_cat-mamorias","9":"first","10":"outofstock","11":"sale","12":"taxable","13":"shipping-taxable","14":"purchasable","15":"product-type-simple"},"uagb_featured_image_src":{"full":["https:\/\/rms-enlinea.com.ar\/wp-content\/uploads\/2025\/06\/D_697164-MLA79710582469_102024-F.jpg",1200,1200,false],"thumbnail":["https:\/\/rms-enlinea.com.ar\/wp-content\/uploads\/2025\/06\/D_697164-MLA79710582469_102024-F-150x150.jpg",150,150,true],"medium":["https:\/\/rms-enlinea.com.ar\/wp-content\/uploads\/2025\/06\/D_697164-MLA79710582469_102024-F-300x300.jpg",300,300,true],"medium_large":["https:\/\/rms-enlinea.com.ar\/wp-content\/uploads\/2025\/06\/D_697164-MLA79710582469_102024-F-768x768.jpg",768,768,true],"large":["https:\/\/rms-enlinea.com.ar\/wp-content\/uploads\/2025\/06\/D_697164-MLA79710582469_102024-F-1024x1024.jpg",1024,1024,true],"1536x1536":["https:\/\/rms-enlinea.com.ar\/wp-content\/uploads\/2025\/06\/D_697164-MLA79710582469_102024-F.jpg",1200,1200,false],"2048x2048":["https:\/\/rms-enlinea.com.ar\/wp-content\/uploads\/2025\/06\/D_697164-MLA79710582469_102024-F.jpg",1200,1200,false],"woocommerce_thumbnail":["https:\/\/rms-enlinea.com.ar\/wp-content\/uploads\/2025\/06\/D_697164-MLA79710582469_102024-F-450x450.jpg",450,450,true],"woocommerce_single":["https:\/\/rms-enlinea.com.ar\/wp-content\/uploads\/2025\/06\/D_697164-MLA79710582469_102024-F-600x600.jpg",600,600,true],"woocommerce_gallery_thumbnail":["https:\/\/rms-enlinea.com.ar\/wp-content\/uploads\/2025\/06\/D_697164-MLA79710582469_102024-F-100x100.jpg",100,100,true]},"uagb_author_info":{"display_name":"l0071054","author_link":"https:\/\/rms-enlinea.com.ar\/tienda\/author\/"},"uagb_comment_info":0,"uagb_excerpt":"L\u00ednea SO-DIMM Velocidad de la memoria RAM 5600 MHz Voltaje de alimentaci\u00f3n 1.2V Aplicaci\u00f3n Notebooks Marca Adata Modelo detallado AD5S560016G-S Condici\u00f3n del \u00edtem Nuevo Formato de la memoria RAM SOMDIMM Tecnolog\u00eda de la memoria RAM DDR5 Capacidad individual 16 GB","_links":{"self":[{"href":"https:\/\/rms-enlinea.com.ar\/tienda\/wp-json\/wp\/v2\/product\/11064","targetHints":{"allow":["GET"]}}],"collection":[{"href":"https:\/\/rms-enlinea.com.ar\/tienda\/wp-json\/wp\/v2\/product"}],"about":[{"href":"https:\/\/rms-enlinea.com.ar\/tienda\/wp-json\/wp\/v2\/types\/product"}],"replies":[{"embeddable":true,"href":"https:\/\/rms-enlinea.com.ar\/tienda\/wp-json\/wp\/v2\/comments?post=11064"}],"wp:featuredmedia":[{"embeddable":true,"href":"https:\/\/rms-enlinea.com.ar\/tienda\/wp-json\/wp\/v2\/media\/11061"}],"wp:attachment":[{"href":"https:\/\/rms-enlinea.com.ar\/tienda\/wp-json\/wp\/v2\/media?parent=11064"}],"wp:term":[{"taxonomy":"product_brand","embeddable":true,"href":"https:\/\/rms-enlinea.com.ar\/tienda\/wp-json\/wp\/v2\/product_brand?post=11064"},{"taxonomy":"product_cat","embeddable":true,"href":"https:\/\/rms-enlinea.com.ar\/tienda\/wp-json\/wp\/v2\/product_cat?post=11064"},{"taxonomy":"product_tag","embeddable":true,"href":"https:\/\/rms-enlinea.com.ar\/tienda\/wp-json\/wp\/v2\/product_tag?post=11064"}],"curies":[{"name":"wp","href":"https:\/\/api.w.org\/{rel}","templated":true}]}}