{"id":11076,"date":"2025-06-12T05:34:52","date_gmt":"2025-06-12T08:34:52","guid":{"rendered":"https:\/\/rms-enlinea.com.ar\/tienda\/producto\/mouse-logitech-inalambrico-mx-anywhere-3s-grey-910-006933\/"},"modified":"2026-04-02T23:56:54","modified_gmt":"2026-04-03T02:56:54","slug":"mouse-logitech-inalambrico-mx-anywhere-3s-grey-910-006933","status":"publish","type":"product","link":"https:\/\/rms-enlinea.com.ar\/tienda\/producto\/mouse-logitech-inalambrico-mx-anywhere-3s-grey-910-006933\/","title":{"rendered":"Mouse Logitech Inalambrico Mx Anywhere 3s Grey 910-006933"},"content":{"rendered":"<p>Tecnolog\u00eda de sensor<\/p>\n<p>Alta precisi\u00f3n Darkfield<br \/>Valor nominal: 1000 dpi<br \/>dpi (valores m\u00ednimo y m\u00e1ximo): 200 dpi a 8000 dpi (ajustable en incrementos de 50 dpi)<br \/>Botones<\/p>\n<p>6 botones (click izquierdo\/derecho, retroceso\/avance, cambio de modo de bot\u00f3n rueda, click con el bot\u00f3n central)<\/p>\n","protected":false},"excerpt":{"rendered":"<p>Tecnolog\u00eda de sensor Alta precisi\u00f3n DarkfieldValor nominal: 1000 dpidpi (valores m\u00ednimo y m\u00e1ximo): 200 dpi a 8000 dpi (ajustable en incrementos de 50 dpi)Botones 6 botones (click izquierdo\/derecho, retroceso\/avance, cambio de modo de bot\u00f3n rueda, click con el bot\u00f3n central)<\/p>\n","protected":false},"featured_media":11077,"comment_status":"open","ping_status":"closed","template":"","meta":{"_uag_custom_page_level_css":""},"product_brand":[549],"product_cat":[125],"product_tag":[],"class_list":{"0":"post-11076","1":"product","2":"type-product","3":"status-publish","4":"has-post-thumbnail","6":"product_brand-logitech","7":"product_cat-teclados-y-mouses","9":"first","10":"outofstock","11":"sale","12":"taxable","13":"shipping-taxable","14":"purchasable","15":"product-type-simple"},"uagb_featured_image_src":{"full":["https:\/\/rms-enlinea.com.ar\/wp-content\/uploads\/2025\/06\/D_620007-MLA79583687178_102024-F.jpg",260,436,false],"thumbnail":["https:\/\/rms-enlinea.com.ar\/wp-content\/uploads\/2025\/06\/D_620007-MLA79583687178_102024-F-150x150.jpg",150,150,true],"medium":["https:\/\/rms-enlinea.com.ar\/wp-content\/uploads\/2025\/06\/D_620007-MLA79583687178_102024-F-179x300.jpg",179,300,true],"medium_large":["https:\/\/rms-enlinea.com.ar\/wp-content\/uploads\/2025\/06\/D_620007-MLA79583687178_102024-F.jpg",260,436,false],"large":["https:\/\/rms-enlinea.com.ar\/wp-content\/uploads\/2025\/06\/D_620007-MLA79583687178_102024-F.jpg",260,436,false],"1536x1536":["https:\/\/rms-enlinea.com.ar\/wp-content\/uploads\/2025\/06\/D_620007-MLA79583687178_102024-F.jpg",260,436,false],"2048x2048":["https:\/\/rms-enlinea.com.ar\/wp-content\/uploads\/2025\/06\/D_620007-MLA79583687178_102024-F.jpg",260,436,false],"woocommerce_thumbnail":["https:\/\/rms-enlinea.com.ar\/wp-content\/uploads\/2025\/06\/D_620007-MLA79583687178_102024-F.jpg",260,436,false],"woocommerce_single":["https:\/\/rms-enlinea.com.ar\/wp-content\/uploads\/2025\/06\/D_620007-MLA79583687178_102024-F.jpg",260,436,false],"woocommerce_gallery_thumbnail":["https:\/\/rms-enlinea.com.ar\/wp-content\/uploads\/2025\/06\/D_620007-MLA79583687178_102024-F-100x100.jpg",100,100,true]},"uagb_author_info":{"display_name":"l0071054","author_link":"https:\/\/rms-enlinea.com.ar\/tienda\/author\/"},"uagb_comment_info":0,"uagb_excerpt":"Tecnolog\u00eda de sensor Alta precisi\u00f3n DarkfieldValor nominal: 1000 dpidpi (valores m\u00ednimo y m\u00e1ximo): 200 dpi a 8000 dpi (ajustable en incrementos de 50 dpi)Botones 6 botones (click izquierdo\/derecho, retroceso\/avance, cambio de modo de bot\u00f3n rueda, click con el bot\u00f3n central)","_links":{"self":[{"href":"https:\/\/rms-enlinea.com.ar\/tienda\/wp-json\/wp\/v2\/product\/11076","targetHints":{"allow":["GET"]}}],"collection":[{"href":"https:\/\/rms-enlinea.com.ar\/tienda\/wp-json\/wp\/v2\/product"}],"about":[{"href":"https:\/\/rms-enlinea.com.ar\/tienda\/wp-json\/wp\/v2\/types\/product"}],"replies":[{"embeddable":true,"href":"https:\/\/rms-enlinea.com.ar\/tienda\/wp-json\/wp\/v2\/comments?post=11076"}],"wp:featuredmedia":[{"embeddable":true,"href":"https:\/\/rms-enlinea.com.ar\/tienda\/wp-json\/wp\/v2\/media\/11077"}],"wp:attachment":[{"href":"https:\/\/rms-enlinea.com.ar\/tienda\/wp-json\/wp\/v2\/media?parent=11076"}],"wp:term":[{"taxonomy":"product_brand","embeddable":true,"href":"https:\/\/rms-enlinea.com.ar\/tienda\/wp-json\/wp\/v2\/product_brand?post=11076"},{"taxonomy":"product_cat","embeddable":true,"href":"https:\/\/rms-enlinea.com.ar\/tienda\/wp-json\/wp\/v2\/product_cat?post=11076"},{"taxonomy":"product_tag","embeddable":true,"href":"https:\/\/rms-enlinea.com.ar\/tienda\/wp-json\/wp\/v2\/product_tag?post=11076"}],"curies":[{"name":"wp","href":"https:\/\/api.w.org\/{rel}","templated":true}]}}