{"id":11107,"date":"2025-06-12T05:35:23","date_gmt":"2025-06-12T08:35:23","guid":{"rendered":"https:\/\/rms-enlinea.com.ar\/tienda\/producto\/ventilador-turbo-liliana-vvotr18-18-aspas-plasticas-orbital\/"},"modified":"2026-04-06T12:16:23","modified_gmt":"2026-04-06T15:16:23","slug":"ventilador-turbo-liliana-vvotr18-18-aspas-plasticas-orbital","status":"publish","type":"product","link":"https:\/\/rms-enlinea.com.ar\/tienda\/producto\/ventilador-turbo-liliana-vvotr18-18-aspas-plasticas-orbital\/","title":{"rendered":"Ventilador Turbo Liliana Vvotr18 18 Aspas Plasticas Orbital"},"content":{"rendered":"<p>Material de la rejilla:<\/p>\n<p>Pl\u00e1stico<br \/>Incluye control remoto<\/p>\n<p>no<br \/>Potencia<\/p>\n<p>75 W<br \/>Es turbo<\/p>\n<p>S\u00ed<br \/>Cantidad de velocidades<\/p>\n<p>3<br \/>Motor<\/p>\n<p>reforzado<br \/>Aspas pl\u00e1sticas.<\/p>\n<p>3<br \/>Orbital<\/p>\n<p>si<br \/>Parrilla<\/p>\n<p>cromada<br \/>Di\u00e1metro<\/p>\n<p>18?.<br \/>Cabezal<\/p>\n<p>reclinable<br \/>Alimentaci\u00f3n<\/p>\n<p>Corriente directa<br \/>Con altura ajustable<\/p>\n<p>no<\/p>\n","protected":false},"excerpt":{"rendered":"<p>Material de la rejilla: Pl\u00e1sticoIncluye control remoto noPotencia 75 WEs turbo S\u00edCantidad de velocidades 3Motor reforzadoAspas pl\u00e1sticas. 3Orbital siParrilla cromadaDi\u00e1metro 18?.Cabezal reclinableAlimentaci\u00f3n Corriente directaCon altura ajustable no<\/p>\n","protected":false},"featured_media":11108,"comment_status":"open","ping_status":"closed","template":"","meta":{"_uag_custom_page_level_css":""},"product_brand":[533],"product_cat":[31],"product_tag":[],"class_list":{"0":"post-11107","1":"product","2":"type-product","3":"status-publish","4":"has-post-thumbnail","6":"product_brand-liliana","7":"product_cat-electrodomesticos","9":"first","10":"instock","11":"sale","12":"taxable","13":"shipping-taxable","14":"purchasable","15":"product-type-simple"},"uagb_featured_image_src":{"full":["https:\/\/rms-enlinea.com.ar\/wp-content\/uploads\/2025\/06\/D_611717-MLU77743586923_072024-F.jpg",850,1200,false],"thumbnail":["https:\/\/rms-enlinea.com.ar\/wp-content\/uploads\/2025\/06\/D_611717-MLU77743586923_072024-F-150x150.jpg",150,150,true],"medium":["https:\/\/rms-enlinea.com.ar\/wp-content\/uploads\/2025\/06\/D_611717-MLU77743586923_072024-F-213x300.jpg",213,300,true],"medium_large":["https:\/\/rms-enlinea.com.ar\/wp-content\/uploads\/2025\/06\/D_611717-MLU77743586923_072024-F-768x1084.jpg",768,1084,true],"large":["https:\/\/rms-enlinea.com.ar\/wp-content\/uploads\/2025\/06\/D_611717-MLU77743586923_072024-F-725x1024.jpg",725,1024,true],"1536x1536":["https:\/\/rms-enlinea.com.ar\/wp-content\/uploads\/2025\/06\/D_611717-MLU77743586923_072024-F.jpg",850,1200,false],"2048x2048":["https:\/\/rms-enlinea.com.ar\/wp-content\/uploads\/2025\/06\/D_611717-MLU77743586923_072024-F.jpg",850,1200,false],"woocommerce_thumbnail":["https:\/\/rms-enlinea.com.ar\/wp-content\/uploads\/2025\/06\/D_611717-MLU77743586923_072024-F-450x450.jpg",450,450,true],"woocommerce_single":["https:\/\/rms-enlinea.com.ar\/wp-content\/uploads\/2025\/06\/D_611717-MLU77743586923_072024-F-600x847.jpg",600,847,true],"woocommerce_gallery_thumbnail":["https:\/\/rms-enlinea.com.ar\/wp-content\/uploads\/2025\/06\/D_611717-MLU77743586923_072024-F-100x100.jpg",100,100,true]},"uagb_author_info":{"display_name":"l0071054","author_link":"https:\/\/rms-enlinea.com.ar\/tienda\/author\/"},"uagb_comment_info":0,"uagb_excerpt":"Material de la rejilla: Pl\u00e1sticoIncluye control remoto noPotencia 75 WEs turbo S\u00edCantidad de velocidades 3Motor reforzadoAspas pl\u00e1sticas. 3Orbital siParrilla cromadaDi\u00e1metro 18?.Cabezal reclinableAlimentaci\u00f3n Corriente directaCon altura ajustable no","_links":{"self":[{"href":"https:\/\/rms-enlinea.com.ar\/tienda\/wp-json\/wp\/v2\/product\/11107","targetHints":{"allow":["GET"]}}],"collection":[{"href":"https:\/\/rms-enlinea.com.ar\/tienda\/wp-json\/wp\/v2\/product"}],"about":[{"href":"https:\/\/rms-enlinea.com.ar\/tienda\/wp-json\/wp\/v2\/types\/product"}],"replies":[{"embeddable":true,"href":"https:\/\/rms-enlinea.com.ar\/tienda\/wp-json\/wp\/v2\/comments?post=11107"}],"wp:featuredmedia":[{"embeddable":true,"href":"https:\/\/rms-enlinea.com.ar\/tienda\/wp-json\/wp\/v2\/media\/11108"}],"wp:attachment":[{"href":"https:\/\/rms-enlinea.com.ar\/tienda\/wp-json\/wp\/v2\/media?parent=11107"}],"wp:term":[{"taxonomy":"product_brand","embeddable":true,"href":"https:\/\/rms-enlinea.com.ar\/tienda\/wp-json\/wp\/v2\/product_brand?post=11107"},{"taxonomy":"product_cat","embeddable":true,"href":"https:\/\/rms-enlinea.com.ar\/tienda\/wp-json\/wp\/v2\/product_cat?post=11107"},{"taxonomy":"product_tag","embeddable":true,"href":"https:\/\/rms-enlinea.com.ar\/tienda\/wp-json\/wp\/v2\/product_tag?post=11107"}],"curies":[{"name":"wp","href":"https:\/\/api.w.org\/{rel}","templated":true}]}}