{"id":11136,"date":"2025-06-12T05:36:10","date_gmt":"2025-06-12T08:36:10","guid":{"rendered":"https:\/\/rms-enlinea.com.ar\/tienda\/producto\/exprimidor-de-jugos-exprimy-liliana-40w-aae921-1-2-litros\/"},"modified":"2026-03-20T14:00:45","modified_gmt":"2026-03-20T17:00:45","slug":"exprimidor-de-jugos-exprimy-liliana-40w-aae921-1-2-litros","status":"publish","type":"product","link":"https:\/\/rms-enlinea.com.ar\/tienda\/producto\/exprimidor-de-jugos-exprimy-liliana-40w-aae921-1-2-litros\/","title":{"rendered":"Exprimidor De Jugos Exprimy Liliana 40w Aae921 1.2 Litros"},"content":{"rendered":"<p>Marca<\/p>\n<p>Liliana<br \/>Es apto para lavavajillas<\/p>\n<p>No<br \/>Es industrial<\/p>\n<p>No<br \/>L\u00ednea<\/p>\n<p>Exprimy<br \/>Modelo<\/p>\n<p>AE921<br \/>Capacidad en volumen<\/p>\n<p>1.2 L<br \/>Con doble sentido de giro<\/p>\n<p>S\u00ed<br \/>Con jarra integrada<\/p>\n<p>S\u00ed<br \/>Con accionamiento autom\u00e1tico<\/p>\n<p>S\u00ed<br \/>Base<\/p>\n<p>acero inoxidable.<br \/>Funci\u00f3n<\/p>\n<p>giro y contragiro.<br \/>Encendido<\/p>\n<p>por presi\u00f3n.<br \/>Potencia<\/p>\n<p>40 watts.<\/p>\n","protected":false},"excerpt":{"rendered":"<p>Marca LilianaEs apto para lavavajillas NoEs industrial NoL\u00ednea ExprimyModelo AE921Capacidad en volumen 1.2 LCon doble sentido de giro S\u00edCon jarra integrada S\u00edCon accionamiento autom\u00e1tico S\u00edBase acero inoxidable.Funci\u00f3n giro y contragiro.Encendido por presi\u00f3n.Potencia 40 watts.<\/p>\n","protected":false},"featured_media":11137,"comment_status":"open","ping_status":"closed","template":"","meta":{"_uag_custom_page_level_css":""},"product_brand":[533],"product_cat":[31],"product_tag":[],"class_list":{"0":"post-11136","1":"product","2":"type-product","3":"status-publish","4":"has-post-thumbnail","6":"product_brand-liliana","7":"product_cat-electrodomesticos","9":"first","10":"outofstock","11":"sale","12":"taxable","13":"shipping-taxable","14":"purchasable","15":"product-type-simple"},"uagb_featured_image_src":{"full":["https:\/\/rms-enlinea.com.ar\/wp-content\/uploads\/2025\/06\/D_630795-MLA40997923434_032020-F.jpg",865,1179,false],"thumbnail":["https:\/\/rms-enlinea.com.ar\/wp-content\/uploads\/2025\/06\/D_630795-MLA40997923434_032020-F-150x150.jpg",150,150,true],"medium":["https:\/\/rms-enlinea.com.ar\/wp-content\/uploads\/2025\/06\/D_630795-MLA40997923434_032020-F-220x300.jpg",220,300,true],"medium_large":["https:\/\/rms-enlinea.com.ar\/wp-content\/uploads\/2025\/06\/D_630795-MLA40997923434_032020-F-768x1047.jpg",768,1047,true],"large":["https:\/\/rms-enlinea.com.ar\/wp-content\/uploads\/2025\/06\/D_630795-MLA40997923434_032020-F-751x1024.jpg",751,1024,true],"1536x1536":["https:\/\/rms-enlinea.com.ar\/wp-content\/uploads\/2025\/06\/D_630795-MLA40997923434_032020-F.jpg",865,1179,false],"2048x2048":["https:\/\/rms-enlinea.com.ar\/wp-content\/uploads\/2025\/06\/D_630795-MLA40997923434_032020-F.jpg",865,1179,false],"woocommerce_thumbnail":["https:\/\/rms-enlinea.com.ar\/wp-content\/uploads\/2025\/06\/D_630795-MLA40997923434_032020-F-450x450.jpg",450,450,true],"woocommerce_single":["https:\/\/rms-enlinea.com.ar\/wp-content\/uploads\/2025\/06\/D_630795-MLA40997923434_032020-F-600x818.jpg",600,818,true],"woocommerce_gallery_thumbnail":["https:\/\/rms-enlinea.com.ar\/wp-content\/uploads\/2025\/06\/D_630795-MLA40997923434_032020-F-100x100.jpg",100,100,true]},"uagb_author_info":{"display_name":"l0071054","author_link":"https:\/\/rms-enlinea.com.ar\/tienda\/author\/"},"uagb_comment_info":0,"uagb_excerpt":"Marca LilianaEs apto para lavavajillas NoEs industrial NoL\u00ednea ExprimyModelo AE921Capacidad en volumen 1.2 LCon doble sentido de giro S\u00edCon jarra integrada S\u00edCon accionamiento autom\u00e1tico S\u00edBase acero inoxidable.Funci\u00f3n giro y contragiro.Encendido por presi\u00f3n.Potencia 40 watts.","_links":{"self":[{"href":"https:\/\/rms-enlinea.com.ar\/tienda\/wp-json\/wp\/v2\/product\/11136","targetHints":{"allow":["GET"]}}],"collection":[{"href":"https:\/\/rms-enlinea.com.ar\/tienda\/wp-json\/wp\/v2\/product"}],"about":[{"href":"https:\/\/rms-enlinea.com.ar\/tienda\/wp-json\/wp\/v2\/types\/product"}],"replies":[{"embeddable":true,"href":"https:\/\/rms-enlinea.com.ar\/tienda\/wp-json\/wp\/v2\/comments?post=11136"}],"wp:featuredmedia":[{"embeddable":true,"href":"https:\/\/rms-enlinea.com.ar\/tienda\/wp-json\/wp\/v2\/media\/11137"}],"wp:attachment":[{"href":"https:\/\/rms-enlinea.com.ar\/tienda\/wp-json\/wp\/v2\/media?parent=11136"}],"wp:term":[{"taxonomy":"product_brand","embeddable":true,"href":"https:\/\/rms-enlinea.com.ar\/tienda\/wp-json\/wp\/v2\/product_brand?post=11136"},{"taxonomy":"product_cat","embeddable":true,"href":"https:\/\/rms-enlinea.com.ar\/tienda\/wp-json\/wp\/v2\/product_cat?post=11136"},{"taxonomy":"product_tag","embeddable":true,"href":"https:\/\/rms-enlinea.com.ar\/tienda\/wp-json\/wp\/v2\/product_tag?post=11136"}],"curies":[{"name":"wp","href":"https:\/\/api.w.org\/{rel}","templated":true}]}}