{"id":11160,"date":"2025-06-12T05:36:40","date_gmt":"2025-06-12T08:36:40","guid":{"rendered":"https:\/\/rms-enlinea.com.ar\/tienda\/producto\/router-mercusys-mr80x-ax3000-gigabit-4-antenas-dual-band\/"},"modified":"2026-02-18T20:29:16","modified_gmt":"2026-02-18T23:29:16","slug":"router-mercusys-mr80x-ax3000-gigabit-4-antenas-dual-band","status":"publish","type":"product","link":"https:\/\/rms-enlinea.com.ar\/tienda\/producto\/router-mercusys-mr80x-ax3000-gigabit-4-antenas-dual-band\/","title":{"rendered":"Router Mercusys Mr80x Ax3000 Gigabit 4 Antenas Dual Band"},"content":{"rendered":"<p>Velocidades \u00f3ptimas de WiFi 6 &#8211; Hasta 3 Gbps de velocidad para una navegaci\u00f3n, transmisi\u00f3n y descarga m\u00e1s r\u00e1pidas al mismo tiempo.<\/p>\n<p>M\u00e1s dispositivos, m\u00e1s diversi\u00f3n &#8211; Soporta MU-MIMO y OFDMA para reducir la congesti\u00f3n y mejorar el rendimiento hasta cuatro veces m\u00e1s.<\/p>\n<p>WiFi que alcanza m\u00e1s lejos &#8211; 4 antenas multidireccionales de alta ganancia con Beamforming ofrecen conexiones estables y se\u00f1ales WiFi fuertes en cada rinc\u00f3n de tu hogar.<\/p>\n","protected":false},"excerpt":{"rendered":"<p>Velocidades \u00f3ptimas de WiFi 6 &#8211; Hasta 3 Gbps de velocidad para una navegaci\u00f3n, transmisi\u00f3n y descarga m\u00e1s r\u00e1pidas al mismo tiempo. M\u00e1s dispositivos, m\u00e1s diversi\u00f3n &#8211; Soporta MU-MIMO y OFDMA para reducir la congesti\u00f3n y mejorar el rendimiento hasta cuatro veces m\u00e1s. WiFi que alcanza m\u00e1s lejos &#8211; 4 antenas multidireccionales de alta ganancia [&hellip;]<\/p>\n","protected":false},"featured_media":11151,"comment_status":"open","ping_status":"closed","template":"","meta":{"_uag_custom_page_level_css":""},"product_brand":[605,546],"product_cat":[122],"product_tag":[],"class_list":{"0":"post-11160","1":"product","2":"type-product","3":"status-publish","4":"has-post-thumbnail","6":"product_brand-mercusys","7":"product_brand-tplink","8":"product_cat-redes-y-conectividad","10":"first","11":"outofstock","12":"sale","13":"taxable","14":"shipping-taxable","15":"purchasable","16":"product-type-simple"},"uagb_featured_image_src":{"full":["https:\/\/rms-enlinea.com.ar\/wp-content\/uploads\/2025\/06\/D_868901-MLU73113554179_112023-F.jpg",1200,1200,false],"thumbnail":["https:\/\/rms-enlinea.com.ar\/wp-content\/uploads\/2025\/06\/D_868901-MLU73113554179_112023-F-150x150.jpg",150,150,true],"medium":["https:\/\/rms-enlinea.com.ar\/wp-content\/uploads\/2025\/06\/D_868901-MLU73113554179_112023-F-300x300.jpg",300,300,true],"medium_large":["https:\/\/rms-enlinea.com.ar\/wp-content\/uploads\/2025\/06\/D_868901-MLU73113554179_112023-F-768x768.jpg",768,768,true],"large":["https:\/\/rms-enlinea.com.ar\/wp-content\/uploads\/2025\/06\/D_868901-MLU73113554179_112023-F-1024x1024.jpg",1024,1024,true],"1536x1536":["https:\/\/rms-enlinea.com.ar\/wp-content\/uploads\/2025\/06\/D_868901-MLU73113554179_112023-F.jpg",1200,1200,false],"2048x2048":["https:\/\/rms-enlinea.com.ar\/wp-content\/uploads\/2025\/06\/D_868901-MLU73113554179_112023-F.jpg",1200,1200,false],"woocommerce_thumbnail":["https:\/\/rms-enlinea.com.ar\/wp-content\/uploads\/2025\/06\/D_868901-MLU73113554179_112023-F-450x450.jpg",450,450,true],"woocommerce_single":["https:\/\/rms-enlinea.com.ar\/wp-content\/uploads\/2025\/06\/D_868901-MLU73113554179_112023-F-600x600.jpg",600,600,true],"woocommerce_gallery_thumbnail":["https:\/\/rms-enlinea.com.ar\/wp-content\/uploads\/2025\/06\/D_868901-MLU73113554179_112023-F-100x100.jpg",100,100,true]},"uagb_author_info":{"display_name":"l0071054","author_link":"https:\/\/rms-enlinea.com.ar\/tienda\/author\/"},"uagb_comment_info":0,"uagb_excerpt":"Velocidades \u00f3ptimas de WiFi 6 &#8211; Hasta 3 Gbps de velocidad para una navegaci\u00f3n, transmisi\u00f3n y descarga m\u00e1s r\u00e1pidas al mismo tiempo. M\u00e1s dispositivos, m\u00e1s diversi\u00f3n &#8211; Soporta MU-MIMO y OFDMA para reducir la congesti\u00f3n y mejorar el rendimiento hasta cuatro veces m\u00e1s. WiFi que alcanza m\u00e1s lejos &#8211; 4 antenas multidireccionales de alta ganancia&hellip;","_links":{"self":[{"href":"https:\/\/rms-enlinea.com.ar\/tienda\/wp-json\/wp\/v2\/product\/11160","targetHints":{"allow":["GET"]}}],"collection":[{"href":"https:\/\/rms-enlinea.com.ar\/tienda\/wp-json\/wp\/v2\/product"}],"about":[{"href":"https:\/\/rms-enlinea.com.ar\/tienda\/wp-json\/wp\/v2\/types\/product"}],"replies":[{"embeddable":true,"href":"https:\/\/rms-enlinea.com.ar\/tienda\/wp-json\/wp\/v2\/comments?post=11160"}],"wp:featuredmedia":[{"embeddable":true,"href":"https:\/\/rms-enlinea.com.ar\/tienda\/wp-json\/wp\/v2\/media\/11151"}],"wp:attachment":[{"href":"https:\/\/rms-enlinea.com.ar\/tienda\/wp-json\/wp\/v2\/media?parent=11160"}],"wp:term":[{"taxonomy":"product_brand","embeddable":true,"href":"https:\/\/rms-enlinea.com.ar\/tienda\/wp-json\/wp\/v2\/product_brand?post=11160"},{"taxonomy":"product_cat","embeddable":true,"href":"https:\/\/rms-enlinea.com.ar\/tienda\/wp-json\/wp\/v2\/product_cat?post=11160"},{"taxonomy":"product_tag","embeddable":true,"href":"https:\/\/rms-enlinea.com.ar\/tienda\/wp-json\/wp\/v2\/product_tag?post=11160"}],"curies":[{"name":"wp","href":"https:\/\/api.w.org\/{rel}","templated":true}]}}