{"id":11172,"date":"2025-06-12T05:37:02","date_gmt":"2025-06-12T08:37:02","guid":{"rendered":"https:\/\/rms-enlinea.com.ar\/tienda\/producto\/kit-teclado-y-mouse-inalambrico-genius-km-8206s-1200dpi\/"},"modified":"2026-04-21T05:00:23","modified_gmt":"2026-04-21T08:00:23","slug":"kit-teclado-y-mouse-inalambrico-genius-km-8206s-1200dpi","status":"publish","type":"product","link":"https:\/\/rms-enlinea.com.ar\/tienda\/producto\/kit-teclado-y-mouse-inalambrico-genius-km-8206s-1200dpi\/","title":{"rendered":"Kit Teclado Y Mouse Inalambrico Genius Km-8206s 1200dpi"},"content":{"rendered":"<p>Idioma del teclado<\/p>\n<p>Espa\u00f1ol Latinoam\u00e9rica<br \/>Modelo detallado<\/p>\n<p>KM-8206S<br \/>Arquitectura del teclado<\/p>\n<p>Membrana<br \/>DPI<\/p>\n<p>1200<br \/>Color del teclado<\/p>\n<p>Negro<br \/>Condici\u00f3n del \u00edtem<\/p>\n<p>Nuevo<br \/>Es inal\u00e1mbrico<\/p>\n<p>S\u00ed<br \/>Tipo de sensor del mouse<\/p>\n<p>\u00d3ptico<br \/>INTERFAZ<\/p>\n<p>2.4 GHz.<\/p>\n","protected":false},"excerpt":{"rendered":"<p>Idioma del teclado Espa\u00f1ol Latinoam\u00e9ricaModelo detallado KM-8206SArquitectura del teclado MembranaDPI 1200Color del teclado NegroCondici\u00f3n del \u00edtem NuevoEs inal\u00e1mbrico S\u00edTipo de sensor del mouse \u00d3pticoINTERFAZ 2.4 GHz.<\/p>\n","protected":false},"featured_media":11173,"comment_status":"open","ping_status":"closed","template":"","meta":{"_uag_custom_page_level_css":""},"product_brand":[550],"product_cat":[125],"product_tag":[],"class_list":{"0":"post-11172","1":"product","2":"type-product","3":"status-publish","4":"has-post-thumbnail","6":"product_brand-genius","7":"product_cat-teclados-y-mouses","9":"first","10":"outofstock","11":"sale","12":"taxable","13":"shipping-taxable","14":"purchasable","15":"product-type-simple"},"uagb_featured_image_src":{"full":["https:\/\/rms-enlinea.com.ar\/wp-content\/uploads\/2025\/06\/D_808779-MLA78713722171_082024-F.jpg",1200,440,false],"thumbnail":["https:\/\/rms-enlinea.com.ar\/wp-content\/uploads\/2025\/06\/D_808779-MLA78713722171_082024-F-150x150.jpg",150,150,true],"medium":["https:\/\/rms-enlinea.com.ar\/wp-content\/uploads\/2025\/06\/D_808779-MLA78713722171_082024-F-300x110.jpg",300,110,true],"medium_large":["https:\/\/rms-enlinea.com.ar\/wp-content\/uploads\/2025\/06\/D_808779-MLA78713722171_082024-F-768x282.jpg",768,282,true],"large":["https:\/\/rms-enlinea.com.ar\/wp-content\/uploads\/2025\/06\/D_808779-MLA78713722171_082024-F-1024x375.jpg",1024,375,true],"1536x1536":["https:\/\/rms-enlinea.com.ar\/wp-content\/uploads\/2025\/06\/D_808779-MLA78713722171_082024-F.jpg",1200,440,false],"2048x2048":["https:\/\/rms-enlinea.com.ar\/wp-content\/uploads\/2025\/06\/D_808779-MLA78713722171_082024-F.jpg",1200,440,false],"woocommerce_thumbnail":["https:\/\/rms-enlinea.com.ar\/wp-content\/uploads\/2025\/06\/D_808779-MLA78713722171_082024-F-450x440.jpg",450,440,true],"woocommerce_single":["https:\/\/rms-enlinea.com.ar\/wp-content\/uploads\/2025\/06\/D_808779-MLA78713722171_082024-F-600x220.jpg",600,220,true],"woocommerce_gallery_thumbnail":["https:\/\/rms-enlinea.com.ar\/wp-content\/uploads\/2025\/06\/D_808779-MLA78713722171_082024-F-100x100.jpg",100,100,true]},"uagb_author_info":{"display_name":"l0071054","author_link":"https:\/\/rms-enlinea.com.ar\/tienda\/author\/"},"uagb_comment_info":0,"uagb_excerpt":"Idioma del teclado Espa\u00f1ol Latinoam\u00e9ricaModelo detallado KM-8206SArquitectura del teclado MembranaDPI 1200Color del teclado NegroCondici\u00f3n del \u00edtem NuevoEs inal\u00e1mbrico S\u00edTipo de sensor del mouse \u00d3pticoINTERFAZ 2.4 GHz.","_links":{"self":[{"href":"https:\/\/rms-enlinea.com.ar\/tienda\/wp-json\/wp\/v2\/product\/11172","targetHints":{"allow":["GET"]}}],"collection":[{"href":"https:\/\/rms-enlinea.com.ar\/tienda\/wp-json\/wp\/v2\/product"}],"about":[{"href":"https:\/\/rms-enlinea.com.ar\/tienda\/wp-json\/wp\/v2\/types\/product"}],"replies":[{"embeddable":true,"href":"https:\/\/rms-enlinea.com.ar\/tienda\/wp-json\/wp\/v2\/comments?post=11172"}],"wp:featuredmedia":[{"embeddable":true,"href":"https:\/\/rms-enlinea.com.ar\/tienda\/wp-json\/wp\/v2\/media\/11173"}],"wp:attachment":[{"href":"https:\/\/rms-enlinea.com.ar\/tienda\/wp-json\/wp\/v2\/media?parent=11172"}],"wp:term":[{"taxonomy":"product_brand","embeddable":true,"href":"https:\/\/rms-enlinea.com.ar\/tienda\/wp-json\/wp\/v2\/product_brand?post=11172"},{"taxonomy":"product_cat","embeddable":true,"href":"https:\/\/rms-enlinea.com.ar\/tienda\/wp-json\/wp\/v2\/product_cat?post=11172"},{"taxonomy":"product_tag","embeddable":true,"href":"https:\/\/rms-enlinea.com.ar\/tienda\/wp-json\/wp\/v2\/product_tag?post=11172"}],"curies":[{"name":"wp","href":"https:\/\/api.w.org\/{rel}","templated":true}]}}