{"id":11183,"date":"2025-06-12T05:37:12","date_gmt":"2025-06-12T08:37:12","guid":{"rendered":"https:\/\/rms-enlinea.com.ar\/tienda\/producto\/kit-teclado-y-mouse-genius-slimstar-8230-inalambrico-y-bt\/"},"modified":"2026-04-06T12:15:02","modified_gmt":"2026-04-06T15:15:02","slug":"kit-teclado-y-mouse-genius-slimstar-8230-inalambrico-y-bt","status":"publish","type":"product","link":"https:\/\/rms-enlinea.com.ar\/tienda\/producto\/kit-teclado-y-mouse-genius-slimstar-8230-inalambrico-y-bt\/","title":{"rendered":"Kit Teclado Y Mouse Genius Slimstar 8230 Inalambrico Y Bt"},"content":{"rendered":"<p>Modelo detallado<\/p>\n<p>SLIMSTAR 8230<br \/>Es inal\u00e1mbrico<\/p>\n<p>S\u00ed<br \/>Layout<\/p>\n<p>QWERTY<br \/>Marca<\/p>\n<p>Genius<br \/>Resoluci\u00f3n del sensor del mouse<\/p>\n<p>1200 dpi<br \/>C\u00f3digo universal de producto<\/p>\n<p>091163260776<br \/>Color del teclado<\/p>\n<p>Negro<br \/>Condici\u00f3n del \u00edtem<\/p>\n<p>Nuevo<br \/>Idioma del teclado<\/p>\n<p>Espa\u00f1ol<br \/>Tecnolog\u00eda del sensor<\/p>\n<p>\u00d3ptico<\/p>\n","protected":false},"excerpt":{"rendered":"<p>Modelo detallado SLIMSTAR 8230Es inal\u00e1mbrico S\u00edLayout QWERTYMarca GeniusResoluci\u00f3n del sensor del mouse 1200 dpiC\u00f3digo universal de producto 091163260776Color del teclado NegroCondici\u00f3n del \u00edtem NuevoIdioma del teclado Espa\u00f1olTecnolog\u00eda del sensor \u00d3ptico<\/p>\n","protected":false},"featured_media":11184,"comment_status":"open","ping_status":"closed","template":"","meta":{"_uag_custom_page_level_css":""},"product_brand":[550],"product_cat":[125],"product_tag":[],"class_list":{"0":"post-11183","1":"product","2":"type-product","3":"status-publish","4":"has-post-thumbnail","6":"product_brand-genius","7":"product_cat-teclados-y-mouses","9":"first","10":"instock","11":"sale","12":"taxable","13":"shipping-taxable","14":"purchasable","15":"product-type-simple"},"uagb_featured_image_src":{"full":["https:\/\/rms-enlinea.com.ar\/wp-content\/uploads\/2025\/06\/D_971537-MLU74852934700_032024-F.jpg",1124,341,false],"thumbnail":["https:\/\/rms-enlinea.com.ar\/wp-content\/uploads\/2025\/06\/D_971537-MLU74852934700_032024-F-150x150.jpg",150,150,true],"medium":["https:\/\/rms-enlinea.com.ar\/wp-content\/uploads\/2025\/06\/D_971537-MLU74852934700_032024-F-300x91.jpg",300,91,true],"medium_large":["https:\/\/rms-enlinea.com.ar\/wp-content\/uploads\/2025\/06\/D_971537-MLU74852934700_032024-F-768x233.jpg",768,233,true],"large":["https:\/\/rms-enlinea.com.ar\/wp-content\/uploads\/2025\/06\/D_971537-MLU74852934700_032024-F-1024x311.jpg",1024,311,true],"1536x1536":["https:\/\/rms-enlinea.com.ar\/wp-content\/uploads\/2025\/06\/D_971537-MLU74852934700_032024-F.jpg",1124,341,false],"2048x2048":["https:\/\/rms-enlinea.com.ar\/wp-content\/uploads\/2025\/06\/D_971537-MLU74852934700_032024-F.jpg",1124,341,false],"woocommerce_thumbnail":["https:\/\/rms-enlinea.com.ar\/wp-content\/uploads\/2025\/06\/D_971537-MLU74852934700_032024-F-450x341.jpg",450,341,true],"woocommerce_single":["https:\/\/rms-enlinea.com.ar\/wp-content\/uploads\/2025\/06\/D_971537-MLU74852934700_032024-F-600x182.jpg",600,182,true],"woocommerce_gallery_thumbnail":["https:\/\/rms-enlinea.com.ar\/wp-content\/uploads\/2025\/06\/D_971537-MLU74852934700_032024-F-100x100.jpg",100,100,true]},"uagb_author_info":{"display_name":"l0071054","author_link":"https:\/\/rms-enlinea.com.ar\/tienda\/author\/"},"uagb_comment_info":0,"uagb_excerpt":"Modelo detallado SLIMSTAR 8230Es inal\u00e1mbrico S\u00edLayout QWERTYMarca GeniusResoluci\u00f3n del sensor del mouse 1200 dpiC\u00f3digo universal de producto 091163260776Color del teclado NegroCondici\u00f3n del \u00edtem NuevoIdioma del teclado Espa\u00f1olTecnolog\u00eda del sensor \u00d3ptico","_links":{"self":[{"href":"https:\/\/rms-enlinea.com.ar\/tienda\/wp-json\/wp\/v2\/product\/11183","targetHints":{"allow":["GET"]}}],"collection":[{"href":"https:\/\/rms-enlinea.com.ar\/tienda\/wp-json\/wp\/v2\/product"}],"about":[{"href":"https:\/\/rms-enlinea.com.ar\/tienda\/wp-json\/wp\/v2\/types\/product"}],"replies":[{"embeddable":true,"href":"https:\/\/rms-enlinea.com.ar\/tienda\/wp-json\/wp\/v2\/comments?post=11183"}],"wp:featuredmedia":[{"embeddable":true,"href":"https:\/\/rms-enlinea.com.ar\/tienda\/wp-json\/wp\/v2\/media\/11184"}],"wp:attachment":[{"href":"https:\/\/rms-enlinea.com.ar\/tienda\/wp-json\/wp\/v2\/media?parent=11183"}],"wp:term":[{"taxonomy":"product_brand","embeddable":true,"href":"https:\/\/rms-enlinea.com.ar\/tienda\/wp-json\/wp\/v2\/product_brand?post=11183"},{"taxonomy":"product_cat","embeddable":true,"href":"https:\/\/rms-enlinea.com.ar\/tienda\/wp-json\/wp\/v2\/product_cat?post=11183"},{"taxonomy":"product_tag","embeddable":true,"href":"https:\/\/rms-enlinea.com.ar\/tienda\/wp-json\/wp\/v2\/product_tag?post=11183"}],"curies":[{"name":"wp","href":"https:\/\/api.w.org\/{rel}","templated":true}]}}