{"id":11189,"date":"2025-06-12T05:37:20","date_gmt":"2025-06-12T08:37:20","guid":{"rendered":"https:\/\/rms-enlinea.com.ar\/tienda\/producto\/teclado-usb-genius-slimstar-230ii-negro-spa-membrana\/"},"modified":"2026-04-21T04:38:44","modified_gmt":"2026-04-21T07:38:44","slug":"teclado-usb-genius-slimstar-230ii-negro-spa-membrana","status":"publish","type":"product","link":"https:\/\/rms-enlinea.com.ar\/tienda\/producto\/teclado-usb-genius-slimstar-230ii-negro-spa-membrana\/","title":{"rendered":"Teclado Usb Genius Slimstar 230ii Negro Spa Membrana"},"content":{"rendered":"<p>Con recepci\u00f3n inal\u00e1mbrica<\/p>\n<p>No<br \/>Layout<\/p>\n<p>QWERTY<br \/>L\u00ednea<\/p>\n<p>SlimStar<br \/>Modelo<\/p>\n<p>SlimStar 230 II<br \/>Arquitectura<\/p>\n<p>Membrana<br \/>Con Bluetooth<\/p>\n<p>No<br \/>Con pantalla<\/p>\n<p>No<br \/>Con interfaz USB<\/p>\n<p>S\u00ed<br \/>Con cable removible<\/p>\n<p>No<br \/>Con retroiluminaci\u00f3n<\/p>\n<p>No<br \/>Color de la retroiluminaci\u00f3n<\/p>\n<p>N\/A<br \/>Tipo de switch<\/p>\n<p>Mecanico<br \/>Marca<\/p>\n<p>Genius<br \/>Tipo de conector<\/p>\n<p>USB<br \/>C\u00f3digo universal de producto<\/p>\n<p>4710268260035<br \/>Es ergon\u00f3mica<\/p>\n<p>S\u00ed<br \/>Altura del teclado<\/p>\n<p>442.13 mm<br \/>Ancho del teclado<\/p>\n<p>141 mm<br \/>Profundidad del teclado<\/p>\n<p>30.9 mm<br \/>Es gamer<\/p>\n<p>No<br \/>Es teclado num\u00e9rico<\/p>\n<p>S\u00ed<\/p>\n","protected":false},"excerpt":{"rendered":"<p>Con recepci\u00f3n inal\u00e1mbrica NoLayout QWERTYL\u00ednea SlimStarModelo SlimStar 230 IIArquitectura MembranaCon Bluetooth NoCon pantalla NoCon interfaz USB S\u00edCon cable removible NoCon retroiluminaci\u00f3n NoColor de la retroiluminaci\u00f3n N\/ATipo de switch MecanicoMarca GeniusTipo de conector USBC\u00f3digo universal de producto 4710268260035Es ergon\u00f3mica S\u00edAltura del teclado 442.13 mmAncho del teclado 141 mmProfundidad del teclado 30.9 mmEs gamer NoEs teclado num\u00e9rico [&hellip;]<\/p>\n","protected":false},"featured_media":11190,"comment_status":"open","ping_status":"closed","template":"","meta":{"_uag_custom_page_level_css":""},"product_brand":[550],"product_cat":[125],"product_tag":[],"class_list":{"0":"post-11189","1":"product","2":"type-product","3":"status-publish","4":"has-post-thumbnail","6":"product_brand-genius","7":"product_cat-teclados-y-mouses","9":"first","10":"outofstock","11":"sale","12":"taxable","13":"shipping-taxable","14":"purchasable","15":"product-type-simple"},"uagb_featured_image_src":{"full":["https:\/\/rms-enlinea.com.ar\/wp-content\/uploads\/2025\/06\/D_657526-MLA78477684886_082024-F.jpg",1200,449,false],"thumbnail":["https:\/\/rms-enlinea.com.ar\/wp-content\/uploads\/2025\/06\/D_657526-MLA78477684886_082024-F-150x150.jpg",150,150,true],"medium":["https:\/\/rms-enlinea.com.ar\/wp-content\/uploads\/2025\/06\/D_657526-MLA78477684886_082024-F-300x112.jpg",300,112,true],"medium_large":["https:\/\/rms-enlinea.com.ar\/wp-content\/uploads\/2025\/06\/D_657526-MLA78477684886_082024-F-768x287.jpg",768,287,true],"large":["https:\/\/rms-enlinea.com.ar\/wp-content\/uploads\/2025\/06\/D_657526-MLA78477684886_082024-F-1024x383.jpg",1024,383,true],"1536x1536":["https:\/\/rms-enlinea.com.ar\/wp-content\/uploads\/2025\/06\/D_657526-MLA78477684886_082024-F.jpg",1200,449,false],"2048x2048":["https:\/\/rms-enlinea.com.ar\/wp-content\/uploads\/2025\/06\/D_657526-MLA78477684886_082024-F.jpg",1200,449,false],"woocommerce_thumbnail":["https:\/\/rms-enlinea.com.ar\/wp-content\/uploads\/2025\/06\/D_657526-MLA78477684886_082024-F.jpg",450,168,false],"woocommerce_single":["https:\/\/rms-enlinea.com.ar\/wp-content\/uploads\/2025\/06\/D_657526-MLA78477684886_082024-F-600x225.jpg",600,225,true],"woocommerce_gallery_thumbnail":["https:\/\/rms-enlinea.com.ar\/wp-content\/uploads\/2025\/06\/D_657526-MLA78477684886_082024-F-100x100.jpg",100,100,true]},"uagb_author_info":{"display_name":"l0071054","author_link":"https:\/\/rms-enlinea.com.ar\/tienda\/author\/"},"uagb_comment_info":0,"uagb_excerpt":"Con recepci\u00f3n inal\u00e1mbrica NoLayout QWERTYL\u00ednea SlimStarModelo SlimStar 230 IIArquitectura MembranaCon Bluetooth NoCon pantalla NoCon interfaz USB S\u00edCon cable removible NoCon retroiluminaci\u00f3n NoColor de la retroiluminaci\u00f3n N\/ATipo de switch MecanicoMarca GeniusTipo de conector USBC\u00f3digo universal de producto 4710268260035Es ergon\u00f3mica S\u00edAltura del teclado 442.13 mmAncho del teclado 141 mmProfundidad del teclado 30.9 mmEs gamer NoEs teclado num\u00e9rico&hellip;","_links":{"self":[{"href":"https:\/\/rms-enlinea.com.ar\/tienda\/wp-json\/wp\/v2\/product\/11189","targetHints":{"allow":["GET"]}}],"collection":[{"href":"https:\/\/rms-enlinea.com.ar\/tienda\/wp-json\/wp\/v2\/product"}],"about":[{"href":"https:\/\/rms-enlinea.com.ar\/tienda\/wp-json\/wp\/v2\/types\/product"}],"replies":[{"embeddable":true,"href":"https:\/\/rms-enlinea.com.ar\/tienda\/wp-json\/wp\/v2\/comments?post=11189"}],"wp:featuredmedia":[{"embeddable":true,"href":"https:\/\/rms-enlinea.com.ar\/tienda\/wp-json\/wp\/v2\/media\/11190"}],"wp:attachment":[{"href":"https:\/\/rms-enlinea.com.ar\/tienda\/wp-json\/wp\/v2\/media?parent=11189"}],"wp:term":[{"taxonomy":"product_brand","embeddable":true,"href":"https:\/\/rms-enlinea.com.ar\/tienda\/wp-json\/wp\/v2\/product_brand?post=11189"},{"taxonomy":"product_cat","embeddable":true,"href":"https:\/\/rms-enlinea.com.ar\/tienda\/wp-json\/wp\/v2\/product_cat?post=11189"},{"taxonomy":"product_tag","embeddable":true,"href":"https:\/\/rms-enlinea.com.ar\/tienda\/wp-json\/wp\/v2\/product_tag?post=11189"}],"curies":[{"name":"wp","href":"https:\/\/api.w.org\/{rel}","templated":true}]}}