{"id":11207,"date":"2025-06-12T05:37:43","date_gmt":"2025-06-12T08:37:43","guid":{"rendered":"https:\/\/rms-enlinea.com.ar\/tienda\/producto\/soporte-de-monitor-13-a-27-vesa-100x100-intelaid-it-dbsx\/"},"modified":"2026-03-31T17:30:21","modified_gmt":"2026-03-31T20:30:21","slug":"soporte-de-monitor-13-a-27-vesa-100x100-intelaid-it-dbsx","status":"publish","type":"product","link":"https:\/\/rms-enlinea.com.ar\/tienda\/producto\/soporte-de-monitor-13-a-27-vesa-100x100-intelaid-it-dbsx\/","title":{"rendered":"Soporte De Monitor 13 A 27 Vesa 100&#215;100 Intelaid It-dbsx"},"content":{"rendered":"<p>Marca<\/p>\n<p>Intelaid<br \/>Tipos de pantallas soportadas<\/p>\n<p>13 a 27<br \/>Altura<\/p>\n<p>440 mm<br \/>Es articulado<\/p>\n<p>S\u00ed<br \/>Es fijo<\/p>\n<p>No<br \/>Es inclinable<\/p>\n<p>S\u00ed<br \/>Tama\u00f1o m\u00e1ximo de la pantalla<\/p>\n<p>27 &#8220;<br \/>Tama\u00f1o m\u00ednimo de la pantalla<\/p>\n<p>13 &#8220;<br \/>Modelo<\/p>\n<p>IT-DBSX<br \/>Lugar de montaje<\/p>\n<p>Mesa<br \/>Est\u00e1ndares VESA<\/p>\n<p>VESA 100 x 100 mm<\/p>\n","protected":false},"excerpt":{"rendered":"<p>Marca IntelaidTipos de pantallas soportadas 13 a 27Altura 440 mmEs articulado S\u00edEs fijo NoEs inclinable S\u00edTama\u00f1o m\u00e1ximo de la pantalla 27 &#8220;Tama\u00f1o m\u00ednimo de la pantalla 13 &#8220;Modelo IT-DBSXLugar de montaje MesaEst\u00e1ndares VESA VESA 100 x 100 mm<\/p>\n","protected":false},"featured_media":11208,"comment_status":"open","ping_status":"closed","template":"","meta":{"_uag_custom_page_level_css":""},"product_brand":[575],"product_cat":[461],"product_tag":[],"class_list":{"0":"post-11207","1":"product","2":"type-product","3":"status-publish","4":"has-post-thumbnail","6":"product_brand-intelaid","7":"product_cat-soportes-computacion","9":"first","10":"outofstock","11":"sale","12":"taxable","13":"shipping-taxable","14":"purchasable","15":"product-type-simple"},"uagb_featured_image_src":{"full":["https:\/\/rms-enlinea.com.ar\/wp-content\/uploads\/2025\/06\/D_843174-MLA77362609329_062024-F.jpg",281,1022,false],"thumbnail":["https:\/\/rms-enlinea.com.ar\/wp-content\/uploads\/2025\/06\/D_843174-MLA77362609329_062024-F-150x150.jpg",150,150,true],"medium":["https:\/\/rms-enlinea.com.ar\/wp-content\/uploads\/2025\/06\/D_843174-MLA77362609329_062024-F-82x300.jpg",82,300,true],"medium_large":["https:\/\/rms-enlinea.com.ar\/wp-content\/uploads\/2025\/06\/D_843174-MLA77362609329_062024-F.jpg",281,1022,false],"large":["https:\/\/rms-enlinea.com.ar\/wp-content\/uploads\/2025\/06\/D_843174-MLA77362609329_062024-F.jpg",281,1022,false],"1536x1536":["https:\/\/rms-enlinea.com.ar\/wp-content\/uploads\/2025\/06\/D_843174-MLA77362609329_062024-F.jpg",281,1022,false],"2048x2048":["https:\/\/rms-enlinea.com.ar\/wp-content\/uploads\/2025\/06\/D_843174-MLA77362609329_062024-F.jpg",281,1022,false],"woocommerce_thumbnail":["https:\/\/rms-enlinea.com.ar\/wp-content\/uploads\/2025\/06\/D_843174-MLA77362609329_062024-F-281x450.jpg",281,450,true],"woocommerce_single":["https:\/\/rms-enlinea.com.ar\/wp-content\/uploads\/2025\/06\/D_843174-MLA77362609329_062024-F.jpg",281,1022,false],"woocommerce_gallery_thumbnail":["https:\/\/rms-enlinea.com.ar\/wp-content\/uploads\/2025\/06\/D_843174-MLA77362609329_062024-F-100x100.jpg",100,100,true]},"uagb_author_info":{"display_name":"l0071054","author_link":"https:\/\/rms-enlinea.com.ar\/tienda\/author\/"},"uagb_comment_info":0,"uagb_excerpt":"Marca IntelaidTipos de pantallas soportadas 13 a 27Altura 440 mmEs articulado S\u00edEs fijo NoEs inclinable S\u00edTama\u00f1o m\u00e1ximo de la pantalla 27 &#8220;Tama\u00f1o m\u00ednimo de la pantalla 13 &#8220;Modelo IT-DBSXLugar de montaje MesaEst\u00e1ndares VESA VESA 100 x 100 mm","_links":{"self":[{"href":"https:\/\/rms-enlinea.com.ar\/tienda\/wp-json\/wp\/v2\/product\/11207","targetHints":{"allow":["GET"]}}],"collection":[{"href":"https:\/\/rms-enlinea.com.ar\/tienda\/wp-json\/wp\/v2\/product"}],"about":[{"href":"https:\/\/rms-enlinea.com.ar\/tienda\/wp-json\/wp\/v2\/types\/product"}],"replies":[{"embeddable":true,"href":"https:\/\/rms-enlinea.com.ar\/tienda\/wp-json\/wp\/v2\/comments?post=11207"}],"wp:featuredmedia":[{"embeddable":true,"href":"https:\/\/rms-enlinea.com.ar\/tienda\/wp-json\/wp\/v2\/media\/11208"}],"wp:attachment":[{"href":"https:\/\/rms-enlinea.com.ar\/tienda\/wp-json\/wp\/v2\/media?parent=11207"}],"wp:term":[{"taxonomy":"product_brand","embeddable":true,"href":"https:\/\/rms-enlinea.com.ar\/tienda\/wp-json\/wp\/v2\/product_brand?post=11207"},{"taxonomy":"product_cat","embeddable":true,"href":"https:\/\/rms-enlinea.com.ar\/tienda\/wp-json\/wp\/v2\/product_cat?post=11207"},{"taxonomy":"product_tag","embeddable":true,"href":"https:\/\/rms-enlinea.com.ar\/tienda\/wp-json\/wp\/v2\/product_tag?post=11207"}],"curies":[{"name":"wp","href":"https:\/\/api.w.org\/{rel}","templated":true}]}}