{"id":11339,"date":"2025-06-12T05:39:59","date_gmt":"2025-06-12T08:39:59","guid":{"rendered":"https:\/\/rms-enlinea.com.ar\/tienda\/producto\/gabinete-kit-sfx-783-fuente-500w-teclado-mouse-parlantes\/"},"modified":"2026-04-06T11:48:34","modified_gmt":"2026-04-06T14:48:34","slug":"gabinete-kit-sfx-783-fuente-500w-teclado-mouse-parlantes","status":"publish","type":"product","link":"https:\/\/rms-enlinea.com.ar\/tienda\/producto\/gabinete-kit-sfx-783-fuente-500w-teclado-mouse-parlantes\/","title":{"rendered":"Gabinete Kit Sfx 783 Fuente 500w Teclado Mouse Parlantes"},"content":{"rendered":"<p>Marca<\/p>\n<p>SFX<br \/>Bah\u00edas<\/p>\n<p>3<br \/>Altura<\/p>\n<p>39 cm<br \/>Incluye fuente de alimentaci\u00f3n<\/p>\n<p>S\u00ed<br \/>Es gamer<\/p>\n<p>No<br \/>Largo<\/p>\n<p>40 cm<br \/>L\u00ednea<\/p>\n<p>KIT<br \/>Modelo<\/p>\n<p>SFX-GC783<br \/>Puertos<\/p>\n<p>Usb,Jack<br \/>Potencia de la fuente de alimentaci\u00f3n<\/p>\n<p>500 W<br \/>Tipo de estructura<\/p>\n<p>Mid tower<br \/>Ancho<\/p>\n<p>22 cm<\/p>\n","protected":false},"excerpt":{"rendered":"<p>Marca SFXBah\u00edas 3Altura 39 cmIncluye fuente de alimentaci\u00f3n S\u00edEs gamer NoLargo 40 cmL\u00ednea KITModelo SFX-GC783Puertos Usb,JackPotencia de la fuente de alimentaci\u00f3n 500 WTipo de estructura Mid towerAncho 22 cm<\/p>\n","protected":false},"featured_media":11340,"comment_status":"open","ping_status":"closed","template":"","meta":{"_uag_custom_page_level_css":""},"product_brand":[],"product_cat":[109],"product_tag":[],"class_list":{"0":"post-11339","1":"product","2":"type-product","3":"status-publish","4":"has-post-thumbnail","6":"product_cat-gabinetes","8":"first","9":"instock","10":"sale","11":"taxable","12":"shipping-taxable","13":"purchasable","14":"product-type-simple"},"uagb_featured_image_src":{"full":["https:\/\/rms-enlinea.com.ar\/wp-content\/uploads\/2025\/06\/D_668894-MLA75022910021_032024-F.jpg",960,1200,false],"thumbnail":["https:\/\/rms-enlinea.com.ar\/wp-content\/uploads\/2025\/06\/D_668894-MLA75022910021_032024-F-150x150.jpg",150,150,true],"medium":["https:\/\/rms-enlinea.com.ar\/wp-content\/uploads\/2025\/06\/D_668894-MLA75022910021_032024-F-240x300.jpg",240,300,true],"medium_large":["https:\/\/rms-enlinea.com.ar\/wp-content\/uploads\/2025\/06\/D_668894-MLA75022910021_032024-F-768x960.jpg",768,960,true],"large":["https:\/\/rms-enlinea.com.ar\/wp-content\/uploads\/2025\/06\/D_668894-MLA75022910021_032024-F-819x1024.jpg",819,1024,true],"1536x1536":["https:\/\/rms-enlinea.com.ar\/wp-content\/uploads\/2025\/06\/D_668894-MLA75022910021_032024-F.jpg",960,1200,false],"2048x2048":["https:\/\/rms-enlinea.com.ar\/wp-content\/uploads\/2025\/06\/D_668894-MLA75022910021_032024-F.jpg",960,1200,false],"woocommerce_thumbnail":["https:\/\/rms-enlinea.com.ar\/wp-content\/uploads\/2025\/06\/D_668894-MLA75022910021_032024-F-450x450.jpg",450,450,true],"woocommerce_single":["https:\/\/rms-enlinea.com.ar\/wp-content\/uploads\/2025\/06\/D_668894-MLA75022910021_032024-F-600x750.jpg",600,750,true],"woocommerce_gallery_thumbnail":["https:\/\/rms-enlinea.com.ar\/wp-content\/uploads\/2025\/06\/D_668894-MLA75022910021_032024-F-100x100.jpg",100,100,true]},"uagb_author_info":{"display_name":"l0071054","author_link":"https:\/\/rms-enlinea.com.ar\/tienda\/author\/"},"uagb_comment_info":0,"uagb_excerpt":"Marca SFXBah\u00edas 3Altura 39 cmIncluye fuente de alimentaci\u00f3n S\u00edEs gamer NoLargo 40 cmL\u00ednea KITModelo SFX-GC783Puertos Usb,JackPotencia de la fuente de alimentaci\u00f3n 500 WTipo de estructura Mid towerAncho 22 cm","_links":{"self":[{"href":"https:\/\/rms-enlinea.com.ar\/tienda\/wp-json\/wp\/v2\/product\/11339","targetHints":{"allow":["GET"]}}],"collection":[{"href":"https:\/\/rms-enlinea.com.ar\/tienda\/wp-json\/wp\/v2\/product"}],"about":[{"href":"https:\/\/rms-enlinea.com.ar\/tienda\/wp-json\/wp\/v2\/types\/product"}],"replies":[{"embeddable":true,"href":"https:\/\/rms-enlinea.com.ar\/tienda\/wp-json\/wp\/v2\/comments?post=11339"}],"wp:featuredmedia":[{"embeddable":true,"href":"https:\/\/rms-enlinea.com.ar\/tienda\/wp-json\/wp\/v2\/media\/11340"}],"wp:attachment":[{"href":"https:\/\/rms-enlinea.com.ar\/tienda\/wp-json\/wp\/v2\/media?parent=11339"}],"wp:term":[{"taxonomy":"product_brand","embeddable":true,"href":"https:\/\/rms-enlinea.com.ar\/tienda\/wp-json\/wp\/v2\/product_brand?post=11339"},{"taxonomy":"product_cat","embeddable":true,"href":"https:\/\/rms-enlinea.com.ar\/tienda\/wp-json\/wp\/v2\/product_cat?post=11339"},{"taxonomy":"product_tag","embeddable":true,"href":"https:\/\/rms-enlinea.com.ar\/tienda\/wp-json\/wp\/v2\/product_tag?post=11339"}],"curies":[{"name":"wp","href":"https:\/\/api.w.org\/{rel}","templated":true}]}}