{"id":1140,"date":"2025-06-12T02:00:38","date_gmt":"2025-06-12T05:00:38","guid":{"rendered":"https:\/\/rms-enlinea.com.ar\/tienda\/producto\/bafle-activo-12-pulgadas-vmr-tour12-dsp-400w-rms-con-dsp\/"},"modified":"2026-04-02T17:12:45","modified_gmt":"2026-04-02T20:12:45","slug":"bafle-activo-12-pulgadas-vmr-tour12-dsp-400w-rms-con-dsp","status":"publish","type":"product","link":"https:\/\/rms-enlinea.com.ar\/tienda\/producto\/bafle-activo-12-pulgadas-vmr-tour12-dsp-400w-rms-con-dsp\/","title":{"rendered":"Bafle Activo 12 Pulgadas Vmr Tour12-dsp 400w Rms Con Dsp"},"content":{"rendered":"<p>Descripci\u00f3n<br \/>VMR Audio TOUR12-DSP |  Versatilidad, potencia y control total<\/p>\n<p>La caja activa TOUR12-DSP de VMR Audio est\u00e1 construida en madera, pensada para brindar un sonido potente, definido y adaptable a cualquier situaci\u00f3n. Ya sea como refuerzo PA, monitor de piso o combinada con un subwoofer, entrega un rendimiento profesional en un formato compacto y robusto.<\/p>\n<p>Equipada con un parlante de 12\u201d, ofrece 400W clase D con DSP, alcanzando una impresionante presi\u00f3n sonora de 127 dB y un rango de frecuencias de 45Hz a 20kHz.<\/p>\n<p>El DSP incorporado cuenta con presets optimizados para diferentes usos: M\u00daSICA, LIVE, SPEECH y MONITOR, permitiendo ajustar el sonido al instante seg\u00fan la necesidad. Adem\u00e1s, incluye:<\/p>\n<p>&#8211; 2 entradas combo (XLR\/TRS)<br \/>&#8211; Conectividad Bluetooth<br \/>&#8211; Salida link para conectar otra caja<br \/>&#8211; Filtro de corte para subwoofer, ideal para combinar con el VMR TOUR18-S y formar un sistema completo y balanceado.<\/p>\n<p>Compacta, vers\u00e1til y con un dise\u00f1o s\u00f3lido, la TOUR12-DSP es una excelente opci\u00f3n para m\u00fasicos, DJs, t\u00e9cnicos de sonido y eventos en vivo.<\/p>\n","protected":false},"excerpt":{"rendered":"<p>Descripci\u00f3nVMR Audio TOUR12-DSP | Versatilidad, potencia y control total La caja activa TOUR12-DSP de VMR Audio est\u00e1 construida en madera, pensada para brindar un sonido potente, definido y adaptable a cualquier situaci\u00f3n. Ya sea como refuerzo PA, monitor de piso o combinada con un subwoofer, entrega un rendimiento profesional en un formato compacto y robusto. [&hellip;]<\/p>\n","protected":false},"featured_media":1136,"comment_status":"open","ping_status":"closed","template":"","meta":{"_uag_custom_page_level_css":""},"product_brand":[],"product_cat":[36],"product_tag":[],"class_list":{"0":"post-1140","1":"product","2":"type-product","3":"status-publish","4":"has-post-thumbnail","6":"product_cat-bafles","8":"first","9":"outofstock","10":"sale","11":"taxable","12":"shipping-taxable","13":"purchasable","14":"product-type-simple"},"uagb_featured_image_src":{"full":["https:\/\/rms-enlinea.com.ar\/wp-content\/uploads\/2025\/06\/D_795790-MLA85838845773_062025-F.jpg",670,1006,false],"thumbnail":["https:\/\/rms-enlinea.com.ar\/wp-content\/uploads\/2025\/06\/D_795790-MLA85838845773_062025-F-150x150.jpg",150,150,true],"medium":["https:\/\/rms-enlinea.com.ar\/wp-content\/uploads\/2025\/06\/D_795790-MLA85838845773_062025-F-200x300.jpg",200,300,true],"medium_large":["https:\/\/rms-enlinea.com.ar\/wp-content\/uploads\/2025\/06\/D_795790-MLA85838845773_062025-F.jpg",670,1006,false],"large":["https:\/\/rms-enlinea.com.ar\/wp-content\/uploads\/2025\/06\/D_795790-MLA85838845773_062025-F.jpg",670,1006,false],"1536x1536":["https:\/\/rms-enlinea.com.ar\/wp-content\/uploads\/2025\/06\/D_795790-MLA85838845773_062025-F.jpg",670,1006,false],"2048x2048":["https:\/\/rms-enlinea.com.ar\/wp-content\/uploads\/2025\/06\/D_795790-MLA85838845773_062025-F.jpg",670,1006,false],"woocommerce_thumbnail":["https:\/\/rms-enlinea.com.ar\/wp-content\/uploads\/2025\/06\/D_795790-MLA85838845773_062025-F-450x450.jpg",450,450,true],"woocommerce_single":["https:\/\/rms-enlinea.com.ar\/wp-content\/uploads\/2025\/06\/D_795790-MLA85838845773_062025-F-600x901.jpg",600,901,true],"woocommerce_gallery_thumbnail":["https:\/\/rms-enlinea.com.ar\/wp-content\/uploads\/2025\/06\/D_795790-MLA85838845773_062025-F-100x100.jpg",100,100,true]},"uagb_author_info":{"display_name":"l0071054","author_link":"https:\/\/rms-enlinea.com.ar\/tienda\/author\/"},"uagb_comment_info":0,"uagb_excerpt":"Descripci\u00f3nVMR Audio TOUR12-DSP | Versatilidad, potencia y control total La caja activa TOUR12-DSP de VMR Audio est\u00e1 construida en madera, pensada para brindar un sonido potente, definido y adaptable a cualquier situaci\u00f3n. Ya sea como refuerzo PA, monitor de piso o combinada con un subwoofer, entrega un rendimiento profesional en un formato compacto y robusto.&hellip;","_links":{"self":[{"href":"https:\/\/rms-enlinea.com.ar\/tienda\/wp-json\/wp\/v2\/product\/1140","targetHints":{"allow":["GET"]}}],"collection":[{"href":"https:\/\/rms-enlinea.com.ar\/tienda\/wp-json\/wp\/v2\/product"}],"about":[{"href":"https:\/\/rms-enlinea.com.ar\/tienda\/wp-json\/wp\/v2\/types\/product"}],"replies":[{"embeddable":true,"href":"https:\/\/rms-enlinea.com.ar\/tienda\/wp-json\/wp\/v2\/comments?post=1140"}],"wp:featuredmedia":[{"embeddable":true,"href":"https:\/\/rms-enlinea.com.ar\/tienda\/wp-json\/wp\/v2\/media\/1136"}],"wp:attachment":[{"href":"https:\/\/rms-enlinea.com.ar\/tienda\/wp-json\/wp\/v2\/media?parent=1140"}],"wp:term":[{"taxonomy":"product_brand","embeddable":true,"href":"https:\/\/rms-enlinea.com.ar\/tienda\/wp-json\/wp\/v2\/product_brand?post=1140"},{"taxonomy":"product_cat","embeddable":true,"href":"https:\/\/rms-enlinea.com.ar\/tienda\/wp-json\/wp\/v2\/product_cat?post=1140"},{"taxonomy":"product_tag","embeddable":true,"href":"https:\/\/rms-enlinea.com.ar\/tienda\/wp-json\/wp\/v2\/product_tag?post=1140"}],"curies":[{"name":"wp","href":"https:\/\/api.w.org\/{rel}","templated":true}]}}