{"id":11469,"date":"2025-06-12T05:42:19","date_gmt":"2025-06-12T08:42:19","guid":{"rendered":"https:\/\/rms-enlinea.com.ar\/tienda\/producto\/mother-asrock-x870e-nova-wifi-am5-amd-ddr5-7000-8000-9000\/"},"modified":"2026-04-21T06:11:20","modified_gmt":"2026-04-21T09:11:20","slug":"mother-asrock-x870e-nova-wifi-am5-amd-ddr5-7000-8000-9000","status":"publish","type":"product","link":"https:\/\/rms-enlinea.com.ar\/tienda\/producto\/mother-asrock-x870e-nova-wifi-am5-amd-ddr5-7000-8000-9000\/","title":{"rendered":"Mother Asrock X870e Nova Wifi Am5 Amd Ddr5 7000\/8000\/9000"},"content":{"rendered":"<p>Productividad sin igual<br \/>&#8211; PCIe Gen5 (Graphics, M.2)<br \/>&#8211; Dual Channel DDR5<br \/>&#8211; USB4 Type-C Ports (40 Gb\/s)<br \/>Duro y s\u00f3lido como la roca<br \/>&#8211; PCB de grado de servidor de baja p\u00e9rdida<br \/>&#8211; 20+2+1 Power Phase, 110A SPS for VCore+SOC con Cubierta del disipador m\u00e1s grande<br \/>&#8211; Panel I\/O flexible integrado<br \/>&#8211; Tapas negras de larga duraci\u00f3n de 20K (Condensadores de pol\u00edmero conductores y de alta calidad.)<br \/>Experiencia de juego ultra r\u00e1pida<br \/>&#8211; 5G LAN, 802.11be Wi-Fi 7 Module<br \/>&#8211; ASRock Puertos para juegos Lightning<br \/>Actualizador EZ<br \/>&#8211; Interruptor Flashback del BIOS<br \/>&#8211; Instalador de drivers ASRock Instalador de drivers autom\u00e1tico<br \/>CPU<br \/>&#8211; Soporta AMD Socket AM5 Ryzen\u2122 9000, 8000 y 7000 Series Processors*<\/p>\n<p>*La disponibilidad de las ranuras de expansi\u00f3n puede variar seg\u00fan la CPU. Please refer to PCIe\/M.2 Bandwidth Table for details.<br \/>Chipset<br \/>&#8211; AMD X870E<br \/>Memoria<br \/>&#8211; Dual Channel DDR5 Memory Technology<br \/>&#8211; 4 x DDR5 ranuras DIMM<br \/>&#8211; Soporta memoria DDR5 ECC\/non-ECC, un-buffered up to 8200+(OC)*<br \/>&#8211; M\u00e1xima capacidad de memoria del sistema: 256GB<br \/>&#8211; Soporta Extreme Memory Profile (XMP) y Perfiles extendidos para Overclocking(EXPO) m\u00f3dulos de memoria<br \/>BIOS<br \/>&#8211; 256Mb AMI UEFI Legal BIOS con soporte GUI<br \/>Gr\u00e1ficos<br \/>Integrated AMD RDNA\u2122 graphics (El soporte actual puede variar seg\u00fan la CPU)<br \/>&#8211; 1 x HDMI 2.1 TMDS\/FRL Compatible con 8G, Soporta HDR, HDCP 2.3 y max. Resoluci\u00f3n up to 4K 120Hz<br \/>&#8211; 2 x USB4, Soporta HDCP 2.3 y max. Resoluci\u00f3n up to 8K 30Hz*<\/p>\n<p>* Only the CPU&#8217;s embedded graphics can be displayed through USB4 ports. Si desea visualizar en un monitor Tipo C, utilice procesadores AM5 Ryzen\u2122 9000, 8000 y 7000 con gr\u00e1ficos integrados.<br \/>Audio<br \/>&#8211; Audio 7.1 CH HD con protecci\u00f3n de contenido (Realtek ALC4082 Audio Codec)<br \/>&#8211; Capas de PCB individuales para el canal de audio I\/D<br \/>&#8211; Nahimic Audio<br \/>LAN<br \/>&#8211; 5 Gigabit LAN 10\/100\/1000\/2500\/5000 Mb\/s<br \/>&#8211; Realtek RTL8126<\/p>\n","protected":false},"excerpt":{"rendered":"<p>Productividad sin igual&#8211; PCIe Gen5 (Graphics, M.2)&#8211; Dual Channel DDR5&#8211; USB4 Type-C Ports (40 Gb\/s)Duro y s\u00f3lido como la roca&#8211; PCB de grado de servidor de baja p\u00e9rdida&#8211; 20+2+1 Power Phase, 110A SPS for VCore+SOC con Cubierta del disipador m\u00e1s grande&#8211; Panel I\/O flexible integrado&#8211; Tapas negras de larga duraci\u00f3n de 20K (Condensadores de pol\u00edmero [&hellip;]<\/p>\n","protected":false},"featured_media":11470,"comment_status":"open","ping_status":"closed","template":"","meta":{"_uag_custom_page_level_css":""},"product_brand":[588],"product_cat":[115],"product_tag":[],"class_list":{"0":"post-11469","1":"product","2":"type-product","3":"status-publish","4":"has-post-thumbnail","6":"product_brand-asrock","7":"product_cat-mother","9":"first","10":"outofstock","11":"sale","12":"taxable","13":"shipping-taxable","14":"purchasable","15":"product-type-simple"},"uagb_featured_image_src":{"full":["https:\/\/rms-enlinea.com.ar\/wp-content\/uploads\/2025\/06\/D_877028-MLA82026666199_012025-F.jpg",894,1085,false],"thumbnail":["https:\/\/rms-enlinea.com.ar\/wp-content\/uploads\/2025\/06\/D_877028-MLA82026666199_012025-F-150x150.jpg",150,150,true],"medium":["https:\/\/rms-enlinea.com.ar\/wp-content\/uploads\/2025\/06\/D_877028-MLA82026666199_012025-F-247x300.jpg",247,300,true],"medium_large":["https:\/\/rms-enlinea.com.ar\/wp-content\/uploads\/2025\/06\/D_877028-MLA82026666199_012025-F-768x932.jpg",768,932,true],"large":["https:\/\/rms-enlinea.com.ar\/wp-content\/uploads\/2025\/06\/D_877028-MLA82026666199_012025-F-844x1024.jpg",844,1024,true],"1536x1536":["https:\/\/rms-enlinea.com.ar\/wp-content\/uploads\/2025\/06\/D_877028-MLA82026666199_012025-F.jpg",894,1085,false],"2048x2048":["https:\/\/rms-enlinea.com.ar\/wp-content\/uploads\/2025\/06\/D_877028-MLA82026666199_012025-F.jpg",894,1085,false],"woocommerce_thumbnail":["https:\/\/rms-enlinea.com.ar\/wp-content\/uploads\/2025\/06\/D_877028-MLA82026666199_012025-F-450x450.jpg",450,450,true],"woocommerce_single":["https:\/\/rms-enlinea.com.ar\/wp-content\/uploads\/2025\/06\/D_877028-MLA82026666199_012025-F-600x728.jpg",600,728,true],"woocommerce_gallery_thumbnail":["https:\/\/rms-enlinea.com.ar\/wp-content\/uploads\/2025\/06\/D_877028-MLA82026666199_012025-F-100x100.jpg",100,100,true]},"uagb_author_info":{"display_name":"l0071054","author_link":"https:\/\/rms-enlinea.com.ar\/tienda\/author\/"},"uagb_comment_info":0,"uagb_excerpt":"Productividad sin igual&#8211; PCIe Gen5 (Graphics, M.2)&#8211; Dual Channel DDR5&#8211; USB4 Type-C Ports (40 Gb\/s)Duro y s\u00f3lido como la roca&#8211; PCB de grado de servidor de baja p\u00e9rdida&#8211; 20+2+1 Power Phase, 110A SPS for VCore+SOC con Cubierta del disipador m\u00e1s grande&#8211; Panel I\/O flexible integrado&#8211; Tapas negras de larga duraci\u00f3n de 20K (Condensadores de pol\u00edmero&hellip;","_links":{"self":[{"href":"https:\/\/rms-enlinea.com.ar\/tienda\/wp-json\/wp\/v2\/product\/11469","targetHints":{"allow":["GET"]}}],"collection":[{"href":"https:\/\/rms-enlinea.com.ar\/tienda\/wp-json\/wp\/v2\/product"}],"about":[{"href":"https:\/\/rms-enlinea.com.ar\/tienda\/wp-json\/wp\/v2\/types\/product"}],"replies":[{"embeddable":true,"href":"https:\/\/rms-enlinea.com.ar\/tienda\/wp-json\/wp\/v2\/comments?post=11469"}],"wp:featuredmedia":[{"embeddable":true,"href":"https:\/\/rms-enlinea.com.ar\/tienda\/wp-json\/wp\/v2\/media\/11470"}],"wp:attachment":[{"href":"https:\/\/rms-enlinea.com.ar\/tienda\/wp-json\/wp\/v2\/media?parent=11469"}],"wp:term":[{"taxonomy":"product_brand","embeddable":true,"href":"https:\/\/rms-enlinea.com.ar\/tienda\/wp-json\/wp\/v2\/product_brand?post=11469"},{"taxonomy":"product_cat","embeddable":true,"href":"https:\/\/rms-enlinea.com.ar\/tienda\/wp-json\/wp\/v2\/product_cat?post=11469"},{"taxonomy":"product_tag","embeddable":true,"href":"https:\/\/rms-enlinea.com.ar\/tienda\/wp-json\/wp\/v2\/product_tag?post=11469"}],"curies":[{"name":"wp","href":"https:\/\/api.w.org\/{rel}","templated":true}]}}