{"id":11543,"date":"2025-06-12T05:43:48","date_gmt":"2025-06-12T08:43:48","guid":{"rendered":"https:\/\/rms-enlinea.com.ar\/tienda\/producto\/auriculares-genius-hs-05a-headset-control-volumen-microfono\/"},"modified":"2026-04-21T05:43:23","modified_gmt":"2026-04-21T08:43:23","slug":"auriculares-genius-hs-05a-headset-control-volumen-microfono","status":"publish","type":"product","link":"https:\/\/rms-enlinea.com.ar\/tienda\/producto\/auriculares-genius-hs-05a-headset-control-volumen-microfono\/","title":{"rendered":"Auriculares Genius Hs 05a Headset Control Volumen Microfono"},"content":{"rendered":"<p>Bluetooth<\/p>\n<p>No<br \/>\nMarca<\/p>\n<p>Genius<br \/>\nEAN<\/p>\n<p>4710268812227<br \/>\nC\u00f3digo universal de producto<\/p>\n<p>4710268812227<br \/>\nFormato<\/p>\n<p>Headset<br \/>\nIncluye micr\u00f3fono<\/p>\n<p>S\u00ed<br \/>\nModelo<\/p>\n<p>HS-05A<br \/>\nCon Bluetooth<\/p>\n<p>No<br \/>\nCon recepci\u00f3n inal\u00e1mbrica<\/p>\n<p>No<br \/>\nMarca<\/p>\n<p>Genius<br \/>\nFormato<\/p>\n<p>Headset<br \/>\nIncluye micr\u00f3fono<\/p>\n<p>S\u00ed<br \/>\nModelo<\/p>\n<p>HS-05A<br \/>\nCon Bluetooth<\/p>\n<p>No<br \/>\nCon recepci\u00f3n inal\u00e1mbrica<\/p>\n<p>No<\/p>\n","protected":false},"excerpt":{"rendered":"<p>Bluetooth No Marca Genius EAN 4710268812227 C\u00f3digo universal de producto 4710268812227 Formato Headset Incluye micr\u00f3fono S\u00ed Modelo HS-05A Con Bluetooth No Con recepci\u00f3n inal\u00e1mbrica No Marca Genius Formato Headset Incluye micr\u00f3fono S\u00ed Modelo HS-05A Con Bluetooth No Con recepci\u00f3n inal\u00e1mbrica No<\/p>\n","protected":false},"featured_media":11538,"comment_status":"open","ping_status":"closed","template":"","meta":{"_uag_custom_page_level_css":""},"product_brand":[550],"product_cat":[99],"product_tag":[],"class_list":{"0":"post-11543","1":"product","2":"type-product","3":"status-publish","4":"has-post-thumbnail","6":"product_brand-genius","7":"product_cat-auriculares-computacion","9":"first","10":"outofstock","11":"sale","12":"taxable","13":"shipping-taxable","14":"purchasable","15":"product-type-simple"},"uagb_featured_image_src":{"full":["https:\/\/rms-enlinea.com.ar\/wp-content\/uploads\/2025\/06\/D_966522-MLU78455654769_082024-F.jpg",890,1200,false],"thumbnail":["https:\/\/rms-enlinea.com.ar\/wp-content\/uploads\/2025\/06\/D_966522-MLU78455654769_082024-F-150x150.jpg",150,150,true],"medium":["https:\/\/rms-enlinea.com.ar\/wp-content\/uploads\/2025\/06\/D_966522-MLU78455654769_082024-F-223x300.jpg",223,300,true],"medium_large":["https:\/\/rms-enlinea.com.ar\/wp-content\/uploads\/2025\/06\/D_966522-MLU78455654769_082024-F-768x1036.jpg",768,1036,true],"large":["https:\/\/rms-enlinea.com.ar\/wp-content\/uploads\/2025\/06\/D_966522-MLU78455654769_082024-F-759x1024.jpg",759,1024,true],"1536x1536":["https:\/\/rms-enlinea.com.ar\/wp-content\/uploads\/2025\/06\/D_966522-MLU78455654769_082024-F.jpg",890,1200,false],"2048x2048":["https:\/\/rms-enlinea.com.ar\/wp-content\/uploads\/2025\/06\/D_966522-MLU78455654769_082024-F.jpg",890,1200,false],"woocommerce_thumbnail":["https:\/\/rms-enlinea.com.ar\/wp-content\/uploads\/2025\/06\/D_966522-MLU78455654769_082024-F-450x450.jpg",450,450,true],"woocommerce_single":["https:\/\/rms-enlinea.com.ar\/wp-content\/uploads\/2025\/06\/D_966522-MLU78455654769_082024-F-600x809.jpg",600,809,true],"woocommerce_gallery_thumbnail":["https:\/\/rms-enlinea.com.ar\/wp-content\/uploads\/2025\/06\/D_966522-MLU78455654769_082024-F-100x100.jpg",100,100,true]},"uagb_author_info":{"display_name":"l0071054","author_link":"https:\/\/rms-enlinea.com.ar\/tienda\/author\/"},"uagb_comment_info":0,"uagb_excerpt":"Bluetooth No Marca Genius EAN 4710268812227 C\u00f3digo universal de producto 4710268812227 Formato Headset Incluye micr\u00f3fono S\u00ed Modelo HS-05A Con Bluetooth No Con recepci\u00f3n inal\u00e1mbrica No Marca Genius Formato Headset Incluye micr\u00f3fono S\u00ed Modelo HS-05A Con Bluetooth No Con recepci\u00f3n inal\u00e1mbrica No","_links":{"self":[{"href":"https:\/\/rms-enlinea.com.ar\/tienda\/wp-json\/wp\/v2\/product\/11543","targetHints":{"allow":["GET"]}}],"collection":[{"href":"https:\/\/rms-enlinea.com.ar\/tienda\/wp-json\/wp\/v2\/product"}],"about":[{"href":"https:\/\/rms-enlinea.com.ar\/tienda\/wp-json\/wp\/v2\/types\/product"}],"replies":[{"embeddable":true,"href":"https:\/\/rms-enlinea.com.ar\/tienda\/wp-json\/wp\/v2\/comments?post=11543"}],"wp:featuredmedia":[{"embeddable":true,"href":"https:\/\/rms-enlinea.com.ar\/tienda\/wp-json\/wp\/v2\/media\/11538"}],"wp:attachment":[{"href":"https:\/\/rms-enlinea.com.ar\/tienda\/wp-json\/wp\/v2\/media?parent=11543"}],"wp:term":[{"taxonomy":"product_brand","embeddable":true,"href":"https:\/\/rms-enlinea.com.ar\/tienda\/wp-json\/wp\/v2\/product_brand?post=11543"},{"taxonomy":"product_cat","embeddable":true,"href":"https:\/\/rms-enlinea.com.ar\/tienda\/wp-json\/wp\/v2\/product_cat?post=11543"},{"taxonomy":"product_tag","embeddable":true,"href":"https:\/\/rms-enlinea.com.ar\/tienda\/wp-json\/wp\/v2\/product_tag?post=11543"}],"curies":[{"name":"wp","href":"https:\/\/api.w.org\/{rel}","templated":true}]}}