{"id":11580,"date":"2025-06-12T05:44:28","date_gmt":"2025-06-12T08:44:28","guid":{"rendered":"https:\/\/rms-enlinea.com.ar\/tienda\/producto\/microfono-logitech-blue-yeti-silver-edition-988-000506-usb\/"},"modified":"2026-02-18T19:56:32","modified_gmt":"2026-02-18T22:56:32","slug":"microfono-logitech-blue-yeti-silver-edition-988-000506-usb","status":"publish","type":"product","link":"https:\/\/rms-enlinea.com.ar\/tienda\/producto\/microfono-logitech-blue-yeti-silver-edition-988-000506-usb\/","title":{"rendered":"Microfono Logitech Blue Yeti Silver Edition 988-000506 Usb"},"content":{"rendered":"<p>Dimensiones<br \/>Micr\u00f3fono y desempe\u00f1o<br \/>Energ\u00eda requerida\/consumo: 5 V 150 mA<br \/>Frecuencia de muestreo: 48 kHz<br \/>Frecuencia de bits: 16 bits<br \/>C\u00e1psulas: Tres c\u00e1psulas de condensador de 14 mm<br \/>Patrones polares: Cardioide, bidireccional, omnidireccional, est\u00e9reo<br \/>Respuesta de frecuencia: 20 Hz &#8211; 20 kHz<br \/>SPL m\u00e1x.: 120 dB (THD: 0,5% 1 kHz)<br \/>Dimensiones (mayores con soporte): 12cm x 12.5cm x 29.5cm<br \/>Peso (micr\u00f3fono): 0,88 kg<br \/>Peso (soporte): 0,5 kg<br \/>Amplificador de aud\u00edfonos<br \/>Impedancia: 16 ohmios<br \/>Potencia de salida en vatios reales (RMS): 130 mW<br \/>THD: 0.009%<br \/>Respuesta de frecuencia: 15 Hz &#8211; 22 kHz<br \/>Relaci\u00f3n se\u00f1al\/ruido: 100 dB<\/p>\n","protected":false},"excerpt":{"rendered":"<p>DimensionesMicr\u00f3fono y desempe\u00f1oEnerg\u00eda requerida\/consumo: 5 V 150 mAFrecuencia de muestreo: 48 kHzFrecuencia de bits: 16 bitsC\u00e1psulas: Tres c\u00e1psulas de condensador de 14 mmPatrones polares: Cardioide, bidireccional, omnidireccional, est\u00e9reoRespuesta de frecuencia: 20 Hz &#8211; 20 kHzSPL m\u00e1x.: 120 dB (THD: 0,5% 1 kHz)Dimensiones (mayores con soporte): 12cm x 12.5cm x 29.5cmPeso (micr\u00f3fono): 0,88 kgPeso (soporte): 0,5 [&hellip;]<\/p>\n","protected":false},"featured_media":11581,"comment_status":"open","ping_status":"closed","template":"","meta":{"_uag_custom_page_level_css":""},"product_brand":[549],"product_cat":[99],"product_tag":[],"class_list":{"0":"post-11580","1":"product","2":"type-product","3":"status-publish","4":"has-post-thumbnail","6":"product_brand-logitech","7":"product_cat-auriculares-computacion","9":"first","10":"outofstock","11":"sale","12":"taxable","13":"shipping-taxable","14":"purchasable","15":"product-type-simple"},"uagb_featured_image_src":{"full":["https:\/\/rms-enlinea.com.ar\/wp-content\/uploads\/2025\/06\/D_815506-MLA81904372387_012025-F.jpg",357,920,false],"thumbnail":["https:\/\/rms-enlinea.com.ar\/wp-content\/uploads\/2025\/06\/D_815506-MLA81904372387_012025-F-150x150.jpg",150,150,true],"medium":["https:\/\/rms-enlinea.com.ar\/wp-content\/uploads\/2025\/06\/D_815506-MLA81904372387_012025-F-116x300.jpg",116,300,true],"medium_large":["https:\/\/rms-enlinea.com.ar\/wp-content\/uploads\/2025\/06\/D_815506-MLA81904372387_012025-F.jpg",357,920,false],"large":["https:\/\/rms-enlinea.com.ar\/wp-content\/uploads\/2025\/06\/D_815506-MLA81904372387_012025-F.jpg",357,920,false],"1536x1536":["https:\/\/rms-enlinea.com.ar\/wp-content\/uploads\/2025\/06\/D_815506-MLA81904372387_012025-F.jpg",357,920,false],"2048x2048":["https:\/\/rms-enlinea.com.ar\/wp-content\/uploads\/2025\/06\/D_815506-MLA81904372387_012025-F.jpg",357,920,false],"woocommerce_thumbnail":["https:\/\/rms-enlinea.com.ar\/wp-content\/uploads\/2025\/06\/D_815506-MLA81904372387_012025-F-357x450.jpg",357,450,true],"woocommerce_single":["https:\/\/rms-enlinea.com.ar\/wp-content\/uploads\/2025\/06\/D_815506-MLA81904372387_012025-F.jpg",357,920,false],"woocommerce_gallery_thumbnail":["https:\/\/rms-enlinea.com.ar\/wp-content\/uploads\/2025\/06\/D_815506-MLA81904372387_012025-F-100x100.jpg",100,100,true]},"uagb_author_info":{"display_name":"l0071054","author_link":"https:\/\/rms-enlinea.com.ar\/tienda\/author\/"},"uagb_comment_info":0,"uagb_excerpt":"DimensionesMicr\u00f3fono y desempe\u00f1oEnerg\u00eda requerida\/consumo: 5 V 150 mAFrecuencia de muestreo: 48 kHzFrecuencia de bits: 16 bitsC\u00e1psulas: Tres c\u00e1psulas de condensador de 14 mmPatrones polares: Cardioide, bidireccional, omnidireccional, est\u00e9reoRespuesta de frecuencia: 20 Hz &#8211; 20 kHzSPL m\u00e1x.: 120 dB (THD: 0,5% 1 kHz)Dimensiones (mayores con soporte): 12cm x 12.5cm x 29.5cmPeso (micr\u00f3fono): 0,88 kgPeso (soporte): 0,5&hellip;","_links":{"self":[{"href":"https:\/\/rms-enlinea.com.ar\/tienda\/wp-json\/wp\/v2\/product\/11580","targetHints":{"allow":["GET"]}}],"collection":[{"href":"https:\/\/rms-enlinea.com.ar\/tienda\/wp-json\/wp\/v2\/product"}],"about":[{"href":"https:\/\/rms-enlinea.com.ar\/tienda\/wp-json\/wp\/v2\/types\/product"}],"replies":[{"embeddable":true,"href":"https:\/\/rms-enlinea.com.ar\/tienda\/wp-json\/wp\/v2\/comments?post=11580"}],"wp:featuredmedia":[{"embeddable":true,"href":"https:\/\/rms-enlinea.com.ar\/tienda\/wp-json\/wp\/v2\/media\/11581"}],"wp:attachment":[{"href":"https:\/\/rms-enlinea.com.ar\/tienda\/wp-json\/wp\/v2\/media?parent=11580"}],"wp:term":[{"taxonomy":"product_brand","embeddable":true,"href":"https:\/\/rms-enlinea.com.ar\/tienda\/wp-json\/wp\/v2\/product_brand?post=11580"},{"taxonomy":"product_cat","embeddable":true,"href":"https:\/\/rms-enlinea.com.ar\/tienda\/wp-json\/wp\/v2\/product_cat?post=11580"},{"taxonomy":"product_tag","embeddable":true,"href":"https:\/\/rms-enlinea.com.ar\/tienda\/wp-json\/wp\/v2\/product_tag?post=11580"}],"curies":[{"name":"wp","href":"https:\/\/api.w.org\/{rel}","templated":true}]}}