{"id":11592,"date":"2025-06-12T05:44:40","date_gmt":"2025-06-12T08:44:40","guid":{"rendered":"https:\/\/rms-enlinea.com.ar\/tienda\/producto\/mouse-inalambrico-genius-nx-7010-green-verde-1200dpi\/"},"modified":"2026-04-21T05:40:10","modified_gmt":"2026-04-21T08:40:10","slug":"mouse-inalambrico-genius-nx-7010-green-verde-1200dpi","status":"publish","type":"product","link":"https:\/\/rms-enlinea.com.ar\/tienda\/producto\/mouse-inalambrico-genius-nx-7010-green-verde-1200dpi\/","title":{"rendered":"Mouse Inalambrico Genius Nx-7010 Green Verde 1200dpi"},"content":{"rendered":"<p>Nombre del modelo      NX-7010<\/p>\n<p>Frecuencia RF   2.4 GHz<\/p>\n<p>Motor de sensores         Ojo azul<\/p>\n<p>Resoluci\u00f3n (DPI)              1200 (SmartGenius APP : 800, 1200, 1600)<\/p>\n<p>N\u00famero de botones      3 (izquierda, derecha y central con desplazamiento)<\/p>\n<p>Tipo de Bater\u00eda AA<\/p>\n<p>Peso (g)               Aprox. 57 g (incluye receptor)<\/p>\n<p>Dimensiones (A x A x P) mm (pulgadas)               58 x 100 x 39 mm (2,28 x 3,94 x 1,54 pulgadas)<\/p>\n<p>Manual de usuario         S\u00ed<\/p>\n<p>Soporte SmartGenius   S\u00ed<\/p>\n<p>Requisitos del sistema  Windows\u00ae 7, 8, 8.1, 10 \/ macOS 10.8 o posterior<\/p>\n<p>Color Verde<\/p>\n<p>Contenido de la caja     <\/p>\n<p>Mini receptor USB x1<\/p>\n<p>Pila alcalina AA para rat\u00f3n x1<\/p>\n<p>Manual del usuario en varios idiomas<\/p>\n","protected":false},"excerpt":{"rendered":"<p>Nombre del modelo NX-7010 Frecuencia RF 2.4 GHz Motor de sensores Ojo azul Resoluci\u00f3n (DPI) 1200 (SmartGenius APP : 800, 1200, 1600) N\u00famero de botones 3 (izquierda, derecha y central con desplazamiento) Tipo de Bater\u00eda AA Peso (g) Aprox. 57 g (incluye receptor) Dimensiones (A x A x P) mm (pulgadas) 58 x 100 x [&hellip;]<\/p>\n","protected":false},"featured_media":11593,"comment_status":"open","ping_status":"closed","template":"","meta":{"_uag_custom_page_level_css":""},"product_brand":[550],"product_cat":[125],"product_tag":[],"class_list":{"0":"post-11592","1":"product","2":"type-product","3":"status-publish","4":"has-post-thumbnail","6":"product_brand-genius","7":"product_cat-teclados-y-mouses","9":"first","10":"outofstock","11":"sale","12":"taxable","13":"shipping-taxable","14":"purchasable","15":"product-type-simple"},"uagb_featured_image_src":{"full":["https:\/\/rms-enlinea.com.ar\/wp-content\/uploads\/2025\/06\/D_945674-MLA81890970855_012025-F.jpg",466,781,false],"thumbnail":["https:\/\/rms-enlinea.com.ar\/wp-content\/uploads\/2025\/06\/D_945674-MLA81890970855_012025-F-150x150.jpg",150,150,true],"medium":["https:\/\/rms-enlinea.com.ar\/wp-content\/uploads\/2025\/06\/D_945674-MLA81890970855_012025-F-179x300.jpg",179,300,true],"medium_large":["https:\/\/rms-enlinea.com.ar\/wp-content\/uploads\/2025\/06\/D_945674-MLA81890970855_012025-F.jpg",466,781,false],"large":["https:\/\/rms-enlinea.com.ar\/wp-content\/uploads\/2025\/06\/D_945674-MLA81890970855_012025-F.jpg",466,781,false],"1536x1536":["https:\/\/rms-enlinea.com.ar\/wp-content\/uploads\/2025\/06\/D_945674-MLA81890970855_012025-F.jpg",466,781,false],"2048x2048":["https:\/\/rms-enlinea.com.ar\/wp-content\/uploads\/2025\/06\/D_945674-MLA81890970855_012025-F.jpg",466,781,false],"woocommerce_thumbnail":["https:\/\/rms-enlinea.com.ar\/wp-content\/uploads\/2025\/06\/D_945674-MLA81890970855_012025-F-450x450.jpg",450,450,true],"woocommerce_single":["https:\/\/rms-enlinea.com.ar\/wp-content\/uploads\/2025\/06\/D_945674-MLA81890970855_012025-F.jpg",466,781,false],"woocommerce_gallery_thumbnail":["https:\/\/rms-enlinea.com.ar\/wp-content\/uploads\/2025\/06\/D_945674-MLA81890970855_012025-F-100x100.jpg",100,100,true]},"uagb_author_info":{"display_name":"l0071054","author_link":"https:\/\/rms-enlinea.com.ar\/tienda\/author\/"},"uagb_comment_info":0,"uagb_excerpt":"Nombre del modelo NX-7010 Frecuencia RF 2.4 GHz Motor de sensores Ojo azul Resoluci\u00f3n (DPI) 1200 (SmartGenius APP : 800, 1200, 1600) N\u00famero de botones 3 (izquierda, derecha y central con desplazamiento) Tipo de Bater\u00eda AA Peso (g) Aprox. 57 g (incluye receptor) Dimensiones (A x A x P) mm (pulgadas) 58 x 100 x&hellip;","_links":{"self":[{"href":"https:\/\/rms-enlinea.com.ar\/tienda\/wp-json\/wp\/v2\/product\/11592","targetHints":{"allow":["GET"]}}],"collection":[{"href":"https:\/\/rms-enlinea.com.ar\/tienda\/wp-json\/wp\/v2\/product"}],"about":[{"href":"https:\/\/rms-enlinea.com.ar\/tienda\/wp-json\/wp\/v2\/types\/product"}],"replies":[{"embeddable":true,"href":"https:\/\/rms-enlinea.com.ar\/tienda\/wp-json\/wp\/v2\/comments?post=11592"}],"wp:featuredmedia":[{"embeddable":true,"href":"https:\/\/rms-enlinea.com.ar\/tienda\/wp-json\/wp\/v2\/media\/11593"}],"wp:attachment":[{"href":"https:\/\/rms-enlinea.com.ar\/tienda\/wp-json\/wp\/v2\/media?parent=11592"}],"wp:term":[{"taxonomy":"product_brand","embeddable":true,"href":"https:\/\/rms-enlinea.com.ar\/tienda\/wp-json\/wp\/v2\/product_brand?post=11592"},{"taxonomy":"product_cat","embeddable":true,"href":"https:\/\/rms-enlinea.com.ar\/tienda\/wp-json\/wp\/v2\/product_cat?post=11592"},{"taxonomy":"product_tag","embeddable":true,"href":"https:\/\/rms-enlinea.com.ar\/tienda\/wp-json\/wp\/v2\/product_tag?post=11592"}],"curies":[{"name":"wp","href":"https:\/\/api.w.org\/{rel}","templated":true}]}}