{"id":11671,"date":"2025-06-12T05:46:12","date_gmt":"2025-06-12T08:46:12","guid":{"rendered":"https:\/\/rms-enlinea.com.ar\/tienda\/producto\/memoria-ddr5-16gb-6400mhz-adata-xpg-lancer-ax5u6400c3216g\/"},"modified":"2026-05-04T10:45:03","modified_gmt":"2026-05-04T13:45:03","slug":"memoria-ddr5-16gb-6400mhz-adata-xpg-lancer-ax5u6400c3216g","status":"publish","type":"product","link":"https:\/\/rms-enlinea.com.ar\/tienda\/producto\/memoria-ddr5-16gb-6400mhz-adata-xpg-lancer-ax5u6400c3216g\/","title":{"rendered":"Memoria Ddr5 16gb 6400mhz Adata Xpg Lancer Ax5u6400c3216g"},"content":{"rendered":"<p>L\u00ednea<\/p>\n<p>LANCER BLADE<br \/>Tecnolog\u00eda de la memoria RAM<\/p>\n<p>GDDR5 SDRAM<br \/>Velocidad de la memoria RAM<\/p>\n<p>6400 MHz<br \/>Marca<\/p>\n<p>ADATA XPG<br \/>Capacidad individual<\/p>\n<p>16 GB<br \/>M\u00f3dulos de memoria RAM<\/p>\n<p>1 x 16 GB<br \/>BIOS\/Performance Profile<\/p>\n<p>Intel XMP 3.0 \/ AMD EXPO<br \/>Color<\/p>\n<p>negro<\/p>\n","protected":false},"excerpt":{"rendered":"<p>L\u00ednea LANCER BLADETecnolog\u00eda de la memoria RAM GDDR5 SDRAMVelocidad de la memoria RAM 6400 MHzMarca ADATA XPGCapacidad individual 16 GBM\u00f3dulos de memoria RAM 1 x 16 GBBIOS\/Performance Profile Intel XMP 3.0 \/ AMD EXPOColor negro<\/p>\n","protected":false},"featured_media":11672,"comment_status":"open","ping_status":"closed","template":"","meta":{"_uag_custom_page_level_css":""},"product_brand":[567],"product_cat":[112],"product_tag":[],"class_list":{"0":"post-11671","1":"product","2":"type-product","3":"status-publish","4":"has-post-thumbnail","6":"product_brand-adata","7":"product_cat-mamorias","9":"first","10":"outofstock","11":"sale","12":"taxable","13":"shipping-taxable","14":"purchasable","15":"product-type-simple"},"uagb_featured_image_src":{"full":["https:\/\/rms-enlinea.com.ar\/wp-content\/uploads\/2025\/06\/D_710890-MLA81219191340_122024-F.jpg",1200,338,false],"thumbnail":["https:\/\/rms-enlinea.com.ar\/wp-content\/uploads\/2025\/06\/D_710890-MLA81219191340_122024-F-150x150.jpg",150,150,true],"medium":["https:\/\/rms-enlinea.com.ar\/wp-content\/uploads\/2025\/06\/D_710890-MLA81219191340_122024-F-300x85.jpg",300,85,true],"medium_large":["https:\/\/rms-enlinea.com.ar\/wp-content\/uploads\/2025\/06\/D_710890-MLA81219191340_122024-F-768x216.jpg",768,216,true],"large":["https:\/\/rms-enlinea.com.ar\/wp-content\/uploads\/2025\/06\/D_710890-MLA81219191340_122024-F-1024x288.jpg",1024,288,true],"1536x1536":["https:\/\/rms-enlinea.com.ar\/wp-content\/uploads\/2025\/06\/D_710890-MLA81219191340_122024-F.jpg",1200,338,false],"2048x2048":["https:\/\/rms-enlinea.com.ar\/wp-content\/uploads\/2025\/06\/D_710890-MLA81219191340_122024-F.jpg",1200,338,false],"woocommerce_thumbnail":["https:\/\/rms-enlinea.com.ar\/wp-content\/uploads\/2025\/06\/D_710890-MLA81219191340_122024-F-450x338.jpg",450,338,true],"woocommerce_single":["https:\/\/rms-enlinea.com.ar\/wp-content\/uploads\/2025\/06\/D_710890-MLA81219191340_122024-F-600x169.jpg",600,169,true],"woocommerce_gallery_thumbnail":["https:\/\/rms-enlinea.com.ar\/wp-content\/uploads\/2025\/06\/D_710890-MLA81219191340_122024-F-100x100.jpg",100,100,true]},"uagb_author_info":{"display_name":"l0071054","author_link":"https:\/\/rms-enlinea.com.ar\/tienda\/author\/"},"uagb_comment_info":0,"uagb_excerpt":"L\u00ednea LANCER BLADETecnolog\u00eda de la memoria RAM GDDR5 SDRAMVelocidad de la memoria RAM 6400 MHzMarca ADATA XPGCapacidad individual 16 GBM\u00f3dulos de memoria RAM 1 x 16 GBBIOS\/Performance Profile Intel XMP 3.0 \/ AMD EXPOColor negro","_links":{"self":[{"href":"https:\/\/rms-enlinea.com.ar\/tienda\/wp-json\/wp\/v2\/product\/11671","targetHints":{"allow":["GET"]}}],"collection":[{"href":"https:\/\/rms-enlinea.com.ar\/tienda\/wp-json\/wp\/v2\/product"}],"about":[{"href":"https:\/\/rms-enlinea.com.ar\/tienda\/wp-json\/wp\/v2\/types\/product"}],"replies":[{"embeddable":true,"href":"https:\/\/rms-enlinea.com.ar\/tienda\/wp-json\/wp\/v2\/comments?post=11671"}],"wp:featuredmedia":[{"embeddable":true,"href":"https:\/\/rms-enlinea.com.ar\/tienda\/wp-json\/wp\/v2\/media\/11672"}],"wp:attachment":[{"href":"https:\/\/rms-enlinea.com.ar\/tienda\/wp-json\/wp\/v2\/media?parent=11671"}],"wp:term":[{"taxonomy":"product_brand","embeddable":true,"href":"https:\/\/rms-enlinea.com.ar\/tienda\/wp-json\/wp\/v2\/product_brand?post=11671"},{"taxonomy":"product_cat","embeddable":true,"href":"https:\/\/rms-enlinea.com.ar\/tienda\/wp-json\/wp\/v2\/product_cat?post=11671"},{"taxonomy":"product_tag","embeddable":true,"href":"https:\/\/rms-enlinea.com.ar\/tienda\/wp-json\/wp\/v2\/product_tag?post=11671"}],"curies":[{"name":"wp","href":"https:\/\/api.w.org\/{rel}","templated":true}]}}