{"id":11682,"date":"2025-06-12T05:46:25","date_gmt":"2025-06-12T08:46:25","guid":{"rendered":"https:\/\/rms-enlinea.com.ar\/tienda\/producto\/kit-de-12-nebula-18-ampro-tecshow-leds-6-en-1-de-12w-rgbwauv\/"},"modified":"2026-02-20T20:46:56","modified_gmt":"2026-02-20T23:46:56","slug":"kit-de-12-nebula-18-ampro-tecshow-leds-6-en-1-de-12w-rgbwauv","status":"publish","type":"product","link":"https:\/\/rms-enlinea.com.ar\/tienda\/producto\/kit-de-12-nebula-18-ampro-tecshow-leds-6-en-1-de-12w-rgbwauv\/","title":{"rendered":"Kit De 12 Nebula 18 Ampro Tecshow Leds 6 En 1 De 12w Rgbwauv"},"content":{"rendered":"<p>\/\/\/ IMPORTANTE<\/p>\n<p>MERCADO ENVIOS NO LLEVA EL PRODUCTO POR SU PESO !!!. OFERTE CON RETIRO EN PERSONA !!! Para poder retirar o gestionar el envio a su cargo. !!!<\/p>\n<p>KIT DE 12 PAR LEDS PARA INTERIOR EN FLIGHTCASE<\/p>\n<p>Ba\u00f1ador profesional &#8211; 18 LEDs 6-en-1 RGBWA+UV de 12W<br \/>\nNebula 18 es un ba\u00f1ador profesional que cuenta con 18 LEDs RGBAW+UV de 12W, con un \u00e1ngulo de haz de 25\u00ba. Su tecnolog\u00eda LED de seis colores permite una mezcla suave sin sombras multicolor, logrando innumerable cantidad de colores profundamente saturados. Nebula 18 tiene dimmer lineal para todos los colores, efecto UV, funci\u00f3n estrobo, 33 macros de color y una funci\u00f3n de balance de blanco que lo convierte en una opci\u00f3n ideal para aplicaciones de tipo audiovisual.<\/p>\n<p>FICHA TECNICA:<br \/>\nFuente &amp; \u00d3ptica:<br \/>\nFuente de luz: 18 LEDs 6-en-1 RGBWA+UV de 12W.<br \/>\nVida \u00fatil promedio: 50.000 horas.<br \/>\n\u00c1ngulo de haz: 25\u00ba.<br \/>\nFrecuencia de refresco: 2000Hz.<\/p>\n<p>Informaci\u00f3n fotom\u00e9trica:<br \/>\nFlujo lum\u00ednico: 3.060 lux @ 3M (10 pies).<\/p>\n<p>Efectos y Funciones:<br \/>\nTecnolog\u00eda LED de seis colores: Mezcla RGBWA+UV suave sin sombras multicolor.<br \/>\nDimmer: Rango completo 0-100% general &amp; para todos los colores.<br \/>\nEfecto estrobo: 0-30 Hz.<br \/>\nProgramas integrados.<br \/>\n33 Macros de color.<br \/>\nBalance de blanco.<br \/>\nMicr\u00f3fono incorporado.<br \/>\nFuncionamiento silencioso.<\/p>\n<p>Control:<br \/>\nCanales DMX: 8\/11.<br \/>\nModos de operaci\u00f3n: DMX, Master\/Slave, autom\u00e1tico, est\u00e1tico &amp; audior\u00edtmico.<\/p>\n<p>F\u00edsico:<br \/>\nDisplay LED.<br \/>\nConectores DMX: 2 conectores XLR (XLR-3 Entrada y Salida).<br \/>\nConectores de alimentaci\u00f3n (Entrada\/Salida).<br \/>\nDimensiones: 310x125x310 mm. \/ 12,2&#215;4,9&#215;12,2 pulg.<br \/>\nPeso: 3 Kg. \/ 6,6 Lbs.<\/p>\n","protected":false},"excerpt":{"rendered":"<p>\/\/\/ IMPORTANTE MERCADO ENVIOS NO LLEVA EL PRODUCTO POR SU PESO !!!. OFERTE CON RETIRO EN PERSONA !!! Para poder retirar o gestionar el envio a su cargo. !!! KIT DE 12 PAR LEDS PARA INTERIOR EN FLIGHTCASE Ba\u00f1ador profesional &#8211; 18 LEDs 6-en-1 RGBWA+UV de 12W Nebula 18 es un ba\u00f1ador profesional que cuenta [&hellip;]<\/p>\n","protected":false},"featured_media":11683,"comment_status":"open","ping_status":"closed","template":"","meta":{"_uag_custom_page_level_css":""},"product_brand":[],"product_cat":[97],"product_tag":[],"class_list":{"0":"post-11682","1":"product","2":"type-product","3":"status-publish","4":"has-post-thumbnail","6":"product_cat-wash-y-par","8":"first","9":"outofstock","10":"sale","11":"taxable","12":"shipping-taxable","13":"purchasable","14":"product-type-simple"},"uagb_featured_image_src":{"full":["https:\/\/rms-enlinea.com.ar\/wp-content\/uploads\/2025\/06\/D_656517-MLA81197306236_122024-F.jpg",954,737,false],"thumbnail":["https:\/\/rms-enlinea.com.ar\/wp-content\/uploads\/2025\/06\/D_656517-MLA81197306236_122024-F-150x150.jpg",150,150,true],"medium":["https:\/\/rms-enlinea.com.ar\/wp-content\/uploads\/2025\/06\/D_656517-MLA81197306236_122024-F-300x232.jpg",300,232,true],"medium_large":["https:\/\/rms-enlinea.com.ar\/wp-content\/uploads\/2025\/06\/D_656517-MLA81197306236_122024-F-768x593.jpg",768,593,true],"large":["https:\/\/rms-enlinea.com.ar\/wp-content\/uploads\/2025\/06\/D_656517-MLA81197306236_122024-F.jpg",954,737,false],"1536x1536":["https:\/\/rms-enlinea.com.ar\/wp-content\/uploads\/2025\/06\/D_656517-MLA81197306236_122024-F.jpg",954,737,false],"2048x2048":["https:\/\/rms-enlinea.com.ar\/wp-content\/uploads\/2025\/06\/D_656517-MLA81197306236_122024-F.jpg",954,737,false],"woocommerce_thumbnail":["https:\/\/rms-enlinea.com.ar\/wp-content\/uploads\/2025\/06\/D_656517-MLA81197306236_122024-F-450x450.jpg",450,450,true],"woocommerce_single":["https:\/\/rms-enlinea.com.ar\/wp-content\/uploads\/2025\/06\/D_656517-MLA81197306236_122024-F-600x464.jpg",600,464,true],"woocommerce_gallery_thumbnail":["https:\/\/rms-enlinea.com.ar\/wp-content\/uploads\/2025\/06\/D_656517-MLA81197306236_122024-F-100x100.jpg",100,100,true]},"uagb_author_info":{"display_name":"l0071054","author_link":"https:\/\/rms-enlinea.com.ar\/tienda\/author\/"},"uagb_comment_info":0,"uagb_excerpt":"\/\/\/ IMPORTANTE MERCADO ENVIOS NO LLEVA EL PRODUCTO POR SU PESO !!!. OFERTE CON RETIRO EN PERSONA !!! Para poder retirar o gestionar el envio a su cargo. !!! KIT DE 12 PAR LEDS PARA INTERIOR EN FLIGHTCASE Ba\u00f1ador profesional &#8211; 18 LEDs 6-en-1 RGBWA+UV de 12W Nebula 18 es un ba\u00f1ador profesional que cuenta&hellip;","_links":{"self":[{"href":"https:\/\/rms-enlinea.com.ar\/tienda\/wp-json\/wp\/v2\/product\/11682","targetHints":{"allow":["GET"]}}],"collection":[{"href":"https:\/\/rms-enlinea.com.ar\/tienda\/wp-json\/wp\/v2\/product"}],"about":[{"href":"https:\/\/rms-enlinea.com.ar\/tienda\/wp-json\/wp\/v2\/types\/product"}],"replies":[{"embeddable":true,"href":"https:\/\/rms-enlinea.com.ar\/tienda\/wp-json\/wp\/v2\/comments?post=11682"}],"wp:featuredmedia":[{"embeddable":true,"href":"https:\/\/rms-enlinea.com.ar\/tienda\/wp-json\/wp\/v2\/media\/11683"}],"wp:attachment":[{"href":"https:\/\/rms-enlinea.com.ar\/tienda\/wp-json\/wp\/v2\/media?parent=11682"}],"wp:term":[{"taxonomy":"product_brand","embeddable":true,"href":"https:\/\/rms-enlinea.com.ar\/tienda\/wp-json\/wp\/v2\/product_brand?post=11682"},{"taxonomy":"product_cat","embeddable":true,"href":"https:\/\/rms-enlinea.com.ar\/tienda\/wp-json\/wp\/v2\/product_cat?post=11682"},{"taxonomy":"product_tag","embeddable":true,"href":"https:\/\/rms-enlinea.com.ar\/tienda\/wp-json\/wp\/v2\/product_tag?post=11682"}],"curies":[{"name":"wp","href":"https:\/\/api.w.org\/{rel}","templated":true}]}}