{"id":11770,"date":"2025-06-12T05:48:10","date_gmt":"2025-06-12T08:48:10","guid":{"rendered":"https:\/\/rms-enlinea.com.ar\/tienda\/producto\/microfono-razer-seiren-v3-mini-ultra-compact-usb-black\/"},"modified":"2026-04-21T04:18:30","modified_gmt":"2026-04-21T07:18:30","slug":"microfono-razer-seiren-v3-mini-ultra-compact-usb-black","status":"publish","type":"product","link":"https:\/\/rms-enlinea.com.ar\/tienda\/producto\/microfono-razer-seiren-v3-mini-ultra-compact-usb-black\/","title":{"rendered":"Microfono Razer Seiren V3 Mini Ultra Compact Usb Black"},"content":{"rendered":"<p>DESCRIPCION<br \/>Presentamos el Razer Seiren V3 Mini, un micr\u00f3fono USB ultracompacto que ahora ofrece a\u00fan m\u00e1s. Con una nueva funci\u00f3n de pulsaci\u00f3n para silenciar y personalizaci\u00f3n de audio avanzada, disfruta de una captura de voz con calidad de estudio con este compa\u00f1ero de tama\u00f1o reducido perfecto para jugar, hacer streaming y chatear.<\/p>\n<p>MICR\u00d3FONO CONDENSADOR<br \/>Equipado con una c\u00e1psula de condensador a medida, la impresionante sensibilidad del micr\u00f3fono puede captar m\u00e1s detalles, sobre todo en las frecuencias m\u00e1s altas, garantizando la transmisi\u00f3n de tu voz con una claridad y una calidad estelares.<\/p>\n<p>PATR\u00d3N DE CAPTACI\u00d3N SUPERCARDIOIDE<br \/>Un patr\u00f3n de captaci\u00f3n m\u00e1s ajustado permite que el micr\u00f3fono se centre en tu voz a la vez que suprime el ruido de la sala, por lo que nunca tendr\u00e1s que preocuparte de que se interpongan sonidos como los del teclado o los clics del rat\u00f3n.<\/p>\n<p>SENSOR DE PULSACI\u00d3N PARA SILENCIAR CON INDICADOR LED<br \/>Tanto si est\u00e1s jugando, chateando o haciendo streaming, evita al instante contratiempos de audio con solo tocar la parte superior del micr\u00f3fono. Adem\u00e1s, sabr\u00e1s de un vistazo si el micr\u00f3fono est\u00e1 activo o no gracias al indicador LED de estado.<\/p>\n<p>AMORTIGUADOR DE IMPACTOS INTEGRADO<br \/>Encuentra tu punto \u00f3ptimo con un soporte de micr\u00f3fono inclinable que tambi\u00e9n incorpora un amortiguador de impactos para amortiguar el ruido causado por golpes y ca\u00eddas accidentales. Se puede desmontar para instalar un brazo articulado.<\/p>\n","protected":false},"excerpt":{"rendered":"<p>DESCRIPCIONPresentamos el Razer Seiren V3 Mini, un micr\u00f3fono USB ultracompacto que ahora ofrece a\u00fan m\u00e1s. Con una nueva funci\u00f3n de pulsaci\u00f3n para silenciar y personalizaci\u00f3n de audio avanzada, disfruta de una captura de voz con calidad de estudio con este compa\u00f1ero de tama\u00f1o reducido perfecto para jugar, hacer streaming y chatear. MICR\u00d3FONO CONDENSADOREquipado con una [&hellip;]<\/p>\n","protected":false},"featured_media":11763,"comment_status":"open","ping_status":"closed","template":"","meta":{"_uag_custom_page_level_css":""},"product_brand":[559],"product_cat":[99],"product_tag":[],"class_list":{"0":"post-11770","1":"product","2":"type-product","3":"status-publish","4":"has-post-thumbnail","6":"product_brand-razer","7":"product_cat-auriculares-computacion","9":"first","10":"outofstock","11":"sale","12":"taxable","13":"shipping-taxable","14":"purchasable","15":"product-type-simple"},"uagb_featured_image_src":{"full":["https:\/\/rms-enlinea.com.ar\/wp-content\/uploads\/2025\/06\/D_989985-MLU75241065701_032024-F.jpg",707,1199,false],"thumbnail":["https:\/\/rms-enlinea.com.ar\/wp-content\/uploads\/2025\/06\/D_989985-MLU75241065701_032024-F-150x150.jpg",150,150,true],"medium":["https:\/\/rms-enlinea.com.ar\/wp-content\/uploads\/2025\/06\/D_989985-MLU75241065701_032024-F-177x300.jpg",177,300,true],"medium_large":["https:\/\/rms-enlinea.com.ar\/wp-content\/uploads\/2025\/06\/D_989985-MLU75241065701_032024-F.jpg",707,1199,false],"large":["https:\/\/rms-enlinea.com.ar\/wp-content\/uploads\/2025\/06\/D_989985-MLU75241065701_032024-F-604x1024.jpg",604,1024,true],"1536x1536":["https:\/\/rms-enlinea.com.ar\/wp-content\/uploads\/2025\/06\/D_989985-MLU75241065701_032024-F.jpg",707,1199,false],"2048x2048":["https:\/\/rms-enlinea.com.ar\/wp-content\/uploads\/2025\/06\/D_989985-MLU75241065701_032024-F.jpg",707,1199,false],"woocommerce_thumbnail":["https:\/\/rms-enlinea.com.ar\/wp-content\/uploads\/2025\/06\/D_989985-MLU75241065701_032024-F-450x450.jpg",450,450,true],"woocommerce_single":["https:\/\/rms-enlinea.com.ar\/wp-content\/uploads\/2025\/06\/D_989985-MLU75241065701_032024-F-600x1018.jpg",600,1018,true],"woocommerce_gallery_thumbnail":["https:\/\/rms-enlinea.com.ar\/wp-content\/uploads\/2025\/06\/D_989985-MLU75241065701_032024-F-100x100.jpg",100,100,true]},"uagb_author_info":{"display_name":"l0071054","author_link":"https:\/\/rms-enlinea.com.ar\/tienda\/author\/"},"uagb_comment_info":0,"uagb_excerpt":"DESCRIPCIONPresentamos el Razer Seiren V3 Mini, un micr\u00f3fono USB ultracompacto que ahora ofrece a\u00fan m\u00e1s. Con una nueva funci\u00f3n de pulsaci\u00f3n para silenciar y personalizaci\u00f3n de audio avanzada, disfruta de una captura de voz con calidad de estudio con este compa\u00f1ero de tama\u00f1o reducido perfecto para jugar, hacer streaming y chatear. MICR\u00d3FONO CONDENSADOREquipado con una&hellip;","_links":{"self":[{"href":"https:\/\/rms-enlinea.com.ar\/tienda\/wp-json\/wp\/v2\/product\/11770","targetHints":{"allow":["GET"]}}],"collection":[{"href":"https:\/\/rms-enlinea.com.ar\/tienda\/wp-json\/wp\/v2\/product"}],"about":[{"href":"https:\/\/rms-enlinea.com.ar\/tienda\/wp-json\/wp\/v2\/types\/product"}],"replies":[{"embeddable":true,"href":"https:\/\/rms-enlinea.com.ar\/tienda\/wp-json\/wp\/v2\/comments?post=11770"}],"wp:featuredmedia":[{"embeddable":true,"href":"https:\/\/rms-enlinea.com.ar\/tienda\/wp-json\/wp\/v2\/media\/11763"}],"wp:attachment":[{"href":"https:\/\/rms-enlinea.com.ar\/tienda\/wp-json\/wp\/v2\/media?parent=11770"}],"wp:term":[{"taxonomy":"product_brand","embeddable":true,"href":"https:\/\/rms-enlinea.com.ar\/tienda\/wp-json\/wp\/v2\/product_brand?post=11770"},{"taxonomy":"product_cat","embeddable":true,"href":"https:\/\/rms-enlinea.com.ar\/tienda\/wp-json\/wp\/v2\/product_cat?post=11770"},{"taxonomy":"product_tag","embeddable":true,"href":"https:\/\/rms-enlinea.com.ar\/tienda\/wp-json\/wp\/v2\/product_tag?post=11770"}],"curies":[{"name":"wp","href":"https:\/\/api.w.org\/{rel}","templated":true}]}}