{"id":12023,"date":"2025-06-12T05:53:23","date_gmt":"2025-06-12T08:53:23","guid":{"rendered":"https:\/\/rms-enlinea.com.ar\/tienda\/producto\/pie-de-microfono-standard-con-boom-metalico-mxp-mic\/"},"modified":"2026-04-14T14:01:27","modified_gmt":"2026-04-14T17:01:27","slug":"pie-de-microfono-standard-con-boom-metalico-mxp-mic","status":"publish","type":"product","link":"https:\/\/rms-enlinea.com.ar\/tienda\/producto\/pie-de-microfono-standard-con-boom-metalico-mxp-mic\/","title":{"rendered":"Soporte De Micr\u00f3fono Met\u00e1lico Con Boom Plastico Mxp Mxp-mic"},"content":{"rendered":"<p>CARACTERISTICAS<br \/>-Patas plegables de ca\u00f1o cuadrado de 18 mm con regatones antideslizantes.<br \/>-Tubos de chapa telesc\u00f3picos de 2 mm de espesor.<br \/>-Base y cuerpo pintados con pintura en polvo negra, secada por temperatura.<br \/>-Torniller\u00eda autofrenante galvanizada.<br \/>-Altura: 72 cm m\u00ednimo y 115 cm m\u00e1ximo.<br \/>-Ca\u00f1a de 74 cm largo.<br \/>-Di\u00e1metro de apoyo 50 cm.<br \/>-Cuerpo principal en ca\u00f1o hueco de acero templado.<br \/>-Liviano, con funda MXP para su transporte.<\/p>\n","protected":false},"excerpt":{"rendered":"<p>CARACTERISTICAS-Patas plegables de ca\u00f1o cuadrado de 18 mm con regatones antideslizantes.-Tubos de chapa telesc\u00f3picos de 2 mm de espesor.-Base y cuerpo pintados con pintura en polvo negra, secada por temperatura.-Torniller\u00eda autofrenante galvanizada.-Altura: 72 cm m\u00ednimo y 115 cm m\u00e1ximo.-Ca\u00f1a de 74 cm largo.-Di\u00e1metro de apoyo 50 cm.-Cuerpo principal en ca\u00f1o hueco de acero templado.-Liviano, con [&hellip;]<\/p>\n","protected":false},"featured_media":12024,"comment_status":"open","ping_status":"closed","template":"","meta":{"_uag_custom_page_level_css":""},"product_brand":[],"product_cat":[77],"product_tag":[],"class_list":{"0":"post-12023","1":"product","2":"type-product","3":"status-publish","4":"has-post-thumbnail","6":"product_cat-pies-de-microfono-y-soportes","8":"first","9":"instock","10":"sale","11":"taxable","12":"shipping-taxable","13":"purchasable","14":"product-type-simple"},"uagb_featured_image_src":{"full":["https:\/\/rms-enlinea.com.ar\/wp-content\/uploads\/2025\/06\/D_756995-MLA78626184013_082024-F.jpg",458,976,false],"thumbnail":["https:\/\/rms-enlinea.com.ar\/wp-content\/uploads\/2025\/06\/D_756995-MLA78626184013_082024-F-150x150.jpg",150,150,true],"medium":["https:\/\/rms-enlinea.com.ar\/wp-content\/uploads\/2025\/06\/D_756995-MLA78626184013_082024-F-141x300.jpg",141,300,true],"medium_large":["https:\/\/rms-enlinea.com.ar\/wp-content\/uploads\/2025\/06\/D_756995-MLA78626184013_082024-F.jpg",458,976,false],"large":["https:\/\/rms-enlinea.com.ar\/wp-content\/uploads\/2025\/06\/D_756995-MLA78626184013_082024-F.jpg",458,976,false],"1536x1536":["https:\/\/rms-enlinea.com.ar\/wp-content\/uploads\/2025\/06\/D_756995-MLA78626184013_082024-F.jpg",458,976,false],"2048x2048":["https:\/\/rms-enlinea.com.ar\/wp-content\/uploads\/2025\/06\/D_756995-MLA78626184013_082024-F.jpg",458,976,false],"woocommerce_thumbnail":["https:\/\/rms-enlinea.com.ar\/wp-content\/uploads\/2025\/06\/D_756995-MLA78626184013_082024-F-450x450.jpg",450,450,true],"woocommerce_single":["https:\/\/rms-enlinea.com.ar\/wp-content\/uploads\/2025\/06\/D_756995-MLA78626184013_082024-F.jpg",458,976,false],"woocommerce_gallery_thumbnail":["https:\/\/rms-enlinea.com.ar\/wp-content\/uploads\/2025\/06\/D_756995-MLA78626184013_082024-F-100x100.jpg",100,100,true]},"uagb_author_info":{"display_name":"l0071054","author_link":"https:\/\/rms-enlinea.com.ar\/tienda\/author\/"},"uagb_comment_info":0,"uagb_excerpt":"CARACTERISTICAS-Patas plegables de ca\u00f1o cuadrado de 18 mm con regatones antideslizantes.-Tubos de chapa telesc\u00f3picos de 2 mm de espesor.-Base y cuerpo pintados con pintura en polvo negra, secada por temperatura.-Torniller\u00eda autofrenante galvanizada.-Altura: 72 cm m\u00ednimo y 115 cm m\u00e1ximo.-Ca\u00f1a de 74 cm largo.-Di\u00e1metro de apoyo 50 cm.-Cuerpo principal en ca\u00f1o hueco de acero templado.-Liviano, con&hellip;","_links":{"self":[{"href":"https:\/\/rms-enlinea.com.ar\/tienda\/wp-json\/wp\/v2\/product\/12023","targetHints":{"allow":["GET"]}}],"collection":[{"href":"https:\/\/rms-enlinea.com.ar\/tienda\/wp-json\/wp\/v2\/product"}],"about":[{"href":"https:\/\/rms-enlinea.com.ar\/tienda\/wp-json\/wp\/v2\/types\/product"}],"replies":[{"embeddable":true,"href":"https:\/\/rms-enlinea.com.ar\/tienda\/wp-json\/wp\/v2\/comments?post=12023"}],"wp:featuredmedia":[{"embeddable":true,"href":"https:\/\/rms-enlinea.com.ar\/tienda\/wp-json\/wp\/v2\/media\/12024"}],"wp:attachment":[{"href":"https:\/\/rms-enlinea.com.ar\/tienda\/wp-json\/wp\/v2\/media?parent=12023"}],"wp:term":[{"taxonomy":"product_brand","embeddable":true,"href":"https:\/\/rms-enlinea.com.ar\/tienda\/wp-json\/wp\/v2\/product_brand?post=12023"},{"taxonomy":"product_cat","embeddable":true,"href":"https:\/\/rms-enlinea.com.ar\/tienda\/wp-json\/wp\/v2\/product_cat?post=12023"},{"taxonomy":"product_tag","embeddable":true,"href":"https:\/\/rms-enlinea.com.ar\/tienda\/wp-json\/wp\/v2\/product_tag?post=12023"}],"curies":[{"name":"wp","href":"https:\/\/api.w.org\/{rel}","templated":true}]}}